{"id":10153,"date":"2026-01-22T16:06:13","date_gmt":"2026-01-22T16:06:13","guid":{"rendered":"https:\/\/www.arnold-robot.com\/?page_id=10153"},"modified":"2026-03-04T06:04:21","modified_gmt":"2026-03-04T06:04:21","slug":"konzultace","status":"publish","type":"page","link":"https:\/\/www.arnold-robot.com\/cs\/konzultace\/","title":{"rendered":"Online konzultace"},"content":{"rendered":"\t\t<div data-elementor-type=\"wp-page\" data-elementor-id=\"10153\" class=\"elementor elementor-10153\" data-elementor-post-type=\"page\">\n\t\t\t\t\t\t<section class=\"elementor-section elementor-top-section elementor-element elementor-element-a2e6b67 elementor-section-full_width elementor-section-height-default elementor-section-height-default\" data-id=\"a2e6b67\" data-element_type=\"section\" data-e-type=\"section\">\n\t\t\t\t\t\t<div class=\"elementor-container elementor-column-gap-no\">\n\t\t\t\t\t<div class=\"elementor-column elementor-col-100 elementor-top-column elementor-element elementor-element-c552925\" data-id=\"c552925\" data-element_type=\"column\" data-e-type=\"column\">\n\t\t\t<div class=\"elementor-widget-wrap elementor-element-populated\">\n\t\t\t\t\t\t<div class=\"elementor-element elementor-element-92eca44 elementor-widget elementor-widget-html\" data-id=\"92eca44\" data-element_type=\"widget\" data-e-type=\"widget\" data-widget_type=\"html.default\">\n\t\t\t\t<div class=\"elementor-widget-container\">\n\t\t\t\t\t<script>\r\n    (function () {\r\n      const link = document.createElement('link');\r\n      link.rel = 'stylesheet';\r\n      link.href = '\/static\/calc\/css\/main.min.css';\r\n      link.type = 'text\/css';\r\n    \r\n      document.head.appendChild(link);\r\n    })();\r\n<\/script>\t\t\t\t<\/div>\n\t\t\t\t<\/div>\n\t\t\t\t<div class=\"elementor-element elementor-element-a408bb8 elementor-widget elementor-widget-html\" data-id=\"a408bb8\" data-element_type=\"widget\" data-e-type=\"widget\" data-widget_type=\"html.default\">\n\t\t\t\t<div class=\"elementor-widget-container\">\n\t\t\t\t\t<div id=\"custom-page\" class=\"page-free-trial\">\r\n  <div class=\"min-h-screen bg-brand-primary-radial text-white\">\r\n  \r\n    <div class=\"section pb-0\">\r\n      <div class=\"container container--sm\">\r\n        <div class=\"md:pt-12 text-center\">\r\n          <h1 class=\"heading-lg md:text-[2.5rem] mb-10 text-white\"><strong class=\"font-bold\">Demo p\u0159edstaven\u00ed<\/strong>\r\n            <br class=\"md:block\">\r\n            s\u00a0na\u0161imi konzultanty<\/h1>\r\n          \r\n          <div class=\"text-md\">\r\n            <p>Rezervujte si online sch\u016fzku a uk\u00e1\u017eeme v\u00e1m, jak pr\u016fzkumy od Arnolda funguj\u00ed a porad\u00edme, jak je efektivn\u011b vyu\u017e\u00edt ve va\u0161\u00ed firm\u011b.<\/p>\r\n          <\/div>\r\n        <\/div>\r\n      <\/div>\r\n    <\/div>\r\n        \r\n    <hr hidden>\r\n    \r\n    <div class=\"section\">\r\n      <div class=\"container\">\r\n        \r\n        <!-- Calendly inline widget begin -->\r\n        <div class=\"calendly-inline-widget\" data-url=\"https:\/\/calendly.com\/michalmusil\/productdemocz?primary_color=04b7ef\"><\/div>\r\n        <script type=\"text\/javascript\" src=\"https:\/\/assets.calendly.com\/assets\/external\/widget.js\" async><\/script>\r\n        <!-- Calendly inline widget end -->\r\n        \r\n      <\/div>\r\n    <\/div>\r\n    \r\n    <hr class=\"hidden\">\r\n    \r\n    <div class=\"section\">\r\n      <div class=\"container\">\r\n        <div class=\"relative flex flex-col items-center gap-6\">\r\n          <!--\r\n          <p class=\"text-center\">V\u00edce informac\u00ed o Arnoldovi na <a href=\"https:\/\/www.arnold-robot.com\/cs\/\" class=\"font-bold text-white\">www.arnold-robot.com<\/a>.<\/p>\r\n          -->\r\n          <div class=\"md:absolute md:left-0 lg:left-10 md:top-[-2px]\">\r\n            <img decoding=\"async\" src=\"https:\/\/www.arnold-robot.com\/static\/calc\/img\/arnold-logo-white.svg\" alt=\"\" width=\"160\">\r\n          <\/div>\r\n        <\/div>\r\n      <\/div>\r\n    <\/div>\r\n\r\n  <\/div>\r\n<\/div>\t\t\t\t<\/div>\n\t\t\t\t<\/div>\n\t\t\t\t\t<\/div>\n\t\t<\/div>\n\t\t\t\t\t<\/div>\n\t\t<\/section>\n\t\t\t\t<\/div>\n\t\t","protected":false},"excerpt":{"rendered":"<p>Demo p\u0159edstaven\u00ed s\u00a0na\u0161imi konzultanty Rezervujte si online sch\u016fzku a uk\u00e1\u017eeme v\u00e1m, jak pr\u016fzkumy od Arnolda funguj\u00ed a porad\u00edme, jak je efektivn\u011b vyu\u017e\u00edt ve va\u0161\u00ed firm\u011b.<\/p>\n","protected":false},"author":17,"featured_media":0,"parent":0,"menu_order":0,"comment_status":"closed","ping_status":"closed","template":"elementor_header_footer","meta":{"inline_featured_image":false,"footnotes":""},"class_list":["post-10153","page","type-page","status-publish","hentry"],"yoast_head":"<!-- This site is optimized with the Yoast SEO plugin v27.5 - https:\/\/yoast.com\/product\/yoast-seo-wordpress\/ -->\n<title>Online konzultace - Arnold Robot<\/title>\n<meta name=\"description\" content=\"Demo p\u0159edstaven\u00ed s\u00a0na\u0161imi konzultanty Rezervujte si online sch\u016fzku a uk\u00e1\u017eeme v\u00e1m, jak pr\u016fzkumy od Arnolda funguj\u00ed a porad\u00edme, jak je efektivn\u011b vyu\u017e\u00edt ve\" \/>\n<meta name=\"robots\" content=\"index, follow, max-snippet:-1, max-image-preview:large, max-video-preview:-1\" \/>\n<link rel=\"canonical\" href=\"https:\/\/www.arnold-robot.com\/cs\/konzultace\/\" \/>\n<meta property=\"og:locale\" content=\"cs_CZ\" \/>\n<meta property=\"og:type\" content=\"article\" \/>\n<meta property=\"og:title\" content=\"Online konzultace - Arnold Robot\" \/>\n<meta property=\"og:description\" content=\"Demo p\u0159edstaven\u00ed s\u00a0na\u0161imi konzultanty Rezervujte si online sch\u016fzku a uk\u00e1\u017eeme v\u00e1m, jak pr\u016fzkumy od Arnolda funguj\u00ed a porad\u00edme, jak je efektivn\u011b vyu\u017e\u00edt ve\" \/>\n<meta property=\"og:url\" content=\"https:\/\/www.arnold-robot.com\/cs\/konzultace\/\" \/>\n<meta property=\"og:site_name\" content=\"Arnold Robot\" \/>\n<meta property=\"article:publisher\" content=\"https:\/\/www.facebook.com\/Arnold-Robot-411681249444594\/\" \/>\n<meta property=\"article:modified_time\" content=\"2026-03-04T06:04:21+00:00\" \/>\n<meta property=\"og:image\" content=\"https:\/\/www.arnold-robot.com\/static\/calc\/img\/arnold-logo-white.svg\" \/>\n<meta name=\"twitter:card\" content=\"summary_large_image\" \/>\n<meta name=\"twitter:label1\" content=\"Odhadovan\u00e1 doba \u010dten\u00ed\" \/>\n\t<meta name=\"twitter:data1\" content=\"1 minuta\" \/>\n<script type=\"application\/ld+json\" class=\"yoast-schema-graph\">{\"@context\":\"https:\\\/\\\/schema.org\",\"@graph\":[{\"@type\":\"WebPage\",\"@id\":\"https:\\\/\\\/www.arnold-robot.com\\\/cs\\\/konzultace\\\/\",\"url\":\"https:\\\/\\\/www.arnold-robot.com\\\/cs\\\/konzultace\\\/\",\"name\":\"Online konzultace - Arnold Robot\",\"isPartOf\":{\"@id\":\"https:\\\/\\\/www.arnold-robot.com\\\/cs\\\/#website\"},\"primaryImageOfPage\":{\"@id\":\"https:\\\/\\\/www.arnold-robot.com\\\/cs\\\/konzultace\\\/#primaryimage\"},\"image\":{\"@id\":\"https:\\\/\\\/www.arnold-robot.com\\\/cs\\\/konzultace\\\/#primaryimage\"},\"thumbnailUrl\":\"https:\\\/\\\/www.arnold-robot.com\\\/static\\\/calc\\\/img\\\/arnold-logo-white.svg\",\"datePublished\":\"2026-01-22T16:06:13+00:00\",\"dateModified\":\"2026-03-04T06:04:21+00:00\",\"description\":\"Demo p\u0159edstaven\u00ed s\u00a0na\u0161imi konzultanty Rezervujte si online sch\u016fzku a uk\u00e1\u017eeme v\u00e1m, jak pr\u016fzkumy od Arnolda funguj\u00ed a porad\u00edme, jak je efektivn\u011b vyu\u017e\u00edt ve\",\"breadcrumb\":{\"@id\":\"https:\\\/\\\/www.arnold-robot.com\\\/cs\\\/konzultace\\\/#breadcrumb\"},\"inLanguage\":\"cs\",\"potentialAction\":[{\"@type\":\"ReadAction\",\"target\":[\"https:\\\/\\\/www.arnold-robot.com\\\/cs\\\/konzultace\\\/\"]}]},{\"@type\":\"ImageObject\",\"inLanguage\":\"cs\",\"@id\":\"https:\\\/\\\/www.arnold-robot.com\\\/cs\\\/konzultace\\\/#primaryimage\",\"url\":\"https:\\\/\\\/www.arnold-robot.com\\\/static\\\/calc\\\/img\\\/arnold-logo-white.svg\",\"contentUrl\":\"https:\\\/\\\/www.arnold-robot.com\\\/static\\\/calc\\\/img\\\/arnold-logo-white.svg\"},{\"@type\":\"BreadcrumbList\",\"@id\":\"https:\\\/\\\/www.arnold-robot.com\\\/cs\\\/konzultace\\\/#breadcrumb\",\"itemListElement\":[{\"@type\":\"ListItem\",\"position\":1,\"name\":\"Home\",\"item\":\"https:\\\/\\\/www.arnold-robot.com\\\/cs\\\/\"},{\"@type\":\"ListItem\",\"position\":2,\"name\":\"Online konzultace\"}]},{\"@type\":\"WebSite\",\"@id\":\"https:\\\/\\\/www.arnold-robot.com\\\/cs\\\/#website\",\"url\":\"https:\\\/\\\/www.arnold-robot.com\\\/cs\\\/\",\"name\":\"Arnold Robot\",\"description\":\"Employee surveys in a way you haven\u2019t seen before\",\"publisher\":{\"@id\":\"https:\\\/\\\/www.arnold-robot.com\\\/cs\\\/#organization\"},\"potentialAction\":[{\"@type\":\"SearchAction\",\"target\":{\"@type\":\"EntryPoint\",\"urlTemplate\":\"https:\\\/\\\/www.arnold-robot.com\\\/cs\\\/?s={search_term_string}\"},\"query-input\":{\"@type\":\"PropertyValueSpecification\",\"valueRequired\":true,\"valueName\":\"search_term_string\"}}],\"inLanguage\":\"cs\"},{\"@type\":\"Organization\",\"@id\":\"https:\\\/\\\/www.arnold-robot.com\\\/cs\\\/#organization\",\"name\":\"Arnold Robot\",\"url\":\"https:\\\/\\\/www.arnold-robot.com\\\/cs\\\/\",\"logo\":{\"@type\":\"ImageObject\",\"inLanguage\":\"cs\",\"@id\":\"https:\\\/\\\/www.arnold-robot.com\\\/cs\\\/#\\\/schema\\\/logo\\\/image\\\/\",\"url\":\"https:\\\/\\\/www.arnold-robot.com\\\/wp-content\\\/uploads\\\/2019\\\/10\\\/arnold_logo_A.png\",\"contentUrl\":\"https:\\\/\\\/www.arnold-robot.com\\\/wp-content\\\/uploads\\\/2019\\\/10\\\/arnold_logo_A.png\",\"width\":1808,\"height\":906,\"caption\":\"Arnold Robot\"},\"image\":{\"@id\":\"https:\\\/\\\/www.arnold-robot.com\\\/cs\\\/#\\\/schema\\\/logo\\\/image\\\/\"},\"sameAs\":[\"https:\\\/\\\/www.facebook.com\\\/Arnold-Robot-411681249444594\\\/\",\"https:\\\/\\\/www.linkedin.com\\\/company\\\/arnold-robot\\\/\"]}]}<\/script>\n<!-- \/ Yoast SEO plugin. -->","yoast_head_json":{"title":"Online konzultace - Arnold Robot","description":"Demo p\u0159edstaven\u00ed s\u00a0na\u0161imi konzultanty Rezervujte si online sch\u016fzku a uk\u00e1\u017eeme v\u00e1m, jak pr\u016fzkumy od Arnolda funguj\u00ed a porad\u00edme, jak je efektivn\u011b vyu\u017e\u00edt ve","robots":{"index":"index","follow":"follow","max-snippet":"max-snippet:-1","max-image-preview":"max-image-preview:large","max-video-preview":"max-video-preview:-1"},"canonical":"https:\/\/www.arnold-robot.com\/cs\/konzultace\/","og_locale":"cs_CZ","og_type":"article","og_title":"Online konzultace - Arnold Robot","og_description":"Demo p\u0159edstaven\u00ed s\u00a0na\u0161imi konzultanty Rezervujte si online sch\u016fzku a uk\u00e1\u017eeme v\u00e1m, jak pr\u016fzkumy od Arnolda funguj\u00ed a porad\u00edme, jak je efektivn\u011b vyu\u017e\u00edt ve","og_url":"https:\/\/www.arnold-robot.com\/cs\/konzultace\/","og_site_name":"Arnold Robot","article_publisher":"https:\/\/www.facebook.com\/Arnold-Robot-411681249444594\/","article_modified_time":"2026-03-04T06:04:21+00:00","og_image":[{"url":"https:\/\/www.arnold-robot.com\/static\/calc\/img\/arnold-logo-white.svg","type":"","width":"","height":""}],"twitter_card":"summary_large_image","twitter_misc":{"Odhadovan\u00e1 doba \u010dten\u00ed":"1 minuta"},"schema":{"@context":"https:\/\/schema.org","@graph":[{"@type":"WebPage","@id":"https:\/\/www.arnold-robot.com\/cs\/konzultace\/","url":"https:\/\/www.arnold-robot.com\/cs\/konzultace\/","name":"Online konzultace - Arnold Robot","isPartOf":{"@id":"https:\/\/www.arnold-robot.com\/cs\/#website"},"primaryImageOfPage":{"@id":"https:\/\/www.arnold-robot.com\/cs\/konzultace\/#primaryimage"},"image":{"@id":"https:\/\/www.arnold-robot.com\/cs\/konzultace\/#primaryimage"},"thumbnailUrl":"https:\/\/www.arnold-robot.com\/static\/calc\/img\/arnold-logo-white.svg","datePublished":"2026-01-22T16:06:13+00:00","dateModified":"2026-03-04T06:04:21+00:00","description":"Demo p\u0159edstaven\u00ed s\u00a0na\u0161imi konzultanty Rezervujte si online sch\u016fzku a uk\u00e1\u017eeme v\u00e1m, jak pr\u016fzkumy od Arnolda funguj\u00ed a porad\u00edme, jak je efektivn\u011b vyu\u017e\u00edt ve","breadcrumb":{"@id":"https:\/\/www.arnold-robot.com\/cs\/konzultace\/#breadcrumb"},"inLanguage":"cs","potentialAction":[{"@type":"ReadAction","target":["https:\/\/www.arnold-robot.com\/cs\/konzultace\/"]}]},{"@type":"ImageObject","inLanguage":"cs","@id":"https:\/\/www.arnold-robot.com\/cs\/konzultace\/#primaryimage","url":"https:\/\/www.arnold-robot.com\/static\/calc\/img\/arnold-logo-white.svg","contentUrl":"https:\/\/www.arnold-robot.com\/static\/calc\/img\/arnold-logo-white.svg"},{"@type":"BreadcrumbList","@id":"https:\/\/www.arnold-robot.com\/cs\/konzultace\/#breadcrumb","itemListElement":[{"@type":"ListItem","position":1,"name":"Home","item":"https:\/\/www.arnold-robot.com\/cs\/"},{"@type":"ListItem","position":2,"name":"Online konzultace"}]},{"@type":"WebSite","@id":"https:\/\/www.arnold-robot.com\/cs\/#website","url":"https:\/\/www.arnold-robot.com\/cs\/","name":"Arnold Robot","description":"Employee surveys in a way you haven\u2019t seen before","publisher":{"@id":"https:\/\/www.arnold-robot.com\/cs\/#organization"},"potentialAction":[{"@type":"SearchAction","target":{"@type":"EntryPoint","urlTemplate":"https:\/\/www.arnold-robot.com\/cs\/?s={search_term_string}"},"query-input":{"@type":"PropertyValueSpecification","valueRequired":true,"valueName":"search_term_string"}}],"inLanguage":"cs"},{"@type":"Organization","@id":"https:\/\/www.arnold-robot.com\/cs\/#organization","name":"Arnold Robot","url":"https:\/\/www.arnold-robot.com\/cs\/","logo":{"@type":"ImageObject","inLanguage":"cs","@id":"https:\/\/www.arnold-robot.com\/cs\/#\/schema\/logo\/image\/","url":"https:\/\/www.arnold-robot.com\/wp-content\/uploads\/2019\/10\/arnold_logo_A.png","contentUrl":"https:\/\/www.arnold-robot.com\/wp-content\/uploads\/2019\/10\/arnold_logo_A.png","width":1808,"height":906,"caption":"Arnold Robot"},"image":{"@id":"https:\/\/www.arnold-robot.com\/cs\/#\/schema\/logo\/image\/"},"sameAs":["https:\/\/www.facebook.com\/Arnold-Robot-411681249444594\/","https:\/\/www.linkedin.com\/company\/arnold-robot\/"]}]}},"_links":{"self":[{"href":"https:\/\/www.arnold-robot.com\/cs\/wp-json\/wp\/v2\/pages\/10153","targetHints":{"allow":["GET"]}}],"collection":[{"href":"https:\/\/www.arnold-robot.com\/cs\/wp-json\/wp\/v2\/pages"}],"about":[{"href":"https:\/\/www.arnold-robot.com\/cs\/wp-json\/wp\/v2\/types\/page"}],"author":[{"embeddable":true,"href":"https:\/\/www.arnold-robot.com\/cs\/wp-json\/wp\/v2\/users\/17"}],"replies":[{"embeddable":true,"href":"https:\/\/www.arnold-robot.com\/cs\/wp-json\/wp\/v2\/comments?post=10153"}],"version-history":[{"count":16,"href":"https:\/\/www.arnold-robot.com\/cs\/wp-json\/wp\/v2\/pages\/10153\/revisions"}],"predecessor-version":[{"id":10462,"href":"https:\/\/www.arnold-robot.com\/cs\/wp-json\/wp\/v2\/pages\/10153\/revisions\/10462"}],"wp:attachment":[{"href":"https:\/\/www.arnold-robot.com\/cs\/wp-json\/wp\/v2\/media?parent=10153"}],"curies":[{"name":"wp","href":"https:\/\/api.w.org\/{rel}","templated":true}]}}