{"id":2651,"date":"2020-08-18T10:10:48","date_gmt":"2020-08-18T10:10:48","guid":{"rendered":"https:\/\/arnold-robot.eu\/kontakty-2\/"},"modified":"2025-10-17T08:11:53","modified_gmt":"2025-10-17T08:11:53","slug":"kontakty","status":"publish","type":"page","link":"https:\/\/www.arnold-robot.com\/cs\/kontakty\/","title":{"rendered":"Kontakty"},"content":{"rendered":"\t\t<div data-elementor-type=\"wp-page\" data-elementor-id=\"2651\" class=\"elementor elementor-2651 elementor-2647\" data-elementor-post-type=\"page\">\n\t\t\t\t\t\t<section class=\"elementor-section elementor-top-section elementor-element elementor-element-1f150283 elementor-section-boxed elementor-section-height-default elementor-section-height-default\" data-id=\"1f150283\" data-element_type=\"section\" data-e-type=\"section\">\n\t\t\t\t\t\t<div class=\"elementor-container elementor-column-gap-default\">\n\t\t\t\t\t<div class=\"elementor-column elementor-col-100 elementor-top-column elementor-element elementor-element-5103bf47\" data-id=\"5103bf47\" data-element_type=\"column\" data-e-type=\"column\">\n\t\t\t<div class=\"elementor-widget-wrap elementor-element-populated\">\n\t\t\t\t\t\t<div class=\"elementor-element elementor-element-7292d70d elementor-widget elementor-widget-heading\" data-id=\"7292d70d\" data-element_type=\"widget\" data-e-type=\"widget\" data-widget_type=\"heading.default\">\n\t\t\t\t<div class=\"elementor-widget-container\">\n\t\t\t\t\t<h1 class=\"elementor-heading-title elementor-size-default\">Kontakty<\/h1>\t\t\t\t<\/div>\n\t\t\t\t<\/div>\n\t\t\t\t\t<\/div>\n\t\t<\/div>\n\t\t\t\t\t<\/div>\n\t\t<\/section>\n\t\t\t\t<section class=\"elementor-section elementor-top-section elementor-element elementor-element-1fcc4c1d elementor-section-boxed elementor-section-height-default elementor-section-height-default\" data-id=\"1fcc4c1d\" data-element_type=\"section\" data-e-type=\"section\">\n\t\t\t\t\t\t<div class=\"elementor-container elementor-column-gap-default\">\n\t\t\t\t\t<div class=\"elementor-column elementor-col-100 elementor-top-column elementor-element elementor-element-5fef3319\" data-id=\"5fef3319\" data-element_type=\"column\" data-e-type=\"column\">\n\t\t\t<div class=\"elementor-widget-wrap elementor-element-populated\">\n\t\t\t\t\t\t<section class=\"elementor-section elementor-inner-section elementor-element elementor-element-172d2d15 elementor-section-boxed elementor-section-height-default elementor-section-height-default\" data-id=\"172d2d15\" data-element_type=\"section\" data-e-type=\"section\">\n\t\t\t\t\t\t<div class=\"elementor-container elementor-column-gap-default\">\n\t\t\t\t\t<div class=\"elementor-column elementor-col-50 elementor-inner-column elementor-element elementor-element-8827d0a\" data-id=\"8827d0a\" data-element_type=\"column\" data-e-type=\"column\">\n\t\t\t<div class=\"elementor-widget-wrap elementor-element-populated\">\n\t\t\t\t\t\t<div class=\"elementor-element elementor-element-1d6f493a elementor-widget elementor-widget-heading\" data-id=\"1d6f493a\" data-element_type=\"widget\" data-e-type=\"widget\" data-widget_type=\"heading.default\">\n\t\t\t\t<div class=\"elementor-widget-container\">\n\t\t\t\t\t<p class=\"elementor-heading-title elementor-size-default\">Zaujal v\u00e1s Arnold?\u200b<\/p>\t\t\t\t<\/div>\n\t\t\t\t<\/div>\n\t\t\t\t<div class=\"elementor-element elementor-element-15cafacd elementor-widget elementor-widget-text-editor\" data-id=\"15cafacd\" data-element_type=\"widget\" data-e-type=\"widget\" data-widget_type=\"text-editor.default\">\n\t\t\t\t<div class=\"elementor-widget-container\">\n\t\t\t\t\t\t\t\t\t<p>Pokud si chcete Arnolda vyzkou\u0161et, zakoupit licenci nebo se spojit s lok\u00e1ln\u00edm distributorem, dejte n\u00e1m v\u011bd\u011bt:<\/p><ul><li>pi\u0161te na: <a href=\"mailto:michal@arnold-robot.eu\">michal.musil@almacareer.com<\/a><\/li><li>volejte na: <a href=\"http:\/\/+420 732 365 744\" data-wplink-url-error=\"true\">+420 732 365 744<\/a><\/li><\/ul>\t\t\t\t\t\t\t\t<\/div>\n\t\t\t\t<\/div>\n\t\t\t\t\t<\/div>\n\t\t<\/div>\n\t\t\t\t<div class=\"elementor-column elementor-col-50 elementor-inner-column elementor-element elementor-element-11db883\" data-id=\"11db883\" data-element_type=\"column\" data-e-type=\"column\">\n\t\t\t<div class=\"elementor-widget-wrap elementor-element-populated\">\n\t\t\t\t\t\t<div class=\"elementor-element elementor-element-5559b421 elementor-widget elementor-widget-heading\" data-id=\"5559b421\" data-element_type=\"widget\" data-e-type=\"widget\" data-widget_type=\"heading.default\">\n\t\t\t\t<div class=\"elementor-widget-container\">\n\t\t\t\t\t<p class=\"elementor-heading-title elementor-size-default\">U\u017e Arnolda pou\u017e\u00edv\u00e1te?\u200b<\/p>\t\t\t\t<\/div>\n\t\t\t\t<\/div>\n\t\t\t\t<div class=\"elementor-element elementor-element-6bbe6e77 elementor-widget elementor-widget-text-editor\" data-id=\"6bbe6e77\" data-element_type=\"widget\" data-e-type=\"widget\" data-widget_type=\"text-editor.default\">\n\t\t\t\t<div class=\"elementor-widget-container\">\n\t\t\t\t\t\t\t\t\t<p>Na t\u011bchto kontaktech v\u00e1m poskytneme podporu:<\/p>\n<ul>\n<li>pi\u0161te na: <a href=\"mailto:help.me@arnold-robot.com\">help.me@arnold-robot.com<\/a><\/li>\n<li>volejte na: <a href=\"tel:00420210013000\">+420 210 013 000<\/a><\/li>\n<\/ul>\n\t\t\t\t\t\t\t\t<\/div>\n\t\t\t\t<\/div>\n\t\t\t\t\t<\/div>\n\t\t<\/div>\n\t\t\t\t\t<\/div>\n\t\t<\/section>\n\t\t\t\t\t<\/div>\n\t\t<\/div>\n\t\t\t\t\t<\/div>\n\t\t<\/section>\n\t\t\t\t<\/div>\n\t\t","protected":false},"excerpt":{"rendered":"<p>Kontakty Zaujal v\u00e1s Arnold?\u200b Pokud si chcete Arnolda vyzkou\u0161et, zakoupit licenci nebo se spojit s lok\u00e1ln\u00edm distributorem, dejte n\u00e1m v\u011bd\u011bt: pi\u0161te na: michal.musil@almacareer.com volejte na: +420 732 365 744 U\u017e Arnolda pou\u017e\u00edv\u00e1te?\u200b Na t\u011bchto kontaktech v\u00e1m poskytneme podporu: pi\u0161te na: help.me@arnold-robot.com volejte na: +420 210 013 000<\/p>\n","protected":false},"author":2,"featured_media":0,"parent":0,"menu_order":0,"comment_status":"closed","ping_status":"closed","template":"elementor_header_footer","meta":{"inline_featured_image":false,"footnotes":""},"class_list":["post-2651","page","type-page","status-publish","hentry"],"yoast_head":"<!-- This site is optimized with the Yoast SEO plugin v27.4 - https:\/\/yoast.com\/product\/yoast-seo-wordpress\/ -->\n<title>Kontakty - Arnold Robot<\/title>\n<meta name=\"description\" content=\"Kontakty Zaujal v\u00e1s Arnold?\u200b Pokud si chcete Arnolda vyzkou\u0161et, zakoupit licenci nebo se spojit s lok\u00e1ln\u00edm distributorem, dejte n\u00e1m v\u011bd\u011bt:pi\u0161te na:\" \/>\n<meta name=\"robots\" content=\"index, follow, max-snippet:-1, max-image-preview:large, max-video-preview:-1\" \/>\n<link rel=\"canonical\" href=\"https:\/\/www.arnold-robot.com\/cs\/kontakty\/\" \/>\n<meta property=\"og:locale\" content=\"cs_CZ\" \/>\n<meta property=\"og:type\" content=\"article\" \/>\n<meta property=\"og:title\" content=\"Kontakty - Arnold Robot\" \/>\n<meta property=\"og:description\" content=\"Kontakty Zaujal v\u00e1s Arnold?\u200b Pokud si chcete Arnolda vyzkou\u0161et, zakoupit licenci nebo se spojit s lok\u00e1ln\u00edm distributorem, dejte n\u00e1m v\u011bd\u011bt:pi\u0161te na:\" \/>\n<meta property=\"og:url\" content=\"https:\/\/www.arnold-robot.com\/cs\/kontakty\/\" \/>\n<meta property=\"og:site_name\" content=\"Arnold Robot\" \/>\n<meta property=\"article:publisher\" content=\"https:\/\/www.facebook.com\/Arnold-Robot-411681249444594\/\" \/>\n<meta property=\"article:modified_time\" content=\"2025-10-17T08:11:53+00:00\" \/>\n<meta property=\"og:image\" content=\"https:\/\/www.arnold-robot.com\/wp-content\/uploads\/2020\/10\/ShareTag-EN.jpg\" \/>\n\t<meta property=\"og:image:width\" content=\"1200\" \/>\n\t<meta property=\"og:image:height\" content=\"628\" \/>\n\t<meta property=\"og:image:type\" content=\"image\/jpeg\" \/>\n<meta name=\"twitter:card\" content=\"summary_large_image\" \/>\n<meta name=\"twitter:label1\" content=\"Odhadovan\u00e1 doba \u010dten\u00ed\" \/>\n\t<meta name=\"twitter:data1\" content=\"1 minuta\" \/>\n<script type=\"application\/ld+json\" class=\"yoast-schema-graph\">{\"@context\":\"https:\\\/\\\/schema.org\",\"@graph\":[{\"@type\":\"WebPage\",\"@id\":\"https:\\\/\\\/www.arnold-robot.com\\\/cs\\\/kontakty\\\/\",\"url\":\"https:\\\/\\\/www.arnold-robot.com\\\/cs\\\/kontakty\\\/\",\"name\":\"Kontakty - Arnold Robot\",\"isPartOf\":{\"@id\":\"https:\\\/\\\/www.arnold-robot.com\\\/cs\\\/#website\"},\"datePublished\":\"2020-08-18T10:10:48+00:00\",\"dateModified\":\"2025-10-17T08:11:53+00:00\",\"description\":\"Kontakty Zaujal v\u00e1s Arnold?\u200b Pokud si chcete Arnolda vyzkou\u0161et, zakoupit licenci nebo se spojit s lok\u00e1ln\u00edm distributorem, dejte n\u00e1m v\u011bd\u011bt:pi\u0161te na:\",\"breadcrumb\":{\"@id\":\"https:\\\/\\\/www.arnold-robot.com\\\/cs\\\/kontakty\\\/#breadcrumb\"},\"inLanguage\":\"cs\",\"potentialAction\":[{\"@type\":\"ReadAction\",\"target\":[\"https:\\\/\\\/www.arnold-robot.com\\\/cs\\\/kontakty\\\/\"]}]},{\"@type\":\"BreadcrumbList\",\"@id\":\"https:\\\/\\\/www.arnold-robot.com\\\/cs\\\/kontakty\\\/#breadcrumb\",\"itemListElement\":[{\"@type\":\"ListItem\",\"position\":1,\"name\":\"Home\",\"item\":\"https:\\\/\\\/www.arnold-robot.com\\\/cs\\\/\"},{\"@type\":\"ListItem\",\"position\":2,\"name\":\"Kontakty\"}]},{\"@type\":\"WebSite\",\"@id\":\"https:\\\/\\\/www.arnold-robot.com\\\/cs\\\/#website\",\"url\":\"https:\\\/\\\/www.arnold-robot.com\\\/cs\\\/\",\"name\":\"Arnold Robot\",\"description\":\"Employee surveys in a way you haven\u2019t seen before\",\"publisher\":{\"@id\":\"https:\\\/\\\/www.arnold-robot.com\\\/cs\\\/#organization\"},\"potentialAction\":[{\"@type\":\"SearchAction\",\"target\":{\"@type\":\"EntryPoint\",\"urlTemplate\":\"https:\\\/\\\/www.arnold-robot.com\\\/cs\\\/?s={search_term_string}\"},\"query-input\":{\"@type\":\"PropertyValueSpecification\",\"valueRequired\":true,\"valueName\":\"search_term_string\"}}],\"inLanguage\":\"cs\"},{\"@type\":\"Organization\",\"@id\":\"https:\\\/\\\/www.arnold-robot.com\\\/cs\\\/#organization\",\"name\":\"Arnold Robot\",\"url\":\"https:\\\/\\\/www.arnold-robot.com\\\/cs\\\/\",\"logo\":{\"@type\":\"ImageObject\",\"inLanguage\":\"cs\",\"@id\":\"https:\\\/\\\/www.arnold-robot.com\\\/cs\\\/#\\\/schema\\\/logo\\\/image\\\/\",\"url\":\"https:\\\/\\\/www.arnold-robot.com\\\/wp-content\\\/uploads\\\/2019\\\/10\\\/arnold_logo_A.png\",\"contentUrl\":\"https:\\\/\\\/www.arnold-robot.com\\\/wp-content\\\/uploads\\\/2019\\\/10\\\/arnold_logo_A.png\",\"width\":1808,\"height\":906,\"caption\":\"Arnold Robot\"},\"image\":{\"@id\":\"https:\\\/\\\/www.arnold-robot.com\\\/cs\\\/#\\\/schema\\\/logo\\\/image\\\/\"},\"sameAs\":[\"https:\\\/\\\/www.facebook.com\\\/Arnold-Robot-411681249444594\\\/\",\"https:\\\/\\\/www.linkedin.com\\\/company\\\/arnold-robot\\\/\"]}]}<\/script>\n<!-- \/ Yoast SEO plugin. -->","yoast_head_json":{"title":"Kontakty - Arnold Robot","description":"Kontakty Zaujal v\u00e1s Arnold?\u200b Pokud si chcete Arnolda vyzkou\u0161et, zakoupit licenci nebo se spojit s lok\u00e1ln\u00edm distributorem, dejte n\u00e1m v\u011bd\u011bt:pi\u0161te na:","robots":{"index":"index","follow":"follow","max-snippet":"max-snippet:-1","max-image-preview":"max-image-preview:large","max-video-preview":"max-video-preview:-1"},"canonical":"https:\/\/www.arnold-robot.com\/cs\/kontakty\/","og_locale":"cs_CZ","og_type":"article","og_title":"Kontakty - Arnold Robot","og_description":"Kontakty Zaujal v\u00e1s Arnold?\u200b Pokud si chcete Arnolda vyzkou\u0161et, zakoupit licenci nebo se spojit s lok\u00e1ln\u00edm distributorem, dejte n\u00e1m v\u011bd\u011bt:pi\u0161te na:","og_url":"https:\/\/www.arnold-robot.com\/cs\/kontakty\/","og_site_name":"Arnold Robot","article_publisher":"https:\/\/www.facebook.com\/Arnold-Robot-411681249444594\/","article_modified_time":"2025-10-17T08:11:53+00:00","og_image":[{"width":1200,"height":628,"url":"https:\/\/www.arnold-robot.com\/wp-content\/uploads\/2020\/10\/ShareTag-EN.jpg","type":"image\/jpeg"}],"twitter_card":"summary_large_image","twitter_misc":{"Odhadovan\u00e1 doba \u010dten\u00ed":"1 minuta"},"schema":{"@context":"https:\/\/schema.org","@graph":[{"@type":"WebPage","@id":"https:\/\/www.arnold-robot.com\/cs\/kontakty\/","url":"https:\/\/www.arnold-robot.com\/cs\/kontakty\/","name":"Kontakty - Arnold Robot","isPartOf":{"@id":"https:\/\/www.arnold-robot.com\/cs\/#website"},"datePublished":"2020-08-18T10:10:48+00:00","dateModified":"2025-10-17T08:11:53+00:00","description":"Kontakty Zaujal v\u00e1s Arnold?\u200b Pokud si chcete Arnolda vyzkou\u0161et, zakoupit licenci nebo se spojit s lok\u00e1ln\u00edm distributorem, dejte n\u00e1m v\u011bd\u011bt:pi\u0161te na:","breadcrumb":{"@id":"https:\/\/www.arnold-robot.com\/cs\/kontakty\/#breadcrumb"},"inLanguage":"cs","potentialAction":[{"@type":"ReadAction","target":["https:\/\/www.arnold-robot.com\/cs\/kontakty\/"]}]},{"@type":"BreadcrumbList","@id":"https:\/\/www.arnold-robot.com\/cs\/kontakty\/#breadcrumb","itemListElement":[{"@type":"ListItem","position":1,"name":"Home","item":"https:\/\/www.arnold-robot.com\/cs\/"},{"@type":"ListItem","position":2,"name":"Kontakty"}]},{"@type":"WebSite","@id":"https:\/\/www.arnold-robot.com\/cs\/#website","url":"https:\/\/www.arnold-robot.com\/cs\/","name":"Arnold Robot","description":"Employee surveys in a way you haven\u2019t seen before","publisher":{"@id":"https:\/\/www.arnold-robot.com\/cs\/#organization"},"potentialAction":[{"@type":"SearchAction","target":{"@type":"EntryPoint","urlTemplate":"https:\/\/www.arnold-robot.com\/cs\/?s={search_term_string}"},"query-input":{"@type":"PropertyValueSpecification","valueRequired":true,"valueName":"search_term_string"}}],"inLanguage":"cs"},{"@type":"Organization","@id":"https:\/\/www.arnold-robot.com\/cs\/#organization","name":"Arnold Robot","url":"https:\/\/www.arnold-robot.com\/cs\/","logo":{"@type":"ImageObject","inLanguage":"cs","@id":"https:\/\/www.arnold-robot.com\/cs\/#\/schema\/logo\/image\/","url":"https:\/\/www.arnold-robot.com\/wp-content\/uploads\/2019\/10\/arnold_logo_A.png","contentUrl":"https:\/\/www.arnold-robot.com\/wp-content\/uploads\/2019\/10\/arnold_logo_A.png","width":1808,"height":906,"caption":"Arnold Robot"},"image":{"@id":"https:\/\/www.arnold-robot.com\/cs\/#\/schema\/logo\/image\/"},"sameAs":["https:\/\/www.facebook.com\/Arnold-Robot-411681249444594\/","https:\/\/www.linkedin.com\/company\/arnold-robot\/"]}]}},"_links":{"self":[{"href":"https:\/\/www.arnold-robot.com\/cs\/wp-json\/wp\/v2\/pages\/2651","targetHints":{"allow":["GET"]}}],"collection":[{"href":"https:\/\/www.arnold-robot.com\/cs\/wp-json\/wp\/v2\/pages"}],"about":[{"href":"https:\/\/www.arnold-robot.com\/cs\/wp-json\/wp\/v2\/types\/page"}],"author":[{"embeddable":true,"href":"https:\/\/www.arnold-robot.com\/cs\/wp-json\/wp\/v2\/users\/2"}],"replies":[{"embeddable":true,"href":"https:\/\/www.arnold-robot.com\/cs\/wp-json\/wp\/v2\/comments?post=2651"}],"version-history":[{"count":44,"href":"https:\/\/www.arnold-robot.com\/cs\/wp-json\/wp\/v2\/pages\/2651\/revisions"}],"predecessor-version":[{"id":9927,"href":"https:\/\/www.arnold-robot.com\/cs\/wp-json\/wp\/v2\/pages\/2651\/revisions\/9927"}],"wp:attachment":[{"href":"https:\/\/www.arnold-robot.com\/cs\/wp-json\/wp\/v2\/media?parent=2651"}],"curies":[{"name":"wp","href":"https:\/\/api.w.org\/{rel}","templated":true}]}}