{"id":319,"date":"2019-10-20T05:52:51","date_gmt":"2019-10-20T05:52:51","guid":{"rendered":"http:\/\/arnold-robot.eu\/arnold-sales-kit\/"},"modified":"2024-11-02T15:17:20","modified_gmt":"2024-11-02T15:17:20","slug":"materials","status":"publish","type":"page","link":"https:\/\/www.arnold-robot.com\/cs\/materials\/","title":{"rendered":"Arnold Sales Kit"},"content":{"rendered":"\t\t<div data-elementor-type=\"wp-page\" data-elementor-id=\"319\" class=\"elementor elementor-319 elementor-314\" data-elementor-post-type=\"page\">\n\t\t\t\t\t\t<section class=\"elementor-section elementor-top-section elementor-element elementor-element-2cbc1c1 elementor-section-boxed elementor-section-height-default elementor-section-height-default\" data-id=\"2cbc1c1\" data-element_type=\"section\" data-e-type=\"section\">\n\t\t\t\t\t\t<div class=\"elementor-container elementor-column-gap-default\">\n\t\t\t\t\t<div class=\"elementor-column elementor-col-100 elementor-top-column elementor-element elementor-element-f166a7e\" data-id=\"f166a7e\" data-element_type=\"column\" data-e-type=\"column\">\n\t\t\t<div class=\"elementor-widget-wrap elementor-element-populated\">\n\t\t\t\t\t\t<div class=\"elementor-element elementor-element-3c3d45c elementor-widget elementor-widget-spacer\" data-id=\"3c3d45c\" data-element_type=\"widget\" data-e-type=\"widget\" data-widget_type=\"spacer.default\">\n\t\t\t\t<div class=\"elementor-widget-container\">\n\t\t\t\t\t\t\t<div class=\"elementor-spacer\">\n\t\t\t<div class=\"elementor-spacer-inner\"><\/div>\n\t\t<\/div>\n\t\t\t\t\t\t<\/div>\n\t\t\t\t<\/div>\n\t\t\t\t<div class=\"elementor-element elementor-element-4638374 elementor-widget elementor-widget-heading\" data-id=\"4638374\" data-element_type=\"widget\" data-e-type=\"widget\" data-widget_type=\"heading.default\">\n\t\t\t\t<div class=\"elementor-widget-container\">\n\t\t\t\t\t<h1 class=\"elementor-heading-title elementor-size-default\">Arnold materi\u00e1ly<\/h1>\t\t\t\t<\/div>\n\t\t\t\t<\/div>\n\t\t\t\t<div class=\"elementor-element elementor-element-1bfd37f elementor-widget elementor-widget-heading\" data-id=\"1bfd37f\" data-element_type=\"widget\" data-e-type=\"widget\" data-widget_type=\"heading.default\">\n\t\t\t\t<div class=\"elementor-widget-container\">\n\t\t\t\t\t<p class=\"elementor-heading-title elementor-size-default\">Pro intern\u00ed pou\u017eit\u00ed (klient\u016fm vyberte, co je zaj\u00edm\u00e1 a po\u0161lete p\u0159\u00edmo odkazy na materi\u00e1ly)<\/p>\t\t\t\t<\/div>\n\t\t\t\t<\/div>\n\t\t\t\t<div class=\"elementor-element elementor-element-8fbd19a elementor-widget elementor-widget-text-editor\" data-id=\"8fbd19a\" data-element_type=\"widget\" data-e-type=\"widget\" data-widget_type=\"text-editor.default\">\n\t\t\t\t<div class=\"elementor-widget-container\">\n\t\t\t\t\t\t\t\t\t<ul><li><span style=\"color: #1d1c1d; font-family: Slack-Lato, Slack-Fractions, appleLogo, sans-serif; font-size: 15px; font-variant-ligatures: common-ligatures; background-color: #f8f8f8;\"><b>D\u016eLE\u017dIT\u00c9<\/b> &#8211; <a href=\"https:\/\/www.arnold-robot.com\/cs\/vyzkousejte-si-arnolda\/\" target=\"_blank\" rel=\"noopener\">Po\u0161li klient\u016fm Arnolda do SMS nebo emailu TE\u010e<\/a><\/span><\/li><li><a href=\"https:\/\/www.arnold-robot.com\/wp-content\/uploads\/2024\/11\/MASTER-predstaveni-Arnold.pptx\">MASTER predstaveni Arnold<\/a><\/li><li style=\"margin-right: 0px; margin-left: 0px; font-variant-numeric: normal; font-variant-east-asian: normal; font-stretch: normal; font-size: 16px; line-height: normal; font-family: 'Helvetica Neue';\"><strong>Uk\u00e1zkov\u00e9 reporty:<\/strong> <a href=\"https:\/\/talk.arnold-robot.com\/report\/22695694-aaa5-4a9a-a9f3-e95dd80e03b7\">anga\u017eovanost<\/a> a <a href=\"https:\/\/talk.arnold-robot.com\/report-sequence\/a8af2b0b-2ad9-4633-a986-fb0c5ab77140?_gl=1*s66osb*_gcl_au*MTUyMjc3MzE1NS4xNzI4ODkwMjIw*_ga*MTY3ODA1ODIyNS4xNjU2NDg5ODMx*_ga_5CYDWV9S95*MTcyOTI1OTY4Mi4yNzkuMS4xNzI5MjYyMTQxLjU5LjAuMA..&amp;added_on_from=null&amp;added_on_to=null&amp;phasesChecked=false&amp;phasesActiveTab=0\">onboarding<\/a><\/li><li style=\"margin-right: 0px; margin-left: 0px; font-variant-numeric: normal; font-variant-east-asian: normal; font-stretch: normal; font-size: 16px; line-height: normal; font-family: 'Helvetica Neue';\"><a href=\"https:\/\/s3.eu-central-1.amazonaws.com\/cms-api.mgw.cz\/lmc\/e773f631-317f-455a-a204-f90b1939cf8f.pdf\" target=\"_blank\" rel=\"noopener\">Pr\u016fvodce zam\u011bstnaneck\u00fdmi pr\u016fzkumy<\/a>\u00a0(e-book)<\/li><\/ul><div><span style=\"font-family: Helvetica Neue;\"><span style=\"font-size: 16px;\">\u00a0<\/span><\/span><\/div><div><span style=\"font-family: Helvetica Neue;\"><span style=\"font-size: 20px;\"><b>Cen\u00edk a kalkula\u010dka<\/b><\/span><\/span><\/div><ul><li style=\"margin-right: 0px; margin-left: 0px; font-variant-numeric: normal; font-variant-east-asian: normal; font-stretch: normal; font-size: 18px; line-height: normal; font-family: 'Helvetica Neue';\"><a href=\"https:\/\/www.teamio.com\/temp\/arn-calc24b\/\" target=\"_blank\" rel=\"noopener\">Cen\u00edk<\/a> (intern\u00ed kalkula\u010dka neomezen\u00e9 licence a Arnold kredit\u016f)<\/li><li style=\"margin-right: 0px; margin-left: 0px; font-variant-numeric: normal; font-variant-east-asian: normal; font-stretch: normal; font-size: 18px; line-height: normal; font-family: 'Helvetica Neue';\"><a href=\"https:\/\/www.loom.com\/share\/17b014d53eec475c96df2d1bda7ac7eb?sid=38f3f8ba-3b1c-4e88-8703-c438a08182e8\">Video<\/a> k vysv\u011btlen\u00ed obchodn\u00edho modelu<\/li><\/ul><div><span style=\"font-family: Helvetica Neue;\"><span style=\"font-size: 13px;\">\u00a0<\/span><\/span><\/div><h5><b>Materi\u00e1ly k jednotliv\u00fdm modul\u016fm Arnolda<\/b><\/h5><ul><li><strong>Hiring survey<\/strong><ul><li><a href=\"https:\/\/www.arnold-robot.com\/wp-content\/uploads\/2024\/11\/Arnold-Hiring-Surveys-predstaveni-1.pptx\">Arnold Hiring Surveys pr\u030cedstaveni\u0301<\/a><\/li><li><a tabindex=\"0\" href=\"https:\/\/talk.arnold-robot.com\/report\/831492e1-711e-4380-8c95-7cd7021d39f5\" rel=\"noopener noreferrer\" data-token-index=\"0\">Uk\u00e1zka reportu<\/a><\/li><\/ul><\/li><li><strong>Onboarding surveys<\/strong><ul><li><a href=\"https:\/\/www.arnold-robot.com\/wp-content\/uploads\/2024\/11\/Arnold-Onboarding-Surveys-predstaveni-1.pptx\">Arnold Onboarding Surveys pr\u030cedstaveni\u0301 <\/a><\/li><li><p><a href=\"https:\/\/talk.arnold-robot.com\/report-sequence\/a8af2b0b-2ad9-4633-a986-fb0c5ab77140?_gl=1*s66osb*_gcl_au*MTUyMjc3MzE1NS4xNzI4ODkwMjIw*_ga*MTY3ODA1ODIyNS4xNjU2NDg5ODMx*_ga_5CYDWV9S95*MTcyOTI1OTY4Mi4yNzkuMS4xNzI5MjYyMTQxLjU5LjAuMA..&amp;added_on_from=null&amp;added_on_to=null&amp;phasesChecked=false&amp;phasesActiveTab=0\">Uk\u00e1zkov\u00fd report s AI<\/a><\/p><\/li><\/ul><\/li><\/ul><div><ul><li><strong>Employee surveys<\/strong><ul><li><a href=\"https:\/\/www.arnold-robot.com\/wp-content\/uploads\/2024\/11\/Employee-Surveys-predstaveni-3.pptx\">Employee Surveys pr\u030cedstaveni\u0301<\/a><\/li><li><a tabindex=\"0\" href=\"https:\/\/talk.arnold-robot.com\/report\/22695694-aaa5-4a9a-a9f3-e95dd80e03b7\" rel=\"noopener noreferrer\" data-token-index=\"0\">Uk\u00e1zka reportu s AI<\/a><\/li><li><p><a href=\"https:\/\/www.arnold-robot.com\/cs\/seznam-temat\/#devel\">T\u00e9mata pr\u016fzkum\u016f<\/a><\/p><\/li><\/ul><\/li><li><strong>Exit surveys<\/strong><ul><li><a href=\"https:\/\/www.arnold-robot.com\/wp-content\/uploads\/2024\/11\/Arnold-Exit-Surveys-predstaveni-1.pptx\">Arnold Exit Surveys pr\u030cedstaveni\u0301 (1)<\/a><\/li><li><a class=\"notion-link-token notion-focusable-token notion-enable-hover\" tabindex=\"0\" href=\"https:\/\/talk.arnold-robot.com\/report\/c8573e1f-308e-4271-b12c-3c93001855e6?topic_group_id=98&amp;phasesChecked=false&amp;phasesActiveTab=0&amp;timeRangePeriod1=null&amp;timeRangePeriod2=null&amp;timeRangePeriod3=null&amp;added_on_from=null&amp;added_on_to=null&amp;unit-teams=\" rel=\"noopener noreferrer\" data-token-index=\"0\"><span class=\"link-annotation-unknown-block-id-738276380\">Uk\u00e1zka report s AI<\/span><\/a><\/li><\/ul><\/li><\/ul><\/div><div><div><h5 style=\"box-sizing: border-box; margin-top: 0.5rem; margin-bottom: 1rem; font-family: Roboto, Roboto; line-height: 1.2; color: #2b2b2b; font-size: 1.25rem; font-style: normal; font-variant-ligatures: normal; font-variant-caps: normal; letter-spacing: normal; orphans: 2; text-align: start; text-indent: 0px; text-transform: none; white-space: normal; widows: 2; word-spacing: 0px; -webkit-text-stroke-width: 0px; background-color: #f9f9f9; text-decoration-thickness: initial; text-decoration-style: initial; text-decoration-color: initial;\"><b>P\u0159edstaven\u00ed Arnolda do spole\u010dnosti<\/b><\/h5><div><ul><li><span style=\"background-color: transparent; font-family: 'Helvetica Neue'; font-size: 16px;\"><a href=\"https:\/\/intercom.help\/arnold-robot\/cs\/articles\/6788671-jak-uvest-arnolda-do-spolecnosti-seznam-materialu\">Onboarding-kit pro HRisty<\/a><\/span><\/li><\/ul><div>\u00a0<\/div><\/div><h5 style=\"box-sizing: border-box; margin-top: 0.5rem; margin-bottom: 1rem; font-family: Roboto, Roboto; line-height: 1.2; color: #2b2b2b; font-size: 1.25rem; font-style: normal; font-variant-ligatures: normal; font-variant-caps: normal; letter-spacing: normal; orphans: 2; text-align: start; text-indent: 0px; text-transform: none; white-space: normal; widows: 2; word-spacing: 0px; -webkit-text-stroke-width: 0px; text-decoration-thickness: initial; text-decoration-style: initial; text-decoration-color: initial; background-color: #f9f9f9;\"><b>Checklisty<\/b><\/h5><div><ul><li><a href=\"https:\/\/www.arnold-robot.com\/wp-content\/uploads\/2023\/05\/Arnold_-GDPR-checklist-CS.pdf\">Arnold_ GDPR checklist<\/a><\/li><li><a href=\"https:\/\/intercom.help\/arnold-robot\/cs\/articles\/9914529-it-doporuceni-pred-prvnim-spustenim\">\u00a0IT checklist<\/a><\/li><\/ul><div>\u00a0<\/div><\/div><h5 style=\"box-sizing: border-box; margin-top: 0.5rem; margin-bottom: 1rem; font-family: Roboto, Roboto; line-height: 1.2; color: #2b2b2b; font-size: 1.25rem; font-style: normal; font-variant-ligatures: normal; font-variant-caps: normal; letter-spacing: normal; orphans: 2; text-align: start; text-indent: 0px; text-transform: none; white-space: normal; widows: 2; word-spacing: 0px; -webkit-text-stroke-width: 0px; text-decoration-thickness: initial; text-decoration-style: initial; text-decoration-color: initial; background-color: #f9f9f9;\"><span style=\"font-size: 1.25rem;\"><b>Podpora jazyk\u016f<\/b><\/span><\/h5><div><ul><li><span style=\"background-color: transparent; font-family: 'Helvetica Neue'; font-size: 16px; color: #000000;\">CZ, SK, EN \u2013 sou\u010d\u00e1st licence<\/span><\/li><li style=\"margin-right: 0px; margin-left: 0px; font-variant-numeric: normal; font-variant-east-asian: normal; font-stretch: normal; font-size: 16px; line-height: normal; font-family: 'Helvetica Neue';\">Dal\u0161\u00ed jazyky mo\u017en\u00e9 individu\u00e1ln\u011b<\/li><\/ul><\/div><div><div>\u00a0<\/div><\/div><\/div><\/div><div><h5><b>Intern\u00ed materi\u00e1ly pro Sales Alma\u00a0<\/b><\/h5><div><ul><li><a style=\"font-family: var( --e-global-typography-text-font-family ), Roboto; font-weight: var( --e-global-typography-text-font-weight );\" href=\"https:\/\/www.seduo.cz\/ahoj-ja-jsem-arnold\" target=\"_blank\" rel=\"noopener\">P\u0159edstaven\u00ed Arnolda pro Sales<\/a><span style=\"background-color: transparent; color: var( --e-global-color-text ); font-family: var( --e-global-typography-text-font-family ), Roboto; font-weight: var( --e-global-typography-text-font-weight );\"> (intern\u00ed Seduo kurz)<\/span><\/li><li><a href=\"https:\/\/www.notion.so\/almacareer\/Reference-a-p-padovky-6ecab87fcf0b4fe0953fe432758aca07\" target=\"_blank\" rel=\"noopener\">Reference a p\u0159\u00edpadovky<\/a>\u00a0<\/li><li><a href=\"https:\/\/www.notion.so\/almacareer\/Z-znamy-webin-949800ebc5784aaea5e3bdac482707d0\">Z\u00e1znamy webin\u00e1\u0159\u016f<\/a><\/li><\/ul><div>\u00a0<\/div><h4>\u00a0<\/h4><\/div><\/div>\t\t\t\t\t\t\t\t<\/div>\n\t\t\t\t<\/div>\n\t\t\t\t\t<\/div>\n\t\t<\/div>\n\t\t\t\t\t<\/div>\n\t\t<\/section>\n\t\t\t\t<section class=\"elementor-section elementor-top-section elementor-element elementor-element-85d0952 elementor-section-boxed elementor-section-height-default elementor-section-height-default\" data-id=\"85d0952\" data-element_type=\"section\" data-e-type=\"section\">\n\t\t\t\t\t\t<div class=\"elementor-container elementor-column-gap-default\">\n\t\t\t\t\t<div class=\"elementor-column elementor-col-100 elementor-top-column elementor-element elementor-element-1cbb054\" data-id=\"1cbb054\" data-element_type=\"column\" data-e-type=\"column\">\n\t\t\t<div class=\"elementor-widget-wrap elementor-element-populated\">\n\t\t\t\t\t\t<div class=\"elementor-element elementor-element-1a5e450 elementor-widget elementor-widget-spacer\" data-id=\"1a5e450\" data-element_type=\"widget\" data-e-type=\"widget\" data-widget_type=\"spacer.default\">\n\t\t\t\t<div class=\"elementor-widget-container\">\n\t\t\t\t\t\t\t<div class=\"elementor-spacer\">\n\t\t\t<div class=\"elementor-spacer-inner\"><\/div>\n\t\t<\/div>\n\t\t\t\t\t\t<\/div>\n\t\t\t\t<\/div>\n\t\t\t\t\t<\/div>\n\t\t<\/div>\n\t\t\t\t\t<\/div>\n\t\t<\/section>\n\t\t\t\t<\/div>\n\t\t","protected":false},"excerpt":{"rendered":"<p>Arnold materi\u00e1ly Pro intern\u00ed pou\u017eit\u00ed (klient\u016fm vyberte, co je zaj\u00edm\u00e1 a po\u0161lete p\u0159\u00edmo odkazy na materi\u00e1ly) D\u016eLE\u017dIT\u00c9 &#8211; Po\u0161li klient\u016fm Arnolda do SMS nebo emailu TE\u010e MASTER predstaveni Arnold Uk\u00e1zkov\u00e9 reporty: anga\u017eovanost a onboarding Pr\u016fvodce zam\u011bstnaneck\u00fdmi pr\u016fzkumy\u00a0(e-book) \u00a0Cen\u00edk a kalkula\u010dka Cen\u00edk (intern\u00ed kalkula\u010dka neomezen\u00e9 licence a Arnold kredit\u016f) Video k vysv\u011btlen\u00ed obchodn\u00edho modelu \u00a0 Materi\u00e1ly [&hellip;]<\/p>\n","protected":false},"author":2,"featured_media":0,"parent":0,"menu_order":0,"comment_status":"closed","ping_status":"closed","template":"elementor_header_footer","meta":{"inline_featured_image":false,"footnotes":""},"class_list":["post-319","page","type-page","status-publish","hentry"],"yoast_head":"<!-- This site is optimized with the Yoast SEO plugin v27.4 - https:\/\/yoast.com\/product\/yoast-seo-wordpress\/ -->\n<title>Arnold Sales Kit - Arnold Robot<\/title>\n<meta name=\"description\" content=\"Arnold materi\u00e1ly Pro intern\u00ed pou\u017eit\u00ed (klient\u016fm vyberte, co je zaj\u00edm\u00e1 a po\u0161lete p\u0159\u00edmo odkazy na materi\u00e1ly) D\u016eLE\u017dIT\u00c9 - Po\u0161li klient\u016fm Arnolda do SMS nebo\" \/>\n<meta name=\"robots\" content=\"noindex, nofollow\" \/>\n<meta property=\"og:locale\" content=\"cs_CZ\" \/>\n<meta property=\"og:type\" content=\"article\" \/>\n<meta property=\"og:title\" content=\"Arnold Sales Kit - Arnold Robot\" \/>\n<meta property=\"og:description\" content=\"Arnold materi\u00e1ly Pro intern\u00ed pou\u017eit\u00ed (klient\u016fm vyberte, co je zaj\u00edm\u00e1 a po\u0161lete p\u0159\u00edmo odkazy na materi\u00e1ly) D\u016eLE\u017dIT\u00c9 - Po\u0161li klient\u016fm Arnolda do SMS nebo\" \/>\n<meta property=\"og:url\" content=\"https:\/\/www.arnold-robot.com\/cs\/materials\/\" \/>\n<meta property=\"og:site_name\" content=\"Arnold Robot\" \/>\n<meta property=\"article:publisher\" content=\"https:\/\/www.facebook.com\/Arnold-Robot-411681249444594\/\" \/>\n<meta property=\"article:modified_time\" content=\"2024-11-02T15:17:20+00:00\" \/>\n<meta property=\"og:image\" content=\"https:\/\/www.arnold-robot.com\/wp-content\/uploads\/2020\/10\/ShareTag-EN.jpg\" \/>\n\t<meta property=\"og:image:width\" content=\"1200\" \/>\n\t<meta property=\"og:image:height\" content=\"628\" \/>\n\t<meta property=\"og:image:type\" content=\"image\/jpeg\" \/>\n<meta name=\"twitter:card\" content=\"summary_large_image\" \/>\n<meta name=\"twitter:label1\" content=\"Odhadovan\u00e1 doba \u010dten\u00ed\" \/>\n\t<meta name=\"twitter:data1\" content=\"1 minuta\" \/>\n<script type=\"application\/ld+json\" class=\"yoast-schema-graph\">{\"@context\":\"https:\\\/\\\/schema.org\",\"@graph\":[{\"@type\":\"WebPage\",\"@id\":\"https:\\\/\\\/www.arnold-robot.com\\\/cs\\\/materials\\\/\",\"url\":\"https:\\\/\\\/www.arnold-robot.com\\\/cs\\\/materials\\\/\",\"name\":\"Arnold Sales Kit - Arnold Robot\",\"isPartOf\":{\"@id\":\"https:\\\/\\\/www.arnold-robot.com\\\/cs\\\/#website\"},\"datePublished\":\"2019-10-20T05:52:51+00:00\",\"dateModified\":\"2024-11-02T15:17:20+00:00\",\"description\":\"Arnold materi\u00e1ly Pro intern\u00ed pou\u017eit\u00ed (klient\u016fm vyberte, co je zaj\u00edm\u00e1 a po\u0161lete p\u0159\u00edmo odkazy na materi\u00e1ly) D\u016eLE\u017dIT\u00c9 - Po\u0161li klient\u016fm Arnolda do SMS nebo\",\"breadcrumb\":{\"@id\":\"https:\\\/\\\/www.arnold-robot.com\\\/cs\\\/materials\\\/#breadcrumb\"},\"inLanguage\":\"cs\",\"potentialAction\":[{\"@type\":\"ReadAction\",\"target\":[\"https:\\\/\\\/www.arnold-robot.com\\\/cs\\\/materials\\\/\"]}]},{\"@type\":\"BreadcrumbList\",\"@id\":\"https:\\\/\\\/www.arnold-robot.com\\\/cs\\\/materials\\\/#breadcrumb\",\"itemListElement\":[{\"@type\":\"ListItem\",\"position\":1,\"name\":\"Home\",\"item\":\"https:\\\/\\\/www.arnold-robot.com\\\/cs\\\/\"},{\"@type\":\"ListItem\",\"position\":2,\"name\":\"Arnold Sales Kit\"}]},{\"@type\":\"WebSite\",\"@id\":\"https:\\\/\\\/www.arnold-robot.com\\\/cs\\\/#website\",\"url\":\"https:\\\/\\\/www.arnold-robot.com\\\/cs\\\/\",\"name\":\"Arnold Robot\",\"description\":\"Employee surveys in a way you haven\u2019t seen before\",\"publisher\":{\"@id\":\"https:\\\/\\\/www.arnold-robot.com\\\/cs\\\/#organization\"},\"potentialAction\":[{\"@type\":\"SearchAction\",\"target\":{\"@type\":\"EntryPoint\",\"urlTemplate\":\"https:\\\/\\\/www.arnold-robot.com\\\/cs\\\/?s={search_term_string}\"},\"query-input\":{\"@type\":\"PropertyValueSpecification\",\"valueRequired\":true,\"valueName\":\"search_term_string\"}}],\"inLanguage\":\"cs\"},{\"@type\":\"Organization\",\"@id\":\"https:\\\/\\\/www.arnold-robot.com\\\/cs\\\/#organization\",\"name\":\"Arnold Robot\",\"url\":\"https:\\\/\\\/www.arnold-robot.com\\\/cs\\\/\",\"logo\":{\"@type\":\"ImageObject\",\"inLanguage\":\"cs\",\"@id\":\"https:\\\/\\\/www.arnold-robot.com\\\/cs\\\/#\\\/schema\\\/logo\\\/image\\\/\",\"url\":\"https:\\\/\\\/www.arnold-robot.com\\\/wp-content\\\/uploads\\\/2019\\\/10\\\/arnold_logo_A.png\",\"contentUrl\":\"https:\\\/\\\/www.arnold-robot.com\\\/wp-content\\\/uploads\\\/2019\\\/10\\\/arnold_logo_A.png\",\"width\":1808,\"height\":906,\"caption\":\"Arnold Robot\"},\"image\":{\"@id\":\"https:\\\/\\\/www.arnold-robot.com\\\/cs\\\/#\\\/schema\\\/logo\\\/image\\\/\"},\"sameAs\":[\"https:\\\/\\\/www.facebook.com\\\/Arnold-Robot-411681249444594\\\/\",\"https:\\\/\\\/www.linkedin.com\\\/company\\\/arnold-robot\\\/\"]}]}<\/script>\n<!-- \/ Yoast SEO plugin. -->","yoast_head_json":{"title":"Arnold Sales Kit - Arnold Robot","description":"Arnold materi\u00e1ly Pro intern\u00ed pou\u017eit\u00ed (klient\u016fm vyberte, co je zaj\u00edm\u00e1 a po\u0161lete p\u0159\u00edmo odkazy na materi\u00e1ly) D\u016eLE\u017dIT\u00c9 - Po\u0161li klient\u016fm Arnolda do SMS nebo","robots":{"index":"noindex","follow":"nofollow"},"og_locale":"cs_CZ","og_type":"article","og_title":"Arnold Sales Kit - Arnold Robot","og_description":"Arnold materi\u00e1ly Pro intern\u00ed pou\u017eit\u00ed (klient\u016fm vyberte, co je zaj\u00edm\u00e1 a po\u0161lete p\u0159\u00edmo odkazy na materi\u00e1ly) D\u016eLE\u017dIT\u00c9 - Po\u0161li klient\u016fm Arnolda do SMS nebo","og_url":"https:\/\/www.arnold-robot.com\/cs\/materials\/","og_site_name":"Arnold Robot","article_publisher":"https:\/\/www.facebook.com\/Arnold-Robot-411681249444594\/","article_modified_time":"2024-11-02T15:17:20+00:00","og_image":[{"width":1200,"height":628,"url":"https:\/\/www.arnold-robot.com\/wp-content\/uploads\/2020\/10\/ShareTag-EN.jpg","type":"image\/jpeg"}],"twitter_card":"summary_large_image","twitter_misc":{"Odhadovan\u00e1 doba \u010dten\u00ed":"1 minuta"},"schema":{"@context":"https:\/\/schema.org","@graph":[{"@type":"WebPage","@id":"https:\/\/www.arnold-robot.com\/cs\/materials\/","url":"https:\/\/www.arnold-robot.com\/cs\/materials\/","name":"Arnold Sales Kit - Arnold Robot","isPartOf":{"@id":"https:\/\/www.arnold-robot.com\/cs\/#website"},"datePublished":"2019-10-20T05:52:51+00:00","dateModified":"2024-11-02T15:17:20+00:00","description":"Arnold materi\u00e1ly Pro intern\u00ed pou\u017eit\u00ed (klient\u016fm vyberte, co je zaj\u00edm\u00e1 a po\u0161lete p\u0159\u00edmo odkazy na materi\u00e1ly) D\u016eLE\u017dIT\u00c9 - Po\u0161li klient\u016fm Arnolda do SMS nebo","breadcrumb":{"@id":"https:\/\/www.arnold-robot.com\/cs\/materials\/#breadcrumb"},"inLanguage":"cs","potentialAction":[{"@type":"ReadAction","target":["https:\/\/www.arnold-robot.com\/cs\/materials\/"]}]},{"@type":"BreadcrumbList","@id":"https:\/\/www.arnold-robot.com\/cs\/materials\/#breadcrumb","itemListElement":[{"@type":"ListItem","position":1,"name":"Home","item":"https:\/\/www.arnold-robot.com\/cs\/"},{"@type":"ListItem","position":2,"name":"Arnold Sales Kit"}]},{"@type":"WebSite","@id":"https:\/\/www.arnold-robot.com\/cs\/#website","url":"https:\/\/www.arnold-robot.com\/cs\/","name":"Arnold Robot","description":"Employee surveys in a way you haven\u2019t seen before","publisher":{"@id":"https:\/\/www.arnold-robot.com\/cs\/#organization"},"potentialAction":[{"@type":"SearchAction","target":{"@type":"EntryPoint","urlTemplate":"https:\/\/www.arnold-robot.com\/cs\/?s={search_term_string}"},"query-input":{"@type":"PropertyValueSpecification","valueRequired":true,"valueName":"search_term_string"}}],"inLanguage":"cs"},{"@type":"Organization","@id":"https:\/\/www.arnold-robot.com\/cs\/#organization","name":"Arnold Robot","url":"https:\/\/www.arnold-robot.com\/cs\/","logo":{"@type":"ImageObject","inLanguage":"cs","@id":"https:\/\/www.arnold-robot.com\/cs\/#\/schema\/logo\/image\/","url":"https:\/\/www.arnold-robot.com\/wp-content\/uploads\/2019\/10\/arnold_logo_A.png","contentUrl":"https:\/\/www.arnold-robot.com\/wp-content\/uploads\/2019\/10\/arnold_logo_A.png","width":1808,"height":906,"caption":"Arnold Robot"},"image":{"@id":"https:\/\/www.arnold-robot.com\/cs\/#\/schema\/logo\/image\/"},"sameAs":["https:\/\/www.facebook.com\/Arnold-Robot-411681249444594\/","https:\/\/www.linkedin.com\/company\/arnold-robot\/"]}]}},"_links":{"self":[{"href":"https:\/\/www.arnold-robot.com\/cs\/wp-json\/wp\/v2\/pages\/319","targetHints":{"allow":["GET"]}}],"collection":[{"href":"https:\/\/www.arnold-robot.com\/cs\/wp-json\/wp\/v2\/pages"}],"about":[{"href":"https:\/\/www.arnold-robot.com\/cs\/wp-json\/wp\/v2\/types\/page"}],"author":[{"embeddable":true,"href":"https:\/\/www.arnold-robot.com\/cs\/wp-json\/wp\/v2\/users\/2"}],"replies":[{"embeddable":true,"href":"https:\/\/www.arnold-robot.com\/cs\/wp-json\/wp\/v2\/comments?post=319"}],"version-history":[{"count":198,"href":"https:\/\/www.arnold-robot.com\/cs\/wp-json\/wp\/v2\/pages\/319\/revisions"}],"predecessor-version":[{"id":9392,"href":"https:\/\/www.arnold-robot.com\/cs\/wp-json\/wp\/v2\/pages\/319\/revisions\/9392"}],"wp:attachment":[{"href":"https:\/\/www.arnold-robot.com\/cs\/wp-json\/wp\/v2\/media?parent=319"}],"curies":[{"name":"wp","href":"https:\/\/api.w.org\/{rel}","templated":true}]}}