{"id":380,"date":"2019-10-20T07:27:33","date_gmt":"2019-10-20T07:27:33","guid":{"rendered":"http:\/\/arnold-robot.eu\/predstaveni-arnolda\/"},"modified":"2022-12-07T09:49:30","modified_gmt":"2022-12-07T09:49:30","slug":"show-me-arnold","status":"publish","type":"page","link":"https:\/\/www.arnold-robot.com\/cs\/show-me-arnold\/","title":{"rendered":"Domluvte si uk\u00e1zku"},"content":{"rendered":"\t\t<div data-elementor-type=\"wp-page\" data-elementor-id=\"380\" class=\"elementor elementor-380 elementor-376\" data-elementor-post-type=\"page\">\n\t\t\t\t\t\t<section class=\"elementor-section elementor-top-section elementor-element elementor-element-5c95a58 elementor-section-boxed elementor-section-height-default elementor-section-height-default\" data-id=\"5c95a58\" data-element_type=\"section\" data-e-type=\"section\">\n\t\t\t\t\t\t<div class=\"elementor-container elementor-column-gap-default\">\n\t\t\t\t\t<div class=\"elementor-column elementor-col-100 elementor-top-column elementor-element elementor-element-165326d\" data-id=\"165326d\" data-element_type=\"column\" data-e-type=\"column\">\n\t\t\t<div class=\"elementor-widget-wrap elementor-element-populated\">\n\t\t\t\t\t\t<section class=\"elementor-section elementor-inner-section elementor-element elementor-element-5d01f7b elementor-section-boxed elementor-section-height-default elementor-section-height-default\" data-id=\"5d01f7b\" data-element_type=\"section\" data-e-type=\"section\">\n\t\t\t\t\t\t<div class=\"elementor-container elementor-column-gap-default\">\n\t\t\t\t\t<div class=\"elementor-column elementor-col-100 elementor-inner-column elementor-element elementor-element-71cf15d\" data-id=\"71cf15d\" data-element_type=\"column\" data-e-type=\"column\">\n\t\t\t<div class=\"elementor-widget-wrap elementor-element-populated\">\n\t\t\t\t\t\t<div class=\"elementor-element elementor-element-3a26408 elementor-widget elementor-widget-heading\" data-id=\"3a26408\" data-element_type=\"widget\" data-e-type=\"widget\" data-widget_type=\"heading.default\">\n\t\t\t\t<div class=\"elementor-widget-container\">\n\t\t\t\t\t<h1 class=\"elementor-heading-title elementor-size-default\">Domluvte si uk\u00e1zku<\/h1>\t\t\t\t<\/div>\n\t\t\t\t<\/div>\n\t\t\t\t<div class=\"elementor-element elementor-element-1db567f elementor-widget elementor-widget-text-editor\" data-id=\"1db567f\" data-element_type=\"widget\" data-e-type=\"widget\" data-widget_type=\"text-editor.default\">\n\t\t\t\t<div class=\"elementor-widget-container\">\n\t\t\t\t\t\t\t\t\t<p>Vyhra\u010fte si 30 minut na demo uk\u00e1zku s\u00a0Michalem Musilem, Customer Success Managerem. Michal v\u00e1s provede hlavn\u00edmi funkcionalitami a zodpov\u00ed v\u0161echny va\u0161e dotazy.<\/p>\t\t\t\t\t\t\t\t<\/div>\n\t\t\t\t<\/div>\n\t\t\t\t\t<\/div>\n\t\t<\/div>\n\t\t\t\t\t<\/div>\n\t\t<\/section>\n\t\t\t\t<div class=\"elementor-element elementor-element-dc83be1 elementor-widget elementor-widget-html\" data-id=\"dc83be1\" data-element_type=\"widget\" data-e-type=\"widget\" data-widget_type=\"html.default\">\n\t\t\t\t<div class=\"elementor-widget-container\">\n\t\t\t\t\t<!-- Calendly inline widget begin -->\r\n <div class=\"calendly-inline-widget\" data-url=\"https:\/\/calendly.com\/michalmusil\" style=\"min-width:320px;height:630px;\">\r\n <\/div>\r\n <script type=\"text\/javascript\" src=\"https:\/\/assets.calendly.com\/assets\/external\/widget.js\">\r\n <\/script>\r\n <!-- Calendly inline widget end -->\t\t\t\t<\/div>\n\t\t\t\t<\/div>\n\t\t\t\t<div class=\"elementor-element elementor-element-728d9a7 elementor-widget elementor-widget-spacer\" data-id=\"728d9a7\" data-element_type=\"widget\" data-e-type=\"widget\" data-widget_type=\"spacer.default\">\n\t\t\t\t<div class=\"elementor-widget-container\">\n\t\t\t\t\t\t\t<div class=\"elementor-spacer\">\n\t\t\t<div class=\"elementor-spacer-inner\"><\/div>\n\t\t<\/div>\n\t\t\t\t\t\t<\/div>\n\t\t\t\t<\/div>\n\t\t\t\t\t<\/div>\n\t\t<\/div>\n\t\t\t\t\t<\/div>\n\t\t<\/section>\n\t\t\t\t<\/div>\n\t\t","protected":false},"excerpt":{"rendered":"<p>Domluvte si uk\u00e1zku Vyhra\u010fte si 30 minut na demo uk\u00e1zku s&nbsp;Michalem Musilem, Customer Success Managerem. Michal v\u00e1s provede hlavn\u00edmi funkcionalitami a zodpov\u00ed v\u0161echny va\u0161e dotazy.<\/p>\n","protected":false},"author":2,"featured_media":0,"parent":0,"menu_order":0,"comment_status":"closed","ping_status":"closed","template":"elementor_header_footer","meta":{"inline_featured_image":false,"footnotes":""},"class_list":["post-380","page","type-page","status-publish","hentry"],"yoast_head":"<!-- This site is optimized with the Yoast SEO plugin v27.5 - https:\/\/yoast.com\/product\/yoast-seo-wordpress\/ -->\n<title>Domluvte si uk\u00e1zku - Arnold Robot<\/title>\n<meta name=\"description\" content=\"Domluvte si uk\u00e1zku Vyhra\u010fte si 30 minut na demo uk\u00e1zku s&nbsp;Michalem Musilem, Customer Success Managerem. Michal v\u00e1s provede hlavn\u00edmi funkcionalitami a\" \/>\n<meta name=\"robots\" content=\"index, follow, max-snippet:-1, max-image-preview:large, max-video-preview:-1\" \/>\n<link rel=\"canonical\" href=\"https:\/\/www.arnold-robot.com\/cs\/show-me-arnold\/\" \/>\n<meta property=\"og:locale\" content=\"cs_CZ\" \/>\n<meta property=\"og:type\" content=\"article\" \/>\n<meta property=\"og:title\" content=\"Domluvte si uk\u00e1zku - Arnold Robot\" \/>\n<meta property=\"og:description\" content=\"Domluvte si uk\u00e1zku Vyhra\u010fte si 30 minut na demo uk\u00e1zku s&nbsp;Michalem Musilem, Customer Success Managerem. Michal v\u00e1s provede hlavn\u00edmi funkcionalitami a\" \/>\n<meta property=\"og:url\" content=\"https:\/\/www.arnold-robot.com\/cs\/show-me-arnold\/\" \/>\n<meta property=\"og:site_name\" content=\"Arnold Robot\" \/>\n<meta property=\"article:publisher\" content=\"https:\/\/www.facebook.com\/Arnold-Robot-411681249444594\/\" \/>\n<meta property=\"article:modified_time\" content=\"2022-12-07T09:49:30+00:00\" \/>\n<meta property=\"og:image\" content=\"https:\/\/www.arnold-robot.com\/wp-content\/uploads\/2020\/10\/ShareTag-EN.jpg\" \/>\n\t<meta property=\"og:image:width\" content=\"1200\" \/>\n\t<meta property=\"og:image:height\" content=\"628\" \/>\n\t<meta property=\"og:image:type\" content=\"image\/jpeg\" \/>\n<meta name=\"twitter:card\" content=\"summary_large_image\" \/>\n<meta name=\"twitter:label1\" content=\"Odhadovan\u00e1 doba \u010dten\u00ed\" \/>\n\t<meta name=\"twitter:data1\" content=\"1 minuta\" \/>\n<script type=\"application\/ld+json\" class=\"yoast-schema-graph\">{\"@context\":\"https:\\\/\\\/schema.org\",\"@graph\":[{\"@type\":\"WebPage\",\"@id\":\"https:\\\/\\\/www.arnold-robot.com\\\/cs\\\/show-me-arnold\\\/\",\"url\":\"https:\\\/\\\/www.arnold-robot.com\\\/cs\\\/show-me-arnold\\\/\",\"name\":\"Domluvte si uk\u00e1zku - Arnold Robot\",\"isPartOf\":{\"@id\":\"https:\\\/\\\/www.arnold-robot.com\\\/cs\\\/#website\"},\"datePublished\":\"2019-10-20T07:27:33+00:00\",\"dateModified\":\"2022-12-07T09:49:30+00:00\",\"description\":\"Domluvte si uk\u00e1zku Vyhra\u010fte si 30 minut na demo uk\u00e1zku s&nbsp;Michalem Musilem, Customer Success Managerem. Michal v\u00e1s provede hlavn\u00edmi funkcionalitami a\",\"breadcrumb\":{\"@id\":\"https:\\\/\\\/www.arnold-robot.com\\\/cs\\\/show-me-arnold\\\/#breadcrumb\"},\"inLanguage\":\"cs\",\"potentialAction\":[{\"@type\":\"ReadAction\",\"target\":[\"https:\\\/\\\/www.arnold-robot.com\\\/cs\\\/show-me-arnold\\\/\"]}]},{\"@type\":\"BreadcrumbList\",\"@id\":\"https:\\\/\\\/www.arnold-robot.com\\\/cs\\\/show-me-arnold\\\/#breadcrumb\",\"itemListElement\":[{\"@type\":\"ListItem\",\"position\":1,\"name\":\"Home\",\"item\":\"https:\\\/\\\/www.arnold-robot.com\\\/cs\\\/\"},{\"@type\":\"ListItem\",\"position\":2,\"name\":\"Domluvte si uk\u00e1zku\"}]},{\"@type\":\"WebSite\",\"@id\":\"https:\\\/\\\/www.arnold-robot.com\\\/cs\\\/#website\",\"url\":\"https:\\\/\\\/www.arnold-robot.com\\\/cs\\\/\",\"name\":\"Arnold Robot\",\"description\":\"Employee surveys in a way you haven\u2019t seen before\",\"publisher\":{\"@id\":\"https:\\\/\\\/www.arnold-robot.com\\\/cs\\\/#organization\"},\"potentialAction\":[{\"@type\":\"SearchAction\",\"target\":{\"@type\":\"EntryPoint\",\"urlTemplate\":\"https:\\\/\\\/www.arnold-robot.com\\\/cs\\\/?s={search_term_string}\"},\"query-input\":{\"@type\":\"PropertyValueSpecification\",\"valueRequired\":true,\"valueName\":\"search_term_string\"}}],\"inLanguage\":\"cs\"},{\"@type\":\"Organization\",\"@id\":\"https:\\\/\\\/www.arnold-robot.com\\\/cs\\\/#organization\",\"name\":\"Arnold Robot\",\"url\":\"https:\\\/\\\/www.arnold-robot.com\\\/cs\\\/\",\"logo\":{\"@type\":\"ImageObject\",\"inLanguage\":\"cs\",\"@id\":\"https:\\\/\\\/www.arnold-robot.com\\\/cs\\\/#\\\/schema\\\/logo\\\/image\\\/\",\"url\":\"https:\\\/\\\/www.arnold-robot.com\\\/wp-content\\\/uploads\\\/2019\\\/10\\\/arnold_logo_A.png\",\"contentUrl\":\"https:\\\/\\\/www.arnold-robot.com\\\/wp-content\\\/uploads\\\/2019\\\/10\\\/arnold_logo_A.png\",\"width\":1808,\"height\":906,\"caption\":\"Arnold Robot\"},\"image\":{\"@id\":\"https:\\\/\\\/www.arnold-robot.com\\\/cs\\\/#\\\/schema\\\/logo\\\/image\\\/\"},\"sameAs\":[\"https:\\\/\\\/www.facebook.com\\\/Arnold-Robot-411681249444594\\\/\",\"https:\\\/\\\/www.linkedin.com\\\/company\\\/arnold-robot\\\/\"]}]}<\/script>\n<!-- \/ Yoast SEO plugin. -->","yoast_head_json":{"title":"Domluvte si uk\u00e1zku - Arnold Robot","description":"Domluvte si uk\u00e1zku Vyhra\u010fte si 30 minut na demo uk\u00e1zku s&nbsp;Michalem Musilem, Customer Success Managerem. Michal v\u00e1s provede hlavn\u00edmi funkcionalitami a","robots":{"index":"index","follow":"follow","max-snippet":"max-snippet:-1","max-image-preview":"max-image-preview:large","max-video-preview":"max-video-preview:-1"},"canonical":"https:\/\/www.arnold-robot.com\/cs\/show-me-arnold\/","og_locale":"cs_CZ","og_type":"article","og_title":"Domluvte si uk\u00e1zku - Arnold Robot","og_description":"Domluvte si uk\u00e1zku Vyhra\u010fte si 30 minut na demo uk\u00e1zku s&nbsp;Michalem Musilem, Customer Success Managerem. Michal v\u00e1s provede hlavn\u00edmi funkcionalitami a","og_url":"https:\/\/www.arnold-robot.com\/cs\/show-me-arnold\/","og_site_name":"Arnold Robot","article_publisher":"https:\/\/www.facebook.com\/Arnold-Robot-411681249444594\/","article_modified_time":"2022-12-07T09:49:30+00:00","og_image":[{"width":1200,"height":628,"url":"https:\/\/www.arnold-robot.com\/wp-content\/uploads\/2020\/10\/ShareTag-EN.jpg","type":"image\/jpeg"}],"twitter_card":"summary_large_image","twitter_misc":{"Odhadovan\u00e1 doba \u010dten\u00ed":"1 minuta"},"schema":{"@context":"https:\/\/schema.org","@graph":[{"@type":"WebPage","@id":"https:\/\/www.arnold-robot.com\/cs\/show-me-arnold\/","url":"https:\/\/www.arnold-robot.com\/cs\/show-me-arnold\/","name":"Domluvte si uk\u00e1zku - Arnold Robot","isPartOf":{"@id":"https:\/\/www.arnold-robot.com\/cs\/#website"},"datePublished":"2019-10-20T07:27:33+00:00","dateModified":"2022-12-07T09:49:30+00:00","description":"Domluvte si uk\u00e1zku Vyhra\u010fte si 30 minut na demo uk\u00e1zku s&nbsp;Michalem Musilem, Customer Success Managerem. Michal v\u00e1s provede hlavn\u00edmi funkcionalitami a","breadcrumb":{"@id":"https:\/\/www.arnold-robot.com\/cs\/show-me-arnold\/#breadcrumb"},"inLanguage":"cs","potentialAction":[{"@type":"ReadAction","target":["https:\/\/www.arnold-robot.com\/cs\/show-me-arnold\/"]}]},{"@type":"BreadcrumbList","@id":"https:\/\/www.arnold-robot.com\/cs\/show-me-arnold\/#breadcrumb","itemListElement":[{"@type":"ListItem","position":1,"name":"Home","item":"https:\/\/www.arnold-robot.com\/cs\/"},{"@type":"ListItem","position":2,"name":"Domluvte si uk\u00e1zku"}]},{"@type":"WebSite","@id":"https:\/\/www.arnold-robot.com\/cs\/#website","url":"https:\/\/www.arnold-robot.com\/cs\/","name":"Arnold Robot","description":"Employee surveys in a way you haven\u2019t seen before","publisher":{"@id":"https:\/\/www.arnold-robot.com\/cs\/#organization"},"potentialAction":[{"@type":"SearchAction","target":{"@type":"EntryPoint","urlTemplate":"https:\/\/www.arnold-robot.com\/cs\/?s={search_term_string}"},"query-input":{"@type":"PropertyValueSpecification","valueRequired":true,"valueName":"search_term_string"}}],"inLanguage":"cs"},{"@type":"Organization","@id":"https:\/\/www.arnold-robot.com\/cs\/#organization","name":"Arnold Robot","url":"https:\/\/www.arnold-robot.com\/cs\/","logo":{"@type":"ImageObject","inLanguage":"cs","@id":"https:\/\/www.arnold-robot.com\/cs\/#\/schema\/logo\/image\/","url":"https:\/\/www.arnold-robot.com\/wp-content\/uploads\/2019\/10\/arnold_logo_A.png","contentUrl":"https:\/\/www.arnold-robot.com\/wp-content\/uploads\/2019\/10\/arnold_logo_A.png","width":1808,"height":906,"caption":"Arnold Robot"},"image":{"@id":"https:\/\/www.arnold-robot.com\/cs\/#\/schema\/logo\/image\/"},"sameAs":["https:\/\/www.facebook.com\/Arnold-Robot-411681249444594\/","https:\/\/www.linkedin.com\/company\/arnold-robot\/"]}]}},"_links":{"self":[{"href":"https:\/\/www.arnold-robot.com\/cs\/wp-json\/wp\/v2\/pages\/380","targetHints":{"allow":["GET"]}}],"collection":[{"href":"https:\/\/www.arnold-robot.com\/cs\/wp-json\/wp\/v2\/pages"}],"about":[{"href":"https:\/\/www.arnold-robot.com\/cs\/wp-json\/wp\/v2\/types\/page"}],"author":[{"embeddable":true,"href":"https:\/\/www.arnold-robot.com\/cs\/wp-json\/wp\/v2\/users\/2"}],"replies":[{"embeddable":true,"href":"https:\/\/www.arnold-robot.com\/cs\/wp-json\/wp\/v2\/comments?post=380"}],"version-history":[{"count":20,"href":"https:\/\/www.arnold-robot.com\/cs\/wp-json\/wp\/v2\/pages\/380\/revisions"}],"predecessor-version":[{"id":8460,"href":"https:\/\/www.arnold-robot.com\/cs\/wp-json\/wp\/v2\/pages\/380\/revisions\/8460"}],"wp:attachment":[{"href":"https:\/\/www.arnold-robot.com\/cs\/wp-json\/wp\/v2\/media?parent=380"}],"curies":[{"name":"wp","href":"https:\/\/api.w.org\/{rel}","templated":true}]}}