{"id":9503,"date":"2025-02-03T18:28:46","date_gmt":"2025-02-03T18:28:46","guid":{"rendered":"https:\/\/www.arnold-robot.com\/?page_id=9503"},"modified":"2026-03-04T04:19:42","modified_gmt":"2026-03-04T04:19:42","slug":"poptavka","status":"publish","type":"page","link":"https:\/\/www.arnold-robot.com\/cs\/poptavka\/","title":{"rendered":"Popt\u00e1vka"},"content":{"rendered":"\t\t<div data-elementor-type=\"wp-page\" data-elementor-id=\"9503\" class=\"elementor elementor-9503\" data-elementor-post-type=\"page\">\n\t\t\t\t\t\t<section class=\"elementor-section elementor-top-section elementor-element elementor-element-5aa2937 elementor-section-boxed elementor-section-height-default elementor-section-height-default\" data-id=\"5aa2937\" data-element_type=\"section\" data-e-type=\"section\">\n\t\t\t\t\t\t<div class=\"elementor-container elementor-column-gap-default\">\n\t\t\t\t\t<div class=\"elementor-column elementor-col-100 elementor-top-column elementor-element elementor-element-79ae760\" data-id=\"79ae760\" data-element_type=\"column\" data-e-type=\"column\">\n\t\t\t<div class=\"elementor-widget-wrap elementor-element-populated\">\n\t\t\t\t\t\t\t<\/div>\n\t\t<\/div>\n\t\t\t\t\t<\/div>\n\t\t<\/section>\n\t\t\t\t<section class=\"elementor-section elementor-top-section elementor-element elementor-element-a2e6b67 elementor-section-boxed elementor-section-height-default elementor-section-height-default\" data-id=\"a2e6b67\" data-element_type=\"section\" data-e-type=\"section\">\n\t\t\t\t\t\t<div class=\"elementor-container elementor-column-gap-default\">\n\t\t\t\t\t<div class=\"elementor-column elementor-col-100 elementor-top-column elementor-element elementor-element-c552925\" data-id=\"c552925\" data-element_type=\"column\" data-e-type=\"column\">\n\t\t\t<div class=\"elementor-widget-wrap elementor-element-populated\">\n\t\t\t\t\t\t<div class=\"elementor-element elementor-element-a408bb8 elementor-widget elementor-widget-html\" data-id=\"a408bb8\" data-element_type=\"widget\" data-e-type=\"widget\" data-widget_type=\"html.default\">\n\t\t\t\t<div class=\"elementor-widget-container\">\n\t\t\t\t\t<div id=\"custom-page\">\r\n  <script>\r\n    (function () {\r\n      const link = document.createElement('link');\r\n      link.rel = 'stylesheet';\r\n      link.href = '\/static\/calc\/css\/main.min.css';\r\n      link.type = 'text\/css';\r\n    \r\n      document.head.appendChild(link);\r\n    })();\r\n\r\n    document.addEventListener('DOMContentLoaded', () => {\r\n      const calcForm = document.querySelector('#calc-form');\r\n      if (!calcForm) return;\r\n\r\n      const input = calcForm.querySelector('[name=\"order\"]');\r\n      input.value = localStorage.getItem('arnoldOrder');\r\n    });\r\n  <\/script>\r\n\r\n  <div class=\"section\">\r\n    <div class=\"container\">\r\n      <div class=\"text-center mb-8\">\r\n        <h1 class=\"heading-lg bold mb-8\">Popt\u00e1vka<\/h1>\r\n        <p class=\"text-text-secondary text-body-xl\">Za\u0161lete n\u00e1m svou popt\u00e1vku a my se v\u00e1m co nejd\u0159\u00edve ozveme a probereme s v\u00e1mi v\u0161e, co v\u00e1s zaj\u00edm\u00e1.<\/p>\r\n      <\/div>\r\n      \r\n      <div class=\"max-md:-mx-4\">\r\n        <div class=\"bg-white px-6 py-12 rounded-lg\">\r\n          \r\n              <form action=\"https:\/\/www.arnold-robot.com\/wp-admin\/admin-post.php\" method=\"post\" class=\"grid sm:grid-cols-2 gap-8 md:gap-x-16\" id=\"calc-form\">\n        <input type=\"hidden\" name=\"action\" value=\"handle_calc_contact_form\">\n        <input type=\"hidden\" name=\"order\" value=\"\">\n        <input type=\"hidden\" name=\"lang\" value=\"cs\">\n        <div>\n            <h2 class=\"heading-md mb-5\">Va\u0161e nez\u00e1vazn\u00e1 popt\u00e1vka<\/h2>\n            <div class=\"grid gap-5\">\n                <div class=\"form-group\">\n                    <label for=\"name\" class=\"form-label\">Jm\u00e9no a p\u0159\u00edjmen\u00ed<\/label>\n                    <input id=\"name\" name=\"name\" type=\"text\" class=\"form-control\" required>\n                <\/div>\n                <div class=\"form-group\">\n                    <label for=\"company\" class=\"form-label\">Spole\u010dnost<\/label>\n                    <input id=\"company\" name=\"company\" type=\"text\" class=\"form-control\" required>\n                <\/div>\n                <div class=\"form-group\">\n                    <label for=\"email\" class=\"form-label\">E-mail<\/label>\n                    <input id=\"email\" name=\"email\" type=\"email\" class=\"form-control\" required>\n                <\/div>\n                <div class=\"form-group\">\n                    <label for=\"phone\" class=\"form-label\">Telefon (form\u00e1t +420111222333)<\/label>\n                    <input id=\"phone\" name=\"phone\" type=\"tel\" pattern=\"^\\+[1-9]\\d{7,14}$\" class=\"form-control\" required>\n                <\/div>\n            <\/div>\n        <\/div>\n        <div>\n            <h2 class=\"heading-md mb-5\">Va\u0161e kontaktn\u00ed \u00fadaje<\/h2>\n            <p class=\"text-text-secondary mb-5\">M\u016f\u017eete zde up\u0159esnit, o jakou nab\u00eddku m\u00e1te z\u00e1jem.<\/p>\n            <div class=\"grid gap-4\">\n                <div class=\"form-check\">\n                    <input type=\"checkbox\" name=\"produkt[]\" class=\"form-check__control\" id=\"predplatne\" value=\"V\u00fdhodn\u00e9 ro\u010dn\u00ed p\u0159edplatn\u00e9\" >\n                    <label for=\"predplatne\" class=\"form-check__label\">V\u00fdhodn\u00e9 ro\u010dn\u00ed p\u0159edplatn\u00e9<\/label>\n                <\/div>\n                <div class=\"form-check\">\n                    <input type=\"checkbox\" name=\"produkt[]\" class=\"form-check__control\" id=\"balicky\" value=\"Kreditn\u00ed p\u0159edplatn\u00e9 \u2013 bal\u00ed\u010dky\" >\n                    <label for=\"balicky\" class=\"form-check__label\">Kreditn\u00ed p\u0159edplatn\u00e9 \u2013 bal\u00ed\u010dky<\/label>\n                <\/div>\n                <div class=\"form-check\">\n                    <input type=\"checkbox\" name=\"produkt[]\" class=\"form-check__control\" id=\"kredity\" value=\"Kreditn\u00ed p\u0159edplatn\u00e9 \u2013 na m\u00edru\" >\n                    <label for=\"kredity\" class=\"form-check__label\">Kreditn\u00ed p\u0159edplatn\u00e9 \u2013 na m\u00edru<\/label>\n                <\/div>\n            <\/div>\n        <\/div>\n        <div>\n            <button type=\"submit\" class=\"btn btn--primary\">Kontaktujte m\u011b<\/button>\n\n            <div class=\"text-text-secondary text-body-sm mt-3\">\n              <p>Spole\u010dnosti ze skupiny Alma Career budou zpracov\u00e1vat poskytnut\u00e9 \u00fadaje za \u00fa\u010delem kontaktov\u00e1n\u00ed a komunikace s V\u00e1mi ohledn\u011b na\u0161ich slu\u017eeb. <a href=\"https:\/\/almacareer.com\/gdpr\" class=\"link\">Z\u00e1sady ochrany soukrom\u00ed<\/a><\/p>\n              <p class=\"mt-4\">Polo\u017eky ozna\u010den\u00e9 * jsou povinn\u00e9.<\/p>\n            <\/div>\n        <\/div>\n    <\/form>\n    \r\n        \r\n        <\/div>\r\n      <\/div>\r\n    \r\n    <\/div>\r\n  <\/div>\r\n<\/div>\t\t\t\t<\/div>\n\t\t\t\t<\/div>\n\t\t\t\t\t<\/div>\n\t\t<\/div>\n\t\t\t\t\t<\/div>\n\t\t<\/section>\n\t\t\t\t<\/div>\n\t\t","protected":false},"excerpt":{"rendered":"<p>Popt\u00e1vka Za\u0161lete n\u00e1m svou popt\u00e1vku a my se v\u00e1m co nejd\u0159\u00edve ozveme a probereme s v\u00e1mi v\u0161e, co v\u00e1s zaj\u00edm\u00e1.<\/p>\n","protected":false},"author":17,"featured_media":0,"parent":0,"menu_order":0,"comment_status":"closed","ping_status":"closed","template":"elementor_header_footer","meta":{"inline_featured_image":false,"footnotes":""},"class_list":["post-9503","page","type-page","status-publish","hentry"],"yoast_head":"<!-- This site is optimized with the Yoast SEO plugin v27.5 - https:\/\/yoast.com\/product\/yoast-seo-wordpress\/ -->\n<title>Popt\u00e1vka - Arnold Robot<\/title>\n<meta name=\"description\" content=\"Popt\u00e1vka     Za\u0161lete n\u00e1m svou popt\u00e1vku a my se v\u00e1m co nejd\u0159\u00edve ozveme a probereme s v\u00e1mi v\u0161e, co v\u00e1s zaj\u00edm\u00e1.\" \/>\n<meta name=\"robots\" content=\"index, follow, max-snippet:-1, max-image-preview:large, max-video-preview:-1\" \/>\n<link rel=\"canonical\" href=\"https:\/\/www.arnold-robot.com\/cs\/poptavka\/\" \/>\n<meta property=\"og:locale\" content=\"cs_CZ\" \/>\n<meta property=\"og:type\" content=\"article\" \/>\n<meta property=\"og:title\" content=\"Popt\u00e1vka - Arnold Robot\" \/>\n<meta property=\"og:description\" content=\"Popt\u00e1vka     Za\u0161lete n\u00e1m svou popt\u00e1vku a my se v\u00e1m co nejd\u0159\u00edve ozveme a probereme s v\u00e1mi v\u0161e, co v\u00e1s zaj\u00edm\u00e1.\" \/>\n<meta property=\"og:url\" content=\"https:\/\/www.arnold-robot.com\/cs\/poptavka\/\" \/>\n<meta property=\"og:site_name\" content=\"Arnold Robot\" \/>\n<meta property=\"article:publisher\" content=\"https:\/\/www.facebook.com\/Arnold-Robot-411681249444594\/\" \/>\n<meta property=\"article:modified_time\" content=\"2026-03-04T04:19:42+00:00\" \/>\n<meta property=\"og:image\" content=\"https:\/\/www.arnold-robot.com\/wp-content\/uploads\/2020\/10\/ShareTag-EN.jpg\" \/>\n\t<meta property=\"og:image:width\" content=\"1200\" \/>\n\t<meta property=\"og:image:height\" content=\"628\" \/>\n\t<meta property=\"og:image:type\" content=\"image\/jpeg\" \/>\n<meta name=\"twitter:card\" content=\"summary_large_image\" \/>\n<meta name=\"twitter:label1\" content=\"Odhadovan\u00e1 doba \u010dten\u00ed\" \/>\n\t<meta name=\"twitter:data1\" content=\"1 minuta\" \/>\n<script type=\"application\/ld+json\" class=\"yoast-schema-graph\">{\"@context\":\"https:\\\/\\\/schema.org\",\"@graph\":[{\"@type\":\"WebPage\",\"@id\":\"https:\\\/\\\/www.arnold-robot.com\\\/cs\\\/poptavka\\\/\",\"url\":\"https:\\\/\\\/www.arnold-robot.com\\\/cs\\\/poptavka\\\/\",\"name\":\"Popt\u00e1vka - Arnold Robot\",\"isPartOf\":{\"@id\":\"https:\\\/\\\/www.arnold-robot.com\\\/cs\\\/#website\"},\"datePublished\":\"2025-02-03T18:28:46+00:00\",\"dateModified\":\"2026-03-04T04:19:42+00:00\",\"description\":\"Popt\u00e1vka Za\u0161lete n\u00e1m svou popt\u00e1vku a my se v\u00e1m co nejd\u0159\u00edve ozveme a probereme s v\u00e1mi v\u0161e, co v\u00e1s zaj\u00edm\u00e1.\",\"breadcrumb\":{\"@id\":\"https:\\\/\\\/www.arnold-robot.com\\\/cs\\\/poptavka\\\/#breadcrumb\"},\"inLanguage\":\"cs\",\"potentialAction\":[{\"@type\":\"ReadAction\",\"target\":[\"https:\\\/\\\/www.arnold-robot.com\\\/cs\\\/poptavka\\\/\"]}]},{\"@type\":\"BreadcrumbList\",\"@id\":\"https:\\\/\\\/www.arnold-robot.com\\\/cs\\\/poptavka\\\/#breadcrumb\",\"itemListElement\":[{\"@type\":\"ListItem\",\"position\":1,\"name\":\"Home\",\"item\":\"https:\\\/\\\/www.arnold-robot.com\\\/cs\\\/\"},{\"@type\":\"ListItem\",\"position\":2,\"name\":\"Popt\u00e1vka\"}]},{\"@type\":\"WebSite\",\"@id\":\"https:\\\/\\\/www.arnold-robot.com\\\/cs\\\/#website\",\"url\":\"https:\\\/\\\/www.arnold-robot.com\\\/cs\\\/\",\"name\":\"Arnold Robot\",\"description\":\"Employee surveys in a way you haven\u2019t seen before\",\"publisher\":{\"@id\":\"https:\\\/\\\/www.arnold-robot.com\\\/cs\\\/#organization\"},\"potentialAction\":[{\"@type\":\"SearchAction\",\"target\":{\"@type\":\"EntryPoint\",\"urlTemplate\":\"https:\\\/\\\/www.arnold-robot.com\\\/cs\\\/?s={search_term_string}\"},\"query-input\":{\"@type\":\"PropertyValueSpecification\",\"valueRequired\":true,\"valueName\":\"search_term_string\"}}],\"inLanguage\":\"cs\"},{\"@type\":\"Organization\",\"@id\":\"https:\\\/\\\/www.arnold-robot.com\\\/cs\\\/#organization\",\"name\":\"Arnold Robot\",\"url\":\"https:\\\/\\\/www.arnold-robot.com\\\/cs\\\/\",\"logo\":{\"@type\":\"ImageObject\",\"inLanguage\":\"cs\",\"@id\":\"https:\\\/\\\/www.arnold-robot.com\\\/cs\\\/#\\\/schema\\\/logo\\\/image\\\/\",\"url\":\"https:\\\/\\\/www.arnold-robot.com\\\/wp-content\\\/uploads\\\/2019\\\/10\\\/arnold_logo_A.png\",\"contentUrl\":\"https:\\\/\\\/www.arnold-robot.com\\\/wp-content\\\/uploads\\\/2019\\\/10\\\/arnold_logo_A.png\",\"width\":1808,\"height\":906,\"caption\":\"Arnold Robot\"},\"image\":{\"@id\":\"https:\\\/\\\/www.arnold-robot.com\\\/cs\\\/#\\\/schema\\\/logo\\\/image\\\/\"},\"sameAs\":[\"https:\\\/\\\/www.facebook.com\\\/Arnold-Robot-411681249444594\\\/\",\"https:\\\/\\\/www.linkedin.com\\\/company\\\/arnold-robot\\\/\"]}]}<\/script>\n<!-- \/ Yoast SEO plugin. -->","yoast_head_json":{"title":"Popt\u00e1vka - Arnold Robot","description":"Popt\u00e1vka     Za\u0161lete n\u00e1m svou popt\u00e1vku a my se v\u00e1m co nejd\u0159\u00edve ozveme a probereme s v\u00e1mi v\u0161e, co v\u00e1s zaj\u00edm\u00e1.","robots":{"index":"index","follow":"follow","max-snippet":"max-snippet:-1","max-image-preview":"max-image-preview:large","max-video-preview":"max-video-preview:-1"},"canonical":"https:\/\/www.arnold-robot.com\/cs\/poptavka\/","og_locale":"cs_CZ","og_type":"article","og_title":"Popt\u00e1vka - Arnold Robot","og_description":"Popt\u00e1vka     Za\u0161lete n\u00e1m svou popt\u00e1vku a my se v\u00e1m co nejd\u0159\u00edve ozveme a probereme s v\u00e1mi v\u0161e, co v\u00e1s zaj\u00edm\u00e1.","og_url":"https:\/\/www.arnold-robot.com\/cs\/poptavka\/","og_site_name":"Arnold Robot","article_publisher":"https:\/\/www.facebook.com\/Arnold-Robot-411681249444594\/","article_modified_time":"2026-03-04T04:19:42+00:00","og_image":[{"width":1200,"height":628,"url":"https:\/\/www.arnold-robot.com\/wp-content\/uploads\/2020\/10\/ShareTag-EN.jpg","type":"image\/jpeg"}],"twitter_card":"summary_large_image","twitter_misc":{"Odhadovan\u00e1 doba \u010dten\u00ed":"1 minuta"},"schema":{"@context":"https:\/\/schema.org","@graph":[{"@type":"WebPage","@id":"https:\/\/www.arnold-robot.com\/cs\/poptavka\/","url":"https:\/\/www.arnold-robot.com\/cs\/poptavka\/","name":"Popt\u00e1vka - Arnold Robot","isPartOf":{"@id":"https:\/\/www.arnold-robot.com\/cs\/#website"},"datePublished":"2025-02-03T18:28:46+00:00","dateModified":"2026-03-04T04:19:42+00:00","description":"Popt\u00e1vka Za\u0161lete n\u00e1m svou popt\u00e1vku a my se v\u00e1m co nejd\u0159\u00edve ozveme a probereme s v\u00e1mi v\u0161e, co v\u00e1s zaj\u00edm\u00e1.","breadcrumb":{"@id":"https:\/\/www.arnold-robot.com\/cs\/poptavka\/#breadcrumb"},"inLanguage":"cs","potentialAction":[{"@type":"ReadAction","target":["https:\/\/www.arnold-robot.com\/cs\/poptavka\/"]}]},{"@type":"BreadcrumbList","@id":"https:\/\/www.arnold-robot.com\/cs\/poptavka\/#breadcrumb","itemListElement":[{"@type":"ListItem","position":1,"name":"Home","item":"https:\/\/www.arnold-robot.com\/cs\/"},{"@type":"ListItem","position":2,"name":"Popt\u00e1vka"}]},{"@type":"WebSite","@id":"https:\/\/www.arnold-robot.com\/cs\/#website","url":"https:\/\/www.arnold-robot.com\/cs\/","name":"Arnold Robot","description":"Employee surveys in a way you haven\u2019t seen before","publisher":{"@id":"https:\/\/www.arnold-robot.com\/cs\/#organization"},"potentialAction":[{"@type":"SearchAction","target":{"@type":"EntryPoint","urlTemplate":"https:\/\/www.arnold-robot.com\/cs\/?s={search_term_string}"},"query-input":{"@type":"PropertyValueSpecification","valueRequired":true,"valueName":"search_term_string"}}],"inLanguage":"cs"},{"@type":"Organization","@id":"https:\/\/www.arnold-robot.com\/cs\/#organization","name":"Arnold Robot","url":"https:\/\/www.arnold-robot.com\/cs\/","logo":{"@type":"ImageObject","inLanguage":"cs","@id":"https:\/\/www.arnold-robot.com\/cs\/#\/schema\/logo\/image\/","url":"https:\/\/www.arnold-robot.com\/wp-content\/uploads\/2019\/10\/arnold_logo_A.png","contentUrl":"https:\/\/www.arnold-robot.com\/wp-content\/uploads\/2019\/10\/arnold_logo_A.png","width":1808,"height":906,"caption":"Arnold Robot"},"image":{"@id":"https:\/\/www.arnold-robot.com\/cs\/#\/schema\/logo\/image\/"},"sameAs":["https:\/\/www.facebook.com\/Arnold-Robot-411681249444594\/","https:\/\/www.linkedin.com\/company\/arnold-robot\/"]}]}},"_links":{"self":[{"href":"https:\/\/www.arnold-robot.com\/cs\/wp-json\/wp\/v2\/pages\/9503","targetHints":{"allow":["GET"]}}],"collection":[{"href":"https:\/\/www.arnold-robot.com\/cs\/wp-json\/wp\/v2\/pages"}],"about":[{"href":"https:\/\/www.arnold-robot.com\/cs\/wp-json\/wp\/v2\/types\/page"}],"author":[{"embeddable":true,"href":"https:\/\/www.arnold-robot.com\/cs\/wp-json\/wp\/v2\/users\/17"}],"replies":[{"embeddable":true,"href":"https:\/\/www.arnold-robot.com\/cs\/wp-json\/wp\/v2\/comments?post=9503"}],"version-history":[{"count":13,"href":"https:\/\/www.arnold-robot.com\/cs\/wp-json\/wp\/v2\/pages\/9503\/revisions"}],"predecessor-version":[{"id":10404,"href":"https:\/\/www.arnold-robot.com\/cs\/wp-json\/wp\/v2\/pages\/9503\/revisions\/10404"}],"wp:attachment":[{"href":"https:\/\/www.arnold-robot.com\/cs\/wp-json\/wp\/v2\/media?parent=9503"}],"curies":[{"name":"wp","href":"https:\/\/api.w.org\/{rel}","templated":true}]}}