{"id":10163,"date":"2026-01-22T16:19:25","date_gmt":"2026-01-22T16:19:25","guid":{"rendered":"https:\/\/www.arnold-robot.com\/?page_id=10163"},"modified":"2026-03-04T06:03:10","modified_gmt":"2026-03-04T06:03:10","slug":"konzultacia","status":"publish","type":"page","link":"https:\/\/www.arnold-robot.com\/sk\/konzultacia\/","title":{"rendered":"Online konzult\u00e1cia"},"content":{"rendered":"\t\t<div data-elementor-type=\"wp-page\" data-elementor-id=\"10163\" class=\"elementor elementor-10163\" data-elementor-post-type=\"page\">\n\t\t\t\t\t\t<section class=\"elementor-section elementor-top-section elementor-element elementor-element-a2e6b67 elementor-section-full_width elementor-section-height-default elementor-section-height-default\" data-id=\"a2e6b67\" data-element_type=\"section\" data-e-type=\"section\">\n\t\t\t\t\t\t<div class=\"elementor-container elementor-column-gap-no\">\n\t\t\t\t\t<div class=\"elementor-column elementor-col-100 elementor-top-column elementor-element elementor-element-c552925\" data-id=\"c552925\" data-element_type=\"column\" data-e-type=\"column\">\n\t\t\t<div class=\"elementor-widget-wrap elementor-element-populated\">\n\t\t\t\t\t\t<div class=\"elementor-element elementor-element-92eca44 elementor-widget elementor-widget-html\" data-id=\"92eca44\" data-element_type=\"widget\" data-e-type=\"widget\" data-widget_type=\"html.default\">\n\t\t\t\t<div class=\"elementor-widget-container\">\n\t\t\t\t\t<script>\n    (function () {\n      const link = document.createElement('link');\n      link.rel = 'stylesheet';\n      link.href = '\/static\/calc\/css\/main.min.css';\n      link.type = 'text\/css';\n\n      document.head.appendChild(link);\n    })();\n<\/script>\t\t\t\t<\/div>\n\t\t\t\t<\/div>\n\t\t\t\t<div class=\"elementor-element elementor-element-a408bb8 elementor-widget elementor-widget-html\" data-id=\"a408bb8\" data-element_type=\"widget\" data-e-type=\"widget\" data-widget_type=\"html.default\">\n\t\t\t\t<div class=\"elementor-widget-container\">\n\t\t\t\t\t<div id=\"custom-page\" class=\"page-free-trial\">\r\n  <div class=\"min-h-screen bg-brand-primary-radial text-white\">\r\n    \r\n    <div class=\"section pb-0\">\r\n      <div class=\"container container--sm\">\r\n        <div class=\"md:pt-12 text-center\">\r\n          <h1 class=\"heading-lg md:text-[2.5rem] mb-10 text-white\"><strong class=\"font-bold\">Demo predstavenie<\/strong>\r\n            <br class=\"md:block\">\r\n            s\u00a0na\u0161imi konzultantmi<\/h1>\r\n          \r\n          <div class=\"text-md\">\r\n            <p>Rezervujte si online stretnutie a uk\u00e1\u017eeme v\u00e1m, ako prieskumy od Arnolda funguj\u00fa a porad\u00edme, ako ich efekt\u00edvne vyu\u017ei\u0165 vo va\u0161ej firme.<\/p>\r\n          <\/div>\r\n        <\/div>\r\n      <\/div>\r\n    <\/div>\r\n        \r\n    <hr hidden>\r\n    \r\n    <div class=\"section\">\r\n      <div class=\"container\">\r\n        \r\n        <!-- Calendly inline widget begin -->\r\n        <div class=\"calendly-inline-widget\" data-url=\"https:\/\/calendly.com\/michalmusil\/arnold-product-demo-clone?primary_color=04b7ef\"><\/div>\r\n        <script type=\"text\/javascript\" src=\"https:\/\/assets.calendly.com\/assets\/external\/widget.js\" async><\/script>\r\n        <!-- Calendly inline widget end -->\r\n      \r\n      <\/div>\r\n    <\/div>\r\n    \r\n    <hr class=\"hidden\">\r\n    \r\n    <div class=\"section\">\r\n      <div class=\"container\">\r\n        <div class=\"relative flex flex-col items-center gap-6\">\r\n          <!--\r\n          <p class=\"text-center\">Viac inform\u00e1ci\u00ed n\u00e1jdete aj na webe <a href=\"https:\/\/www.arnold-robot.com\/sk\/\" class=\"font-bold text-white\">www.arnold-robot.com<\/a>.<\/p>\r\n          -->\r\n          <div class=\"md:absolute md:left-0 lg:left-10 md:top-[-2px]\">\r\n            <img decoding=\"async\" src=\"https:\/\/www.arnold-robot.com\/static\/calc\/img\/arnold-logo-white.svg\" alt=\"\" width=\"160\">\r\n          <\/div>\r\n        <\/div>\r\n      <\/div>\r\n    <\/div>\r\n\r\n  <\/div>\r\n<\/div>\t\t\t\t<\/div>\n\t\t\t\t<\/div>\n\t\t\t\t\t<\/div>\n\t\t<\/div>\n\t\t\t\t\t<\/div>\n\t\t<\/section>\n\t\t\t\t<\/div>\n\t\t","protected":false},"excerpt":{"rendered":"<p>Demo predstavenie s\u00a0na\u0161imi konzultantmi Rezervujte si online stretnutie a uk\u00e1\u017eeme v\u00e1m, ako prieskumy od Arnolda funguj\u00fa a porad\u00edme, ako ich efekt\u00edvne vyu\u017ei\u0165 vo va\u0161ej firme.<\/p>\n","protected":false},"author":17,"featured_media":0,"parent":0,"menu_order":0,"comment_status":"closed","ping_status":"closed","template":"elementor_header_footer","meta":{"inline_featured_image":false,"footnotes":""},"class_list":["post-10163","page","type-page","status-publish","hentry"],"yoast_head":"<!-- This site is optimized with the Yoast SEO plugin v27.5 - https:\/\/yoast.com\/product\/yoast-seo-wordpress\/ -->\n<title>Online konzult\u00e1cia - Arnold Robot<\/title>\n<meta name=\"description\" content=\"Demo predstavenie s\u00a0na\u0161imi konzultantmi Rezervujte si online stretnutie a uk\u00e1\u017eeme v\u00e1m, ako prieskumy od Arnolda funguj\u00fa a porad\u00edme, ako ich efekt\u00edvne\" \/>\n<meta name=\"robots\" content=\"index, follow, max-snippet:-1, max-image-preview:large, max-video-preview:-1\" \/>\n<link rel=\"canonical\" href=\"https:\/\/www.arnold-robot.com\/sk\/konzultacia\/\" \/>\n<meta property=\"og:locale\" content=\"sk_SK\" \/>\n<meta property=\"og:type\" content=\"article\" \/>\n<meta property=\"og:title\" content=\"Online konzult\u00e1cia - Arnold Robot\" \/>\n<meta property=\"og:description\" content=\"Demo predstavenie s\u00a0na\u0161imi konzultantmi Rezervujte si online stretnutie a uk\u00e1\u017eeme v\u00e1m, ako prieskumy od Arnolda funguj\u00fa a porad\u00edme, ako ich efekt\u00edvne\" \/>\n<meta property=\"og:url\" content=\"https:\/\/www.arnold-robot.com\/sk\/konzultacia\/\" \/>\n<meta property=\"og:site_name\" content=\"Arnold Robot\" \/>\n<meta property=\"article:publisher\" content=\"https:\/\/www.facebook.com\/Arnold-Robot-411681249444594\/\" \/>\n<meta property=\"article:modified_time\" content=\"2026-03-04T06:03:10+00:00\" \/>\n<meta property=\"og:image\" content=\"https:\/\/www.arnold-robot.com\/static\/calc\/img\/arnold-logo-white.svg\" \/>\n<meta name=\"twitter:card\" content=\"summary_large_image\" \/>\n<meta name=\"twitter:label1\" content=\"Predpokladan\u00fd \u010das \u010d\u00edtania\" \/>\n\t<meta name=\"twitter:data1\" content=\"1 min\u00fata\" \/>\n<script type=\"application\/ld+json\" class=\"yoast-schema-graph\">{\"@context\":\"https:\\\/\\\/schema.org\",\"@graph\":[{\"@type\":\"WebPage\",\"@id\":\"https:\\\/\\\/www.arnold-robot.com\\\/sk\\\/konzultacia\\\/\",\"url\":\"https:\\\/\\\/www.arnold-robot.com\\\/sk\\\/konzultacia\\\/\",\"name\":\"Online konzult\u00e1cia - Arnold Robot\",\"isPartOf\":{\"@id\":\"https:\\\/\\\/www.arnold-robot.com\\\/sk\\\/#website\"},\"primaryImageOfPage\":{\"@id\":\"https:\\\/\\\/www.arnold-robot.com\\\/sk\\\/konzultacia\\\/#primaryimage\"},\"image\":{\"@id\":\"https:\\\/\\\/www.arnold-robot.com\\\/sk\\\/konzultacia\\\/#primaryimage\"},\"thumbnailUrl\":\"https:\\\/\\\/www.arnold-robot.com\\\/static\\\/calc\\\/img\\\/arnold-logo-white.svg\",\"datePublished\":\"2026-01-22T16:19:25+00:00\",\"dateModified\":\"2026-03-04T06:03:10+00:00\",\"description\":\"Demo predstavenie s\u00a0na\u0161imi konzultantmi Rezervujte si online stretnutie a uk\u00e1\u017eeme v\u00e1m, ako prieskumy od Arnolda funguj\u00fa a porad\u00edme, ako ich efekt\u00edvne\",\"breadcrumb\":{\"@id\":\"https:\\\/\\\/www.arnold-robot.com\\\/sk\\\/konzultacia\\\/#breadcrumb\"},\"inLanguage\":\"sk-SK\",\"potentialAction\":[{\"@type\":\"ReadAction\",\"target\":[\"https:\\\/\\\/www.arnold-robot.com\\\/sk\\\/konzultacia\\\/\"]}]},{\"@type\":\"ImageObject\",\"inLanguage\":\"sk-SK\",\"@id\":\"https:\\\/\\\/www.arnold-robot.com\\\/sk\\\/konzultacia\\\/#primaryimage\",\"url\":\"https:\\\/\\\/www.arnold-robot.com\\\/static\\\/calc\\\/img\\\/arnold-logo-white.svg\",\"contentUrl\":\"https:\\\/\\\/www.arnold-robot.com\\\/static\\\/calc\\\/img\\\/arnold-logo-white.svg\"},{\"@type\":\"BreadcrumbList\",\"@id\":\"https:\\\/\\\/www.arnold-robot.com\\\/sk\\\/konzultacia\\\/#breadcrumb\",\"itemListElement\":[{\"@type\":\"ListItem\",\"position\":1,\"name\":\"Home\",\"item\":\"https:\\\/\\\/www.arnold-robot.com\\\/sk\\\/\"},{\"@type\":\"ListItem\",\"position\":2,\"name\":\"Online konzult\u00e1cia\"}]},{\"@type\":\"WebSite\",\"@id\":\"https:\\\/\\\/www.arnold-robot.com\\\/sk\\\/#website\",\"url\":\"https:\\\/\\\/www.arnold-robot.com\\\/sk\\\/\",\"name\":\"Arnold Robot\",\"description\":\"Employee surveys reinvented\",\"publisher\":{\"@id\":\"https:\\\/\\\/www.arnold-robot.com\\\/sk\\\/#organization\"},\"potentialAction\":[{\"@type\":\"SearchAction\",\"target\":{\"@type\":\"EntryPoint\",\"urlTemplate\":\"https:\\\/\\\/www.arnold-robot.com\\\/sk\\\/?s={search_term_string}\"},\"query-input\":{\"@type\":\"PropertyValueSpecification\",\"valueRequired\":true,\"valueName\":\"search_term_string\"}}],\"inLanguage\":\"sk-SK\"},{\"@type\":\"Organization\",\"@id\":\"https:\\\/\\\/www.arnold-robot.com\\\/sk\\\/#organization\",\"name\":\"Arnold Robot\",\"url\":\"https:\\\/\\\/www.arnold-robot.com\\\/sk\\\/\",\"logo\":{\"@type\":\"ImageObject\",\"inLanguage\":\"sk-SK\",\"@id\":\"https:\\\/\\\/www.arnold-robot.com\\\/sk\\\/#\\\/schema\\\/logo\\\/image\\\/\",\"url\":\"https:\\\/\\\/www.arnold-robot.com\\\/wp-content\\\/uploads\\\/2019\\\/10\\\/arnold_logo_A.png\",\"contentUrl\":\"https:\\\/\\\/www.arnold-robot.com\\\/wp-content\\\/uploads\\\/2019\\\/10\\\/arnold_logo_A.png\",\"width\":1808,\"height\":906,\"caption\":\"Arnold Robot\"},\"image\":{\"@id\":\"https:\\\/\\\/www.arnold-robot.com\\\/sk\\\/#\\\/schema\\\/logo\\\/image\\\/\"},\"sameAs\":[\"https:\\\/\\\/www.facebook.com\\\/Arnold-Robot-411681249444594\\\/\",\"https:\\\/\\\/www.linkedin.com\\\/company\\\/arnold-robot\\\/\"]}]}<\/script>\n<!-- \/ Yoast SEO plugin. -->","yoast_head_json":{"title":"Online konzult\u00e1cia - Arnold Robot","description":"Demo predstavenie s\u00a0na\u0161imi konzultantmi Rezervujte si online stretnutie a uk\u00e1\u017eeme v\u00e1m, ako prieskumy od Arnolda funguj\u00fa a porad\u00edme, ako ich efekt\u00edvne","robots":{"index":"index","follow":"follow","max-snippet":"max-snippet:-1","max-image-preview":"max-image-preview:large","max-video-preview":"max-video-preview:-1"},"canonical":"https:\/\/www.arnold-robot.com\/sk\/konzultacia\/","og_locale":"sk_SK","og_type":"article","og_title":"Online konzult\u00e1cia - Arnold Robot","og_description":"Demo predstavenie s\u00a0na\u0161imi konzultantmi Rezervujte si online stretnutie a uk\u00e1\u017eeme v\u00e1m, ako prieskumy od Arnolda funguj\u00fa a porad\u00edme, ako ich efekt\u00edvne","og_url":"https:\/\/www.arnold-robot.com\/sk\/konzultacia\/","og_site_name":"Arnold Robot","article_publisher":"https:\/\/www.facebook.com\/Arnold-Robot-411681249444594\/","article_modified_time":"2026-03-04T06:03:10+00:00","og_image":[{"url":"https:\/\/www.arnold-robot.com\/static\/calc\/img\/arnold-logo-white.svg","type":"","width":"","height":""}],"twitter_card":"summary_large_image","twitter_misc":{"Predpokladan\u00fd \u010das \u010d\u00edtania":"1 min\u00fata"},"schema":{"@context":"https:\/\/schema.org","@graph":[{"@type":"WebPage","@id":"https:\/\/www.arnold-robot.com\/sk\/konzultacia\/","url":"https:\/\/www.arnold-robot.com\/sk\/konzultacia\/","name":"Online konzult\u00e1cia - Arnold Robot","isPartOf":{"@id":"https:\/\/www.arnold-robot.com\/sk\/#website"},"primaryImageOfPage":{"@id":"https:\/\/www.arnold-robot.com\/sk\/konzultacia\/#primaryimage"},"image":{"@id":"https:\/\/www.arnold-robot.com\/sk\/konzultacia\/#primaryimage"},"thumbnailUrl":"https:\/\/www.arnold-robot.com\/static\/calc\/img\/arnold-logo-white.svg","datePublished":"2026-01-22T16:19:25+00:00","dateModified":"2026-03-04T06:03:10+00:00","description":"Demo predstavenie s\u00a0na\u0161imi konzultantmi Rezervujte si online stretnutie a uk\u00e1\u017eeme v\u00e1m, ako prieskumy od Arnolda funguj\u00fa a porad\u00edme, ako ich efekt\u00edvne","breadcrumb":{"@id":"https:\/\/www.arnold-robot.com\/sk\/konzultacia\/#breadcrumb"},"inLanguage":"sk-SK","potentialAction":[{"@type":"ReadAction","target":["https:\/\/www.arnold-robot.com\/sk\/konzultacia\/"]}]},{"@type":"ImageObject","inLanguage":"sk-SK","@id":"https:\/\/www.arnold-robot.com\/sk\/konzultacia\/#primaryimage","url":"https:\/\/www.arnold-robot.com\/static\/calc\/img\/arnold-logo-white.svg","contentUrl":"https:\/\/www.arnold-robot.com\/static\/calc\/img\/arnold-logo-white.svg"},{"@type":"BreadcrumbList","@id":"https:\/\/www.arnold-robot.com\/sk\/konzultacia\/#breadcrumb","itemListElement":[{"@type":"ListItem","position":1,"name":"Home","item":"https:\/\/www.arnold-robot.com\/sk\/"},{"@type":"ListItem","position":2,"name":"Online konzult\u00e1cia"}]},{"@type":"WebSite","@id":"https:\/\/www.arnold-robot.com\/sk\/#website","url":"https:\/\/www.arnold-robot.com\/sk\/","name":"Arnold Robot","description":"Employee surveys reinvented","publisher":{"@id":"https:\/\/www.arnold-robot.com\/sk\/#organization"},"potentialAction":[{"@type":"SearchAction","target":{"@type":"EntryPoint","urlTemplate":"https:\/\/www.arnold-robot.com\/sk\/?s={search_term_string}"},"query-input":{"@type":"PropertyValueSpecification","valueRequired":true,"valueName":"search_term_string"}}],"inLanguage":"sk-SK"},{"@type":"Organization","@id":"https:\/\/www.arnold-robot.com\/sk\/#organization","name":"Arnold Robot","url":"https:\/\/www.arnold-robot.com\/sk\/","logo":{"@type":"ImageObject","inLanguage":"sk-SK","@id":"https:\/\/www.arnold-robot.com\/sk\/#\/schema\/logo\/image\/","url":"https:\/\/www.arnold-robot.com\/wp-content\/uploads\/2019\/10\/arnold_logo_A.png","contentUrl":"https:\/\/www.arnold-robot.com\/wp-content\/uploads\/2019\/10\/arnold_logo_A.png","width":1808,"height":906,"caption":"Arnold Robot"},"image":{"@id":"https:\/\/www.arnold-robot.com\/sk\/#\/schema\/logo\/image\/"},"sameAs":["https:\/\/www.facebook.com\/Arnold-Robot-411681249444594\/","https:\/\/www.linkedin.com\/company\/arnold-robot\/"]}]}},"_links":{"self":[{"href":"https:\/\/www.arnold-robot.com\/sk\/wp-json\/wp\/v2\/pages\/10163","targetHints":{"allow":["GET"]}}],"collection":[{"href":"https:\/\/www.arnold-robot.com\/sk\/wp-json\/wp\/v2\/pages"}],"about":[{"href":"https:\/\/www.arnold-robot.com\/sk\/wp-json\/wp\/v2\/types\/page"}],"author":[{"embeddable":true,"href":"https:\/\/www.arnold-robot.com\/sk\/wp-json\/wp\/v2\/users\/17"}],"replies":[{"embeddable":true,"href":"https:\/\/www.arnold-robot.com\/sk\/wp-json\/wp\/v2\/comments?post=10163"}],"version-history":[{"count":22,"href":"https:\/\/www.arnold-robot.com\/sk\/wp-json\/wp\/v2\/pages\/10163\/revisions"}],"predecessor-version":[{"id":10456,"href":"https:\/\/www.arnold-robot.com\/sk\/wp-json\/wp\/v2\/pages\/10163\/revisions\/10456"}],"wp:attachment":[{"href":"https:\/\/www.arnold-robot.com\/sk\/wp-json\/wp\/v2\/media?parent=10163"}],"curies":[{"name":"wp","href":"https:\/\/api.w.org\/{rel}","templated":true}]}}