{"id":2774,"date":"2020-09-04T06:42:33","date_gmt":"2020-09-04T06:42:33","guid":{"rendered":"https:\/\/arnold-robot.eu\/o-arnoldovi\/"},"modified":"2022-11-11T21:05:19","modified_gmt":"2022-11-11T21:05:19","slug":"o-arnoldovi","status":"publish","type":"page","link":"https:\/\/www.arnold-robot.com\/sk\/o-arnoldovi\/","title":{"rendered":"O Arnoldovi"},"content":{"rendered":"\t\t<div data-elementor-type=\"wp-page\" data-elementor-id=\"2774\" class=\"elementor elementor-2774 elementor-1637\" data-elementor-post-type=\"page\">\n\t\t\t\t\t\t<section class=\"elementor-section elementor-top-section elementor-element elementor-element-1dbc5a1 elementor-section-boxed elementor-section-height-default elementor-section-height-default\" data-id=\"1dbc5a1\" data-element_type=\"section\" data-e-type=\"section\">\n\t\t\t\t\t\t<div class=\"elementor-container elementor-column-gap-default\">\n\t\t\t\t\t<div class=\"elementor-column elementor-col-100 elementor-top-column elementor-element elementor-element-66a8536\" data-id=\"66a8536\" data-element_type=\"column\" data-e-type=\"column\">\n\t\t\t<div class=\"elementor-widget-wrap elementor-element-populated\">\n\t\t\t\t\t\t<div class=\"elementor-element elementor-element-6700863 elementor-widget elementor-widget-heading\" data-id=\"6700863\" data-element_type=\"widget\" data-e-type=\"widget\" data-widget_type=\"heading.default\">\n\t\t\t\t<div class=\"elementor-widget-container\">\n\t\t\t\t\t<h1 class=\"elementor-heading-title elementor-size-default\">O Arnoldovi<\/h1>\t\t\t\t<\/div>\n\t\t\t\t<\/div>\n\t\t\t\t\t<\/div>\n\t\t<\/div>\n\t\t\t\t\t<\/div>\n\t\t<\/section>\n\t\t\t\t<section class=\"elementor-section elementor-top-section elementor-element elementor-element-1af44ab elementor-section-boxed elementor-section-height-default elementor-section-height-default\" data-id=\"1af44ab\" data-element_type=\"section\" data-e-type=\"section\">\n\t\t\t\t\t\t<div class=\"elementor-container elementor-column-gap-default\">\n\t\t\t\t\t<div class=\"elementor-column elementor-col-100 elementor-top-column elementor-element elementor-element-124a142\" data-id=\"124a142\" data-element_type=\"column\" data-e-type=\"column\">\n\t\t\t<div class=\"elementor-widget-wrap elementor-element-populated\">\n\t\t\t\t\t\t<div class=\"elementor-element elementor-element-d86fb9a elementor-widget elementor-widget-text-editor\" data-id=\"d86fb9a\" data-element_type=\"widget\" data-e-type=\"widget\" data-widget_type=\"text-editor.default\">\n\t\t\t\t<div class=\"elementor-widget-container\">\n\t\t\t\t\t\t\t\t\t<p>Misiou Arnolda je vyladi\u0165 fungovanie firiem a t\u00edmov, aby sa \u013eudia v pr\u00e1ci c\u00edtili dobre a spolo\u010dne nap\u013a\u0148ali svoje ciele. Arnold je spolo\u010dn\u00edkom na celej ceste zamestnanca \u2013 kandid\u00e1tov prevedie n\u00e1borom, nov\u00e1\u010dikov adapta\u010dnou dobou, pri zamestnancoch potom priebe\u017ene overuje ich spokojnos\u0165 a potreby. Ke\u010f sa spr\u00e1vne a pravidelne vyu\u017e\u00edva, zaist\u00ed harm\u00f3niu medzi \u013eu\u010fmi v t\u00edmoch a v celej va\u0161ej firme. Pom\u00f4\u017ee hlavne tam, kde je v\u00f4\u013ea ladi\u0165 a prep\u00e1ja\u0165 \u013eud\u00ed, in\u00fdmi slovami tam, kde je norm\u00e1lne, \u017ee \u013eudia otvorene komunikuj\u00fa. K spr\u00e1vnym u\u0161iam potom doputuj\u00fa aj tak\u00e9 tie veci, o ktor\u00fdch si \u013eudia niekedy brbl\u00fa r\u00e1no pri k\u00e1ve alebo dnes mo\u017eno \u010dastej\u0161ie na chate a cez Teams. Niekedy s\u00fa to pr\u00e1ve tieto \u201emal\u00e9 veci\u201d, pri ktor\u00fdch \u013eudia najviac ocenia, ke\u010f sa vyrie\u0161ia.<\/p>\n<p>Ver\u00edme, \u017ee s Arnoldom dok\u00e1\u017eeme pom\u00f4c\u0165, aby sa \u013eudia c\u00edtili v pr\u00e1ci dobre, preto\u017ee vidia, \u017ee na ich n\u00e1zore z\u00e1le\u017e\u00ed. Navy\u0161e \u013eudia v tak\u00fdchto vyladen\u00fdch a funguj\u00facich t\u00edmoch spolo\u010dne veci \u013eah\u0161ie pos\u00favaj\u00fa, nech u\u017e s\u00fa ich osobn\u00e9 alebo spolo\u010dn\u00e9 t\u00edmov\u00e9 a firemn\u00e9 ciele akoko\u013evek ambici\u00f3zne.<\/p>\n\t\t\t\t\t\t\t\t<\/div>\n\t\t\t\t<\/div>\n\t\t\t\t\t<\/div>\n\t\t<\/div>\n\t\t\t\t\t<\/div>\n\t\t<\/section>\n\t\t\t\t<\/div>\n\t\t","protected":false},"excerpt":{"rendered":"<p>O Arnoldovi Misiou Arnolda je vyladi\u0165 fungovanie firiem a t\u00edmov, aby sa \u013eudia v pr\u00e1ci c\u00edtili dobre a spolo\u010dne nap\u013a\u0148ali svoje ciele. Arnold je spolo\u010dn\u00edkom na celej ceste zamestnanca \u2013 kandid\u00e1tov prevedie n\u00e1borom, nov\u00e1\u010dikov adapta\u010dnou dobou, pri zamestnancoch potom priebe\u017ene overuje ich spokojnos\u0165 a potreby. Ke\u010f sa spr\u00e1vne a pravidelne vyu\u017e\u00edva, zaist\u00ed harm\u00f3niu medzi \u013eu\u010fmi [&hellip;]<\/p>\n","protected":false},"author":1,"featured_media":0,"parent":0,"menu_order":0,"comment_status":"closed","ping_status":"closed","template":"elementor_header_footer","meta":{"inline_featured_image":false,"footnotes":""},"class_list":["post-2774","page","type-page","status-publish","hentry"],"yoast_head":"<!-- This site is optimized with the Yoast SEO plugin v27.5 - https:\/\/yoast.com\/product\/yoast-seo-wordpress\/ -->\n<title>O Arnoldovi - Arnold Robot<\/title>\n<meta name=\"description\" content=\"O Arnoldovi Misiou Arnolda je vyladi\u0165 fungovanie firiem a t\u00edmov, aby sa \u013eudia v pr\u00e1ci c\u00edtili dobre a spolo\u010dne nap\u013a\u0148ali svoje ciele. Arnold je spolo\u010dn\u00edkom\" \/>\n<meta name=\"robots\" content=\"index, follow, max-snippet:-1, max-image-preview:large, max-video-preview:-1\" \/>\n<link rel=\"canonical\" href=\"https:\/\/www.arnold-robot.com\/sk\/o-arnoldovi\/\" \/>\n<meta property=\"og:locale\" content=\"sk_SK\" \/>\n<meta property=\"og:type\" content=\"article\" \/>\n<meta property=\"og:title\" content=\"O Arnoldovi - Arnold Robot\" \/>\n<meta property=\"og:description\" content=\"O Arnoldovi Misiou Arnolda je vyladi\u0165 fungovanie firiem a t\u00edmov, aby sa \u013eudia v pr\u00e1ci c\u00edtili dobre a spolo\u010dne nap\u013a\u0148ali svoje ciele. Arnold je spolo\u010dn\u00edkom\" \/>\n<meta property=\"og:url\" content=\"https:\/\/www.arnold-robot.com\/sk\/o-arnoldovi\/\" \/>\n<meta property=\"og:site_name\" content=\"Arnold Robot\" \/>\n<meta property=\"article:publisher\" content=\"https:\/\/www.facebook.com\/Arnold-Robot-411681249444594\/\" \/>\n<meta property=\"article:modified_time\" content=\"2022-11-11T21:05:19+00:00\" \/>\n<meta property=\"og:image\" content=\"https:\/\/www.arnold-robot.com\/wp-content\/uploads\/2020\/10\/ShareTag-EN.jpg\" \/>\n\t<meta property=\"og:image:width\" content=\"1200\" \/>\n\t<meta property=\"og:image:height\" content=\"628\" \/>\n\t<meta property=\"og:image:type\" content=\"image\/jpeg\" \/>\n<meta name=\"twitter:card\" content=\"summary_large_image\" \/>\n<meta name=\"twitter:label1\" content=\"Predpokladan\u00fd \u010das \u010d\u00edtania\" \/>\n\t<meta name=\"twitter:data1\" content=\"1 min\u00fata\" \/>\n<script type=\"application\/ld+json\" class=\"yoast-schema-graph\">{\"@context\":\"https:\\\/\\\/schema.org\",\"@graph\":[{\"@type\":\"WebPage\",\"@id\":\"https:\\\/\\\/www.arnold-robot.com\\\/sk\\\/o-arnoldovi\\\/\",\"url\":\"https:\\\/\\\/www.arnold-robot.com\\\/sk\\\/o-arnoldovi\\\/\",\"name\":\"O Arnoldovi - Arnold Robot\",\"isPartOf\":{\"@id\":\"https:\\\/\\\/www.arnold-robot.com\\\/sk\\\/#website\"},\"datePublished\":\"2020-09-04T06:42:33+00:00\",\"dateModified\":\"2022-11-11T21:05:19+00:00\",\"description\":\"O Arnoldovi Misiou Arnolda je vyladi\u0165 fungovanie firiem a t\u00edmov, aby sa \u013eudia v pr\u00e1ci c\u00edtili dobre a spolo\u010dne nap\u013a\u0148ali svoje ciele. Arnold je spolo\u010dn\u00edkom\",\"breadcrumb\":{\"@id\":\"https:\\\/\\\/www.arnold-robot.com\\\/sk\\\/o-arnoldovi\\\/#breadcrumb\"},\"inLanguage\":\"sk-SK\",\"potentialAction\":[{\"@type\":\"ReadAction\",\"target\":[\"https:\\\/\\\/www.arnold-robot.com\\\/sk\\\/o-arnoldovi\\\/\"]}]},{\"@type\":\"BreadcrumbList\",\"@id\":\"https:\\\/\\\/www.arnold-robot.com\\\/sk\\\/o-arnoldovi\\\/#breadcrumb\",\"itemListElement\":[{\"@type\":\"ListItem\",\"position\":1,\"name\":\"Home\",\"item\":\"https:\\\/\\\/www.arnold-robot.com\\\/sk\\\/\"},{\"@type\":\"ListItem\",\"position\":2,\"name\":\"O Arnoldovi\"}]},{\"@type\":\"WebSite\",\"@id\":\"https:\\\/\\\/www.arnold-robot.com\\\/sk\\\/#website\",\"url\":\"https:\\\/\\\/www.arnold-robot.com\\\/sk\\\/\",\"name\":\"Arnold Robot\",\"description\":\"Employee surveys reinvented\",\"publisher\":{\"@id\":\"https:\\\/\\\/www.arnold-robot.com\\\/sk\\\/#organization\"},\"potentialAction\":[{\"@type\":\"SearchAction\",\"target\":{\"@type\":\"EntryPoint\",\"urlTemplate\":\"https:\\\/\\\/www.arnold-robot.com\\\/sk\\\/?s={search_term_string}\"},\"query-input\":{\"@type\":\"PropertyValueSpecification\",\"valueRequired\":true,\"valueName\":\"search_term_string\"}}],\"inLanguage\":\"sk-SK\"},{\"@type\":\"Organization\",\"@id\":\"https:\\\/\\\/www.arnold-robot.com\\\/sk\\\/#organization\",\"name\":\"Arnold Robot\",\"url\":\"https:\\\/\\\/www.arnold-robot.com\\\/sk\\\/\",\"logo\":{\"@type\":\"ImageObject\",\"inLanguage\":\"sk-SK\",\"@id\":\"https:\\\/\\\/www.arnold-robot.com\\\/sk\\\/#\\\/schema\\\/logo\\\/image\\\/\",\"url\":\"https:\\\/\\\/www.arnold-robot.com\\\/wp-content\\\/uploads\\\/2019\\\/10\\\/arnold_logo_A.png\",\"contentUrl\":\"https:\\\/\\\/www.arnold-robot.com\\\/wp-content\\\/uploads\\\/2019\\\/10\\\/arnold_logo_A.png\",\"width\":1808,\"height\":906,\"caption\":\"Arnold Robot\"},\"image\":{\"@id\":\"https:\\\/\\\/www.arnold-robot.com\\\/sk\\\/#\\\/schema\\\/logo\\\/image\\\/\"},\"sameAs\":[\"https:\\\/\\\/www.facebook.com\\\/Arnold-Robot-411681249444594\\\/\",\"https:\\\/\\\/www.linkedin.com\\\/company\\\/arnold-robot\\\/\"]}]}<\/script>\n<!-- \/ Yoast SEO plugin. -->","yoast_head_json":{"title":"O Arnoldovi - Arnold Robot","description":"O Arnoldovi Misiou Arnolda je vyladi\u0165 fungovanie firiem a t\u00edmov, aby sa \u013eudia v pr\u00e1ci c\u00edtili dobre a spolo\u010dne nap\u013a\u0148ali svoje ciele. Arnold je spolo\u010dn\u00edkom","robots":{"index":"index","follow":"follow","max-snippet":"max-snippet:-1","max-image-preview":"max-image-preview:large","max-video-preview":"max-video-preview:-1"},"canonical":"https:\/\/www.arnold-robot.com\/sk\/o-arnoldovi\/","og_locale":"sk_SK","og_type":"article","og_title":"O Arnoldovi - Arnold Robot","og_description":"O Arnoldovi Misiou Arnolda je vyladi\u0165 fungovanie firiem a t\u00edmov, aby sa \u013eudia v pr\u00e1ci c\u00edtili dobre a spolo\u010dne nap\u013a\u0148ali svoje ciele. Arnold je spolo\u010dn\u00edkom","og_url":"https:\/\/www.arnold-robot.com\/sk\/o-arnoldovi\/","og_site_name":"Arnold Robot","article_publisher":"https:\/\/www.facebook.com\/Arnold-Robot-411681249444594\/","article_modified_time":"2022-11-11T21:05:19+00:00","og_image":[{"width":1200,"height":628,"url":"https:\/\/www.arnold-robot.com\/wp-content\/uploads\/2020\/10\/ShareTag-EN.jpg","type":"image\/jpeg"}],"twitter_card":"summary_large_image","twitter_misc":{"Predpokladan\u00fd \u010das \u010d\u00edtania":"1 min\u00fata"},"schema":{"@context":"https:\/\/schema.org","@graph":[{"@type":"WebPage","@id":"https:\/\/www.arnold-robot.com\/sk\/o-arnoldovi\/","url":"https:\/\/www.arnold-robot.com\/sk\/o-arnoldovi\/","name":"O Arnoldovi - Arnold Robot","isPartOf":{"@id":"https:\/\/www.arnold-robot.com\/sk\/#website"},"datePublished":"2020-09-04T06:42:33+00:00","dateModified":"2022-11-11T21:05:19+00:00","description":"O Arnoldovi Misiou Arnolda je vyladi\u0165 fungovanie firiem a t\u00edmov, aby sa \u013eudia v pr\u00e1ci c\u00edtili dobre a spolo\u010dne nap\u013a\u0148ali svoje ciele. Arnold je spolo\u010dn\u00edkom","breadcrumb":{"@id":"https:\/\/www.arnold-robot.com\/sk\/o-arnoldovi\/#breadcrumb"},"inLanguage":"sk-SK","potentialAction":[{"@type":"ReadAction","target":["https:\/\/www.arnold-robot.com\/sk\/o-arnoldovi\/"]}]},{"@type":"BreadcrumbList","@id":"https:\/\/www.arnold-robot.com\/sk\/o-arnoldovi\/#breadcrumb","itemListElement":[{"@type":"ListItem","position":1,"name":"Home","item":"https:\/\/www.arnold-robot.com\/sk\/"},{"@type":"ListItem","position":2,"name":"O Arnoldovi"}]},{"@type":"WebSite","@id":"https:\/\/www.arnold-robot.com\/sk\/#website","url":"https:\/\/www.arnold-robot.com\/sk\/","name":"Arnold Robot","description":"Employee surveys reinvented","publisher":{"@id":"https:\/\/www.arnold-robot.com\/sk\/#organization"},"potentialAction":[{"@type":"SearchAction","target":{"@type":"EntryPoint","urlTemplate":"https:\/\/www.arnold-robot.com\/sk\/?s={search_term_string}"},"query-input":{"@type":"PropertyValueSpecification","valueRequired":true,"valueName":"search_term_string"}}],"inLanguage":"sk-SK"},{"@type":"Organization","@id":"https:\/\/www.arnold-robot.com\/sk\/#organization","name":"Arnold Robot","url":"https:\/\/www.arnold-robot.com\/sk\/","logo":{"@type":"ImageObject","inLanguage":"sk-SK","@id":"https:\/\/www.arnold-robot.com\/sk\/#\/schema\/logo\/image\/","url":"https:\/\/www.arnold-robot.com\/wp-content\/uploads\/2019\/10\/arnold_logo_A.png","contentUrl":"https:\/\/www.arnold-robot.com\/wp-content\/uploads\/2019\/10\/arnold_logo_A.png","width":1808,"height":906,"caption":"Arnold Robot"},"image":{"@id":"https:\/\/www.arnold-robot.com\/sk\/#\/schema\/logo\/image\/"},"sameAs":["https:\/\/www.facebook.com\/Arnold-Robot-411681249444594\/","https:\/\/www.linkedin.com\/company\/arnold-robot\/"]}]}},"_links":{"self":[{"href":"https:\/\/www.arnold-robot.com\/sk\/wp-json\/wp\/v2\/pages\/2774","targetHints":{"allow":["GET"]}}],"collection":[{"href":"https:\/\/www.arnold-robot.com\/sk\/wp-json\/wp\/v2\/pages"}],"about":[{"href":"https:\/\/www.arnold-robot.com\/sk\/wp-json\/wp\/v2\/types\/page"}],"author":[{"embeddable":true,"href":"https:\/\/www.arnold-robot.com\/sk\/wp-json\/wp\/v2\/users\/1"}],"replies":[{"embeddable":true,"href":"https:\/\/www.arnold-robot.com\/sk\/wp-json\/wp\/v2\/comments?post=2774"}],"version-history":[{"count":8,"href":"https:\/\/www.arnold-robot.com\/sk\/wp-json\/wp\/v2\/pages\/2774\/revisions"}],"predecessor-version":[{"id":8361,"href":"https:\/\/www.arnold-robot.com\/sk\/wp-json\/wp\/v2\/pages\/2774\/revisions\/8361"}],"wp:attachment":[{"href":"https:\/\/www.arnold-robot.com\/sk\/wp-json\/wp\/v2\/media?parent=2774"}],"curies":[{"name":"wp","href":"https:\/\/api.w.org\/{rel}","templated":true}]}}