{"id":7550,"date":"2022-08-23T16:39:25","date_gmt":"2022-08-23T16:39:25","guid":{"rendered":"https:\/\/www.arnold-robot.com\/konverzacia\/"},"modified":"2022-12-07T09:53:26","modified_gmt":"2022-12-07T09:53:26","slug":"konverzacia","status":"publish","type":"page","link":"https:\/\/www.arnold-robot.com\/sk\/konverzacia\/","title":{"rendered":"Konverz\u00e1cia"},"content":{"rendered":"\t\t<div data-elementor-type=\"wp-page\" data-elementor-id=\"7550\" class=\"elementor elementor-7550 elementor-6834\" data-elementor-post-type=\"page\">\n\t\t\t\t\t\t<section class=\"elementor-section elementor-top-section elementor-element elementor-element-fe4dd98 elementor-section-boxed elementor-section-height-default elementor-section-height-default\" data-id=\"fe4dd98\" data-element_type=\"section\" data-e-type=\"section\">\n\t\t\t\t\t\t<div class=\"elementor-container elementor-column-gap-default\">\n\t\t\t\t\t<div class=\"elementor-column elementor-col-50 elementor-top-column elementor-element elementor-element-e4e38db\" data-id=\"e4e38db\" data-element_type=\"column\" data-e-type=\"column\">\n\t\t\t<div class=\"elementor-widget-wrap elementor-element-populated\">\n\t\t\t\t\t\t<div class=\"elementor-element elementor-element-819ec3b elementor-widget elementor-widget-html\" data-id=\"819ec3b\" data-element_type=\"widget\" data-e-type=\"widget\" data-widget_type=\"html.default\">\n\t\t\t\t<div class=\"elementor-widget-container\">\n\t\t\t\t\t<div style=\"text-align: center;\"><iframe src=\"https:\/\/talk.arnold-robot.com\/surveys\/dDNn6oLi2T_k2HX1A4cO3\" height=\"600\" style=\"width: 350px; max-width: 100%; height: 90vh;max-height: 600px\"><\/iframe><\/div>\t\t\t\t<\/div>\n\t\t\t\t<\/div>\n\t\t\t\t\t<\/div>\n\t\t<\/div>\n\t\t\t\t<div class=\"elementor-column elementor-col-50 elementor-top-column elementor-element elementor-element-53ff54d\" data-id=\"53ff54d\" data-element_type=\"column\" data-e-type=\"column\">\n\t\t\t<div class=\"elementor-widget-wrap elementor-element-populated\">\n\t\t\t\t\t\t<div class=\"elementor-element elementor-element-068a775 elementor-hidden-phone elementor-widget elementor-widget-spacer\" data-id=\"068a775\" data-element_type=\"widget\" data-e-type=\"widget\" data-widget_type=\"spacer.default\">\n\t\t\t\t<div class=\"elementor-widget-container\">\n\t\t\t\t\t\t\t<div class=\"elementor-spacer\">\n\t\t\t<div class=\"elementor-spacer-inner\"><\/div>\n\t\t<\/div>\n\t\t\t\t\t\t<\/div>\n\t\t\t\t<\/div>\n\t\t\t\t<div class=\"elementor-element elementor-element-bbfa37d elementor-widget elementor-widget-heading\" data-id=\"bbfa37d\" data-element_type=\"widget\" data-e-type=\"widget\" data-widget_type=\"heading.default\">\n\t\t\t\t<div class=\"elementor-widget-container\">\n\t\t\t\t\t<h1 class=\"elementor-heading-title elementor-size-default\">Pozhov\u00e1rajte sa s Arnoldom<\/h1>\t\t\t\t<\/div>\n\t\t\t\t<\/div>\n\t\t\t\t<div class=\"elementor-element elementor-element-6e5a0da elementor-widget elementor-widget-text-editor\" data-id=\"6e5a0da\" data-element_type=\"widget\" data-e-type=\"widget\" data-widget_type=\"text-editor.default\">\n\t\t\t\t<div class=\"elementor-widget-container\">\n\t\t\t\t\t\t\t\t\t<p>Takto vyzer\u00e1 Arnoldova konverz\u00e1cia na t\u00e9mu Spokojnos\u0165 v pr\u00e1ci.<\/p>\n<p>Arnold funguje ako webov\u00e1 str\u00e1nka, nemus\u00edte teda in\u0161talova\u0165 \u017eiadnu aplik\u00e1ciu ani \u017eiada\u0165 o povolenie IT oddelenie.<\/p>\n<p>Sta\u010d\u00ed, ke\u010f do Arnolda nahr\u00e1te kontakty na \u00fa\u010dastn\u00edkov, vyberiete jednu z konverz\u00e1ci\u00ed a Arnold s\u00e1m v\u0161etk\u00fdm rozo\u0161le pozv\u00e1nky s unik\u00e1tnym odkazom bu\u010f e-mailom alebo SMS spr\u00e1vou.<\/p>\n<p>Vie sa aj pripomen\u00fa\u0165 \u013eu\u010fom, ktor\u00ed zatia\u013e konverz\u00e1ciu nevyplnili a v momente, ke\u010f prieskum skon\u010d\u00ed, pre v\u00e1s m\u00e1 pripraven\u00e9 reporty s v\u00fdsledkami.<\/p>\n\t\t\t\t\t\t\t\t<\/div>\n\t\t\t\t<\/div>\n\t\t\t\t<div class=\"elementor-element elementor-element-bc440c1 elementor-align-left elementor-tablet-align-right elementor-mobile-align-center elementor-widget elementor-widget-button\" data-id=\"bc440c1\" data-element_type=\"widget\" data-e-type=\"widget\" data-widget_type=\"button.default\">\n\t\t\t\t<div class=\"elementor-widget-container\">\n\t\t\t\t\t\t\t\t\t<div class=\"elementor-button-wrapper\">\n\t\t\t\t\t<a class=\"elementor-button elementor-button-link elementor-size-md\" href=\"https:\/\/talk.arnold-robot.com\/report\/3235b6fa-d9d6-4fd0-b1bc-731adc0b1387\">\n\t\t\t\t\t\t<span class=\"elementor-button-content-wrapper\">\n\t\t\t\t\t\t\t\t\t<span class=\"elementor-button-text\">Zobrazi\u0165 report<\/span>\n\t\t\t\t\t<\/span>\n\t\t\t\t\t<\/a>\n\t\t\t\t<\/div>\n\t\t\t\t\t\t\t\t<\/div>\n\t\t\t\t<\/div>\n\t\t\t\t\t<\/div>\n\t\t<\/div>\n\t\t\t\t\t<\/div>\n\t\t<\/section>\n\t\t\t\t<section class=\"elementor-section elementor-top-section elementor-element elementor-element-aadc0b6 elementor-section-boxed elementor-section-height-default elementor-section-height-default\" data-id=\"aadc0b6\" data-element_type=\"section\" data-e-type=\"section\" data-settings=\"{&quot;background_background&quot;:&quot;classic&quot;}\">\n\t\t\t\t\t\t<div class=\"elementor-container elementor-column-gap-default\">\n\t\t\t\t\t<div class=\"elementor-column elementor-col-100 elementor-top-column elementor-element elementor-element-5c82fbd\" data-id=\"5c82fbd\" data-element_type=\"column\" data-e-type=\"column\">\n\t\t\t<div class=\"elementor-widget-wrap elementor-element-populated\">\n\t\t\t\t\t\t<div class=\"elementor-element elementor-element-fc91aa1 elementor-align-center elementor-tablet-align-right elementor-mobile-align-center elementor-widget elementor-widget-button\" data-id=\"fc91aa1\" data-element_type=\"widget\" data-e-type=\"widget\" data-widget_type=\"button.default\">\n\t\t\t\t<div class=\"elementor-widget-container\">\n\t\t\t\t\t\t\t\t\t<div class=\"elementor-button-wrapper\">\n\t\t\t\t\t<a class=\"elementor-button elementor-button-link elementor-size-md\" href=\"https:\/\/www.arnold-robot.com\/sk\/?page_id=4510\">\n\t\t\t\t\t\t<span class=\"elementor-button-content-wrapper\">\n\t\t\t\t\t\t\t\t\t<span class=\"elementor-button-text\">Vysk\u00fa\u0161a\u0165 zdarma<\/span>\n\t\t\t\t\t<\/span>\n\t\t\t\t\t<\/a>\n\t\t\t\t<\/div>\n\t\t\t\t\t\t\t\t<\/div>\n\t\t\t\t<\/div>\n\t\t\t\t\t<\/div>\n\t\t<\/div>\n\t\t\t\t\t<\/div>\n\t\t<\/section>\n\t\t\t\t<\/div>\n\t\t","protected":false},"excerpt":{"rendered":"<p>Pozhov\u00e1rajte sa s Arnoldom Takto vyzer\u00e1 Arnoldova konverz\u00e1cia na t\u00e9mu Spokojnos\u0165 v pr\u00e1ci. Arnold funguje ako webov\u00e1 str\u00e1nka, nemus\u00edte teda in\u0161talova\u0165 \u017eiadnu aplik\u00e1ciu ani \u017eiada\u0165 o povolenie IT oddelenie. Sta\u010d\u00ed, ke\u010f do Arnolda nahr\u00e1te kontakty na \u00fa\u010dastn\u00edkov, vyberiete jednu z konverz\u00e1ci\u00ed a Arnold s\u00e1m v\u0161etk\u00fdm rozo\u0161le pozv\u00e1nky s unik\u00e1tnym odkazom bu\u010f e-mailom alebo SMS spr\u00e1vou. [&hellip;]<\/p>\n","protected":false},"author":2,"featured_media":0,"parent":0,"menu_order":0,"comment_status":"closed","ping_status":"closed","template":"elementor_header_footer","meta":{"inline_featured_image":false,"footnotes":""},"class_list":["post-7550","page","type-page","status-publish","hentry"],"yoast_head":"<!-- This site is optimized with the Yoast SEO plugin v27.4 - https:\/\/yoast.com\/product\/yoast-seo-wordpress\/ -->\n<title>Konverz\u00e1cia - Arnold Robot<\/title>\n<meta name=\"description\" content=\"Pozhov\u00e1rajte sa s Arnoldom Takto vyzer\u00e1 Arnoldova konverz\u00e1cia na t\u00e9mu Spokojnos\u0165 v pr\u00e1ci. Arnold funguje ako webov\u00e1 str\u00e1nka, nemus\u00edte teda in\u0161talova\u0165\" \/>\n<meta name=\"robots\" content=\"index, follow, max-snippet:-1, max-image-preview:large, max-video-preview:-1\" \/>\n<link rel=\"canonical\" href=\"https:\/\/www.arnold-robot.com\/sk\/konverzacia\/\" \/>\n<meta property=\"og:locale\" content=\"sk_SK\" \/>\n<meta property=\"og:type\" content=\"article\" \/>\n<meta property=\"og:title\" content=\"Konverz\u00e1cia - Arnold Robot\" \/>\n<meta property=\"og:description\" content=\"Pozhov\u00e1rajte sa s Arnoldom Takto vyzer\u00e1 Arnoldova konverz\u00e1cia na t\u00e9mu Spokojnos\u0165 v pr\u00e1ci. Arnold funguje ako webov\u00e1 str\u00e1nka, nemus\u00edte teda in\u0161talova\u0165\" \/>\n<meta property=\"og:url\" content=\"https:\/\/www.arnold-robot.com\/sk\/konverzacia\/\" \/>\n<meta property=\"og:site_name\" content=\"Arnold Robot\" \/>\n<meta property=\"article:publisher\" content=\"https:\/\/www.facebook.com\/Arnold-Robot-411681249444594\/\" \/>\n<meta property=\"article:modified_time\" content=\"2022-12-07T09:53:26+00:00\" \/>\n<meta property=\"og:image\" content=\"https:\/\/www.arnold-robot.com\/wp-content\/uploads\/2020\/10\/ShareTag-EN.jpg\" \/>\n\t<meta property=\"og:image:width\" content=\"1200\" \/>\n\t<meta property=\"og:image:height\" content=\"628\" \/>\n\t<meta property=\"og:image:type\" content=\"image\/jpeg\" \/>\n<meta name=\"twitter:card\" content=\"summary_large_image\" \/>\n<meta name=\"twitter:label1\" content=\"Predpokladan\u00fd \u010das \u010d\u00edtania\" \/>\n\t<meta name=\"twitter:data1\" content=\"1 min\u00fata\" \/>\n<script type=\"application\/ld+json\" class=\"yoast-schema-graph\">{\"@context\":\"https:\\\/\\\/schema.org\",\"@graph\":[{\"@type\":\"WebPage\",\"@id\":\"https:\\\/\\\/www.arnold-robot.com\\\/sk\\\/konverzacia\\\/\",\"url\":\"https:\\\/\\\/www.arnold-robot.com\\\/sk\\\/konverzacia\\\/\",\"name\":\"Konverz\u00e1cia - Arnold Robot\",\"isPartOf\":{\"@id\":\"https:\\\/\\\/www.arnold-robot.com\\\/sk\\\/#website\"},\"datePublished\":\"2022-08-23T16:39:25+00:00\",\"dateModified\":\"2022-12-07T09:53:26+00:00\",\"description\":\"Pozhov\u00e1rajte sa s Arnoldom Takto vyzer\u00e1 Arnoldova konverz\u00e1cia na t\u00e9mu Spokojnos\u0165 v pr\u00e1ci. Arnold funguje ako webov\u00e1 str\u00e1nka, nemus\u00edte teda in\u0161talova\u0165\",\"breadcrumb\":{\"@id\":\"https:\\\/\\\/www.arnold-robot.com\\\/sk\\\/konverzacia\\\/#breadcrumb\"},\"inLanguage\":\"sk-SK\",\"potentialAction\":[{\"@type\":\"ReadAction\",\"target\":[\"https:\\\/\\\/www.arnold-robot.com\\\/sk\\\/konverzacia\\\/\"]}]},{\"@type\":\"BreadcrumbList\",\"@id\":\"https:\\\/\\\/www.arnold-robot.com\\\/sk\\\/konverzacia\\\/#breadcrumb\",\"itemListElement\":[{\"@type\":\"ListItem\",\"position\":1,\"name\":\"Home\",\"item\":\"https:\\\/\\\/www.arnold-robot.com\\\/sk\\\/\"},{\"@type\":\"ListItem\",\"position\":2,\"name\":\"Konverz\u00e1cia\"}]},{\"@type\":\"WebSite\",\"@id\":\"https:\\\/\\\/www.arnold-robot.com\\\/sk\\\/#website\",\"url\":\"https:\\\/\\\/www.arnold-robot.com\\\/sk\\\/\",\"name\":\"Arnold Robot\",\"description\":\"Employee surveys reinvented\",\"publisher\":{\"@id\":\"https:\\\/\\\/www.arnold-robot.com\\\/sk\\\/#organization\"},\"potentialAction\":[{\"@type\":\"SearchAction\",\"target\":{\"@type\":\"EntryPoint\",\"urlTemplate\":\"https:\\\/\\\/www.arnold-robot.com\\\/sk\\\/?s={search_term_string}\"},\"query-input\":{\"@type\":\"PropertyValueSpecification\",\"valueRequired\":true,\"valueName\":\"search_term_string\"}}],\"inLanguage\":\"sk-SK\"},{\"@type\":\"Organization\",\"@id\":\"https:\\\/\\\/www.arnold-robot.com\\\/sk\\\/#organization\",\"name\":\"Arnold Robot\",\"url\":\"https:\\\/\\\/www.arnold-robot.com\\\/sk\\\/\",\"logo\":{\"@type\":\"ImageObject\",\"inLanguage\":\"sk-SK\",\"@id\":\"https:\\\/\\\/www.arnold-robot.com\\\/sk\\\/#\\\/schema\\\/logo\\\/image\\\/\",\"url\":\"https:\\\/\\\/www.arnold-robot.com\\\/wp-content\\\/uploads\\\/2019\\\/10\\\/arnold_logo_A.png\",\"contentUrl\":\"https:\\\/\\\/www.arnold-robot.com\\\/wp-content\\\/uploads\\\/2019\\\/10\\\/arnold_logo_A.png\",\"width\":1808,\"height\":906,\"caption\":\"Arnold Robot\"},\"image\":{\"@id\":\"https:\\\/\\\/www.arnold-robot.com\\\/sk\\\/#\\\/schema\\\/logo\\\/image\\\/\"},\"sameAs\":[\"https:\\\/\\\/www.facebook.com\\\/Arnold-Robot-411681249444594\\\/\",\"https:\\\/\\\/www.linkedin.com\\\/company\\\/arnold-robot\\\/\"]}]}<\/script>\n<!-- \/ Yoast SEO plugin. -->","yoast_head_json":{"title":"Konverz\u00e1cia - Arnold Robot","description":"Pozhov\u00e1rajte sa s Arnoldom Takto vyzer\u00e1 Arnoldova konverz\u00e1cia na t\u00e9mu Spokojnos\u0165 v pr\u00e1ci. Arnold funguje ako webov\u00e1 str\u00e1nka, nemus\u00edte teda in\u0161talova\u0165","robots":{"index":"index","follow":"follow","max-snippet":"max-snippet:-1","max-image-preview":"max-image-preview:large","max-video-preview":"max-video-preview:-1"},"canonical":"https:\/\/www.arnold-robot.com\/sk\/konverzacia\/","og_locale":"sk_SK","og_type":"article","og_title":"Konverz\u00e1cia - Arnold Robot","og_description":"Pozhov\u00e1rajte sa s Arnoldom Takto vyzer\u00e1 Arnoldova konverz\u00e1cia na t\u00e9mu Spokojnos\u0165 v pr\u00e1ci. Arnold funguje ako webov\u00e1 str\u00e1nka, nemus\u00edte teda in\u0161talova\u0165","og_url":"https:\/\/www.arnold-robot.com\/sk\/konverzacia\/","og_site_name":"Arnold Robot","article_publisher":"https:\/\/www.facebook.com\/Arnold-Robot-411681249444594\/","article_modified_time":"2022-12-07T09:53:26+00:00","og_image":[{"width":1200,"height":628,"url":"https:\/\/www.arnold-robot.com\/wp-content\/uploads\/2020\/10\/ShareTag-EN.jpg","type":"image\/jpeg"}],"twitter_card":"summary_large_image","twitter_misc":{"Predpokladan\u00fd \u010das \u010d\u00edtania":"1 min\u00fata"},"schema":{"@context":"https:\/\/schema.org","@graph":[{"@type":"WebPage","@id":"https:\/\/www.arnold-robot.com\/sk\/konverzacia\/","url":"https:\/\/www.arnold-robot.com\/sk\/konverzacia\/","name":"Konverz\u00e1cia - Arnold Robot","isPartOf":{"@id":"https:\/\/www.arnold-robot.com\/sk\/#website"},"datePublished":"2022-08-23T16:39:25+00:00","dateModified":"2022-12-07T09:53:26+00:00","description":"Pozhov\u00e1rajte sa s Arnoldom Takto vyzer\u00e1 Arnoldova konverz\u00e1cia na t\u00e9mu Spokojnos\u0165 v pr\u00e1ci. Arnold funguje ako webov\u00e1 str\u00e1nka, nemus\u00edte teda in\u0161talova\u0165","breadcrumb":{"@id":"https:\/\/www.arnold-robot.com\/sk\/konverzacia\/#breadcrumb"},"inLanguage":"sk-SK","potentialAction":[{"@type":"ReadAction","target":["https:\/\/www.arnold-robot.com\/sk\/konverzacia\/"]}]},{"@type":"BreadcrumbList","@id":"https:\/\/www.arnold-robot.com\/sk\/konverzacia\/#breadcrumb","itemListElement":[{"@type":"ListItem","position":1,"name":"Home","item":"https:\/\/www.arnold-robot.com\/sk\/"},{"@type":"ListItem","position":2,"name":"Konverz\u00e1cia"}]},{"@type":"WebSite","@id":"https:\/\/www.arnold-robot.com\/sk\/#website","url":"https:\/\/www.arnold-robot.com\/sk\/","name":"Arnold Robot","description":"Employee surveys reinvented","publisher":{"@id":"https:\/\/www.arnold-robot.com\/sk\/#organization"},"potentialAction":[{"@type":"SearchAction","target":{"@type":"EntryPoint","urlTemplate":"https:\/\/www.arnold-robot.com\/sk\/?s={search_term_string}"},"query-input":{"@type":"PropertyValueSpecification","valueRequired":true,"valueName":"search_term_string"}}],"inLanguage":"sk-SK"},{"@type":"Organization","@id":"https:\/\/www.arnold-robot.com\/sk\/#organization","name":"Arnold Robot","url":"https:\/\/www.arnold-robot.com\/sk\/","logo":{"@type":"ImageObject","inLanguage":"sk-SK","@id":"https:\/\/www.arnold-robot.com\/sk\/#\/schema\/logo\/image\/","url":"https:\/\/www.arnold-robot.com\/wp-content\/uploads\/2019\/10\/arnold_logo_A.png","contentUrl":"https:\/\/www.arnold-robot.com\/wp-content\/uploads\/2019\/10\/arnold_logo_A.png","width":1808,"height":906,"caption":"Arnold Robot"},"image":{"@id":"https:\/\/www.arnold-robot.com\/sk\/#\/schema\/logo\/image\/"},"sameAs":["https:\/\/www.facebook.com\/Arnold-Robot-411681249444594\/","https:\/\/www.linkedin.com\/company\/arnold-robot\/"]}]}},"_links":{"self":[{"href":"https:\/\/www.arnold-robot.com\/sk\/wp-json\/wp\/v2\/pages\/7550","targetHints":{"allow":["GET"]}}],"collection":[{"href":"https:\/\/www.arnold-robot.com\/sk\/wp-json\/wp\/v2\/pages"}],"about":[{"href":"https:\/\/www.arnold-robot.com\/sk\/wp-json\/wp\/v2\/types\/page"}],"author":[{"embeddable":true,"href":"https:\/\/www.arnold-robot.com\/sk\/wp-json\/wp\/v2\/users\/2"}],"replies":[{"embeddable":true,"href":"https:\/\/www.arnold-robot.com\/sk\/wp-json\/wp\/v2\/comments?post=7550"}],"version-history":[{"count":5,"href":"https:\/\/www.arnold-robot.com\/sk\/wp-json\/wp\/v2\/pages\/7550\/revisions"}],"predecessor-version":[{"id":8467,"href":"https:\/\/www.arnold-robot.com\/sk\/wp-json\/wp\/v2\/pages\/7550\/revisions\/8467"}],"wp:attachment":[{"href":"https:\/\/www.arnold-robot.com\/sk\/wp-json\/wp\/v2\/media?parent=7550"}],"curies":[{"name":"wp","href":"https:\/\/api.w.org\/{rel}","templated":true}]}}