{"id":9258,"date":"2024-05-03T07:34:40","date_gmt":"2024-05-03T07:34:40","guid":{"rendered":"https:\/\/www.arnold-robot.com\/?page_id=9258"},"modified":"2025-03-28T13:49:06","modified_gmt":"2025-03-28T13:49:06","slug":"odporucania-v-oblasti-it","status":"publish","type":"page","link":"https:\/\/www.arnold-robot.com\/sk\/odporucania-v-oblasti-it\/","title":{"rendered":"Odpor\u00fa\u010dania v oblasti IT"},"content":{"rendered":"\t\t<div data-elementor-type=\"wp-page\" data-elementor-id=\"9258\" class=\"elementor elementor-9258 elementor-9256\" data-elementor-post-type=\"page\">\n\t\t\t\t\t\t<section class=\"elementor-section elementor-top-section elementor-element elementor-element-b756caf elementor-section-boxed elementor-section-height-default elementor-section-height-default\" data-id=\"b756caf\" data-element_type=\"section\" data-e-type=\"section\">\n\t\t\t\t\t\t<div class=\"elementor-container elementor-column-gap-default\">\n\t\t\t\t\t<div class=\"elementor-column elementor-col-100 elementor-top-column elementor-element elementor-element-6eda9e1\" data-id=\"6eda9e1\" data-element_type=\"column\" data-e-type=\"column\">\n\t\t\t<div class=\"elementor-widget-wrap elementor-element-populated\">\n\t\t\t\t\t\t<div class=\"elementor-element elementor-element-88ef372 elementor-widget elementor-widget-heading\" data-id=\"88ef372\" data-element_type=\"widget\" data-e-type=\"widget\" data-widget_type=\"heading.default\">\n\t\t\t\t<div class=\"elementor-widget-container\">\n\t\t\t\t\t<h1 class=\"elementor-heading-title elementor-size-default\">Odpor\u00fa\u010dania v oblasti IT<\/h1>\t\t\t\t<\/div>\n\t\t\t\t<\/div>\n\t\t\t\t\t<\/div>\n\t\t<\/div>\n\t\t\t\t\t<\/div>\n\t\t<\/section>\n\t\t\t\t<section class=\"elementor-section elementor-top-section elementor-element elementor-element-1084ed7 elementor-section-boxed elementor-section-height-default elementor-section-height-default\" data-id=\"1084ed7\" data-element_type=\"section\" data-e-type=\"section\">\n\t\t\t\t\t\t<div class=\"elementor-container elementor-column-gap-default\">\n\t\t\t\t\t<div class=\"elementor-column elementor-col-100 elementor-top-column elementor-element elementor-element-5399328\" data-id=\"5399328\" data-element_type=\"column\" data-e-type=\"column\">\n\t\t\t<div class=\"elementor-widget-wrap elementor-element-populated\">\n\t\t\t\t\t\t<div class=\"elementor-element elementor-element-a0cfd7c elementor-widget elementor-widget-text-editor\" data-id=\"a0cfd7c\" data-element_type=\"widget\" data-e-type=\"widget\" data-widget_type=\"text-editor.default\">\n\t\t\t\t<div class=\"elementor-widget-container\">\n\t\t\t\t\t\t\t\t\t<h2>Z\u00e1kladn\u00e9 inform\u00e1cie<\/h2><ul><li>Arnold je n\u00e1stroj na vykon\u00e1vanie zamestnaneck\u00fdch prieskumov pomocou konverza\u010dn\u00e9ho robota.<\/li><li>Na pou\u017e\u00edvanie aplik\u00e1cie Arnold budete potrebova\u0165:<ul><li><strong>Administr\u00e1tora<\/strong><ul><li>Pr\u00edstup na internet prostredn\u00edctvom po\u010d\u00edta\u010da<\/li><li>Funguj\u00facu e-mailov\u00fa adresu<\/li><li>Prehliada\u010d (odpor\u00fa\u010dan\u00fd: Chrome)<\/li><\/ul><\/li><li><strong>Pou\u017e\u00edvatelia<\/strong><ul><li>Pr\u00edstup na internet (po\u010d\u00edta\u010d, tablet, mobiln\u00fd telef\u00f3n s prehliada\u010dom)<\/li><li>Vlastn\u00e1 e-mailov\u00e1 adresa alebo telef\u00f3nne \u010d\u00edslo (na prij\u00edmanie SMS)<\/li><\/ul><\/li><\/ul><\/li><\/ul><h2>Pr\u00edprava str\u00e1nky<\/h2><p>Hoci Arnold vo v\u00e4\u010d\u0161ine pr\u00edpadov funguje okam\u017eite, odpor\u00fa\u010dame pred odoslan\u00edm vykona\u0165 nieko\u013eko krokov:<\/p><ul><li><strong>Nahl\u00e1si\u0165 projekt oddeleniu IT<\/strong><ul><li>Arnold odo\u0161le zamestnancom e-maily (pozv\u00e1nky na konverz\u00e1ciu) z adresy <a href=\"mailto:vaclav.petrzik@almacareer.com\">arnold@survey.arnold-robot.com, <\/a><a href=\"mailto:vaclav.petrzik@almacareer.com\">arnold@guide.arnold-robot.com,<\/a> <a href=\"mailto:vaclav.petrzik@almacareer.com\">arnold@content.arnold-robot.com, <\/a><a href=\"mailto:arnold@arnold-robot.com\">arnold@arnold-robot.com<\/a> a SMS z +420 736 352 420 nebo od odosielate\u013ee Arnold<\/li><li>Aby oddelenie IT nevyhodnotilo tieto e-maily ako SPAM, odpor\u00fa\u010dame im to vopred ozn\u00e1mi\u0165 alebo po\u017eiada\u0165 o zaradenie na bielu listinu\u00a0<a href=\"mailto:vaclav.petrzik@almacareer.com\">arnold@survey.arnold-robot.com, <\/a><a href=\"mailto:vaclav.petrzik@almacareer.com\">arnold@guide.arnold-robot.com,<\/a> <a href=\"mailto:vaclav.petrzik@almacareer.com\">arnold@content.arnold-robot.com, <\/a><a href=\"mailto:arnold@arnold-robot.com\">arnold@arnold-robot.com.<\/a><\/li><li><p>Navrhovan\u00fd dotaz:<br \/><strong><img decoding=\"async\" class=\"emoji\" role=\"img\" draggable=\"false\" src=\"https:\/\/s.w.org\/images\/core\/emoji\/14.0.0\/svg\/2611.svg\" alt=\"\u2611\" \/> Pros\u00edm, zara\u010fte <\/strong>arnold@survey.arnold-robot.com, arnold@guide.arnold-robot.com, arnold@content.arnold-robot.com, arnold@arnold-robot.com\u00a0<strong> (IP adresa 147.253.221.180 a 153.92.242.16.) na whitelist po\u0161tov\u00e9ho servera.<\/strong><\/p><\/li><li>Odpor\u00fa\u010da sa tie\u017e zisti\u0165, \u010di oddelenie IT blokuje slu\u017ebu, ktor\u00e1 rozosiela Arnoldove e-maily.<p>Navrhovan\u00fd dotaz:<br \/><strong><img decoding=\"async\" class=\"emoji\" role=\"img\" draggable=\"false\" src=\"https:\/\/s.w.org\/images\/core\/emoji\/14.0.0\/svg\/2611.svg\" alt=\"\u2611\" \/> Blokuje IT oddelenie e-maily od spolo\u010dnosti SparkPost\/Brevo?<\/strong><br \/><strong><img decoding=\"async\" class=\"emoji\" role=\"img\" draggable=\"false\" src=\"https:\/\/s.w.org\/images\/core\/emoji\/14.0.0\/svg\/2611.svg\" alt=\"\u2611\" \/> Ak \u00e1no, d\u00e1 sa blokovanie vypn\u00fa\u0165?<\/strong><\/p><\/li><\/ul><\/li><li><strong>Testovanie pred spusten\u00edm<\/strong><ul><li>Spolo\u010dnos\u0165 Arnold pou\u017e\u00edva technol\u00f3giu naz\u00fdvan\u00fa WebSocket. Vo v\u00fdnimo\u010dn\u00fdch pr\u00edpadoch je t\u00e1to technol\u00f3gia blokovan\u00e1 oddelen\u00edm IT. Sk\u00faste otvori\u0165 <a href=\"https:\/\/arnold-robot.eu\/cs\/try-me\/\">testovaciu str\u00e1nku<\/a> a 1 min\u00fatu komunikova\u0165 so spolo\u010dnos\u0165ou Arnold. Ak konverz\u00e1cia \u201ezamrzne\u201c, mus\u00edte sa obr\u00e1ti\u0165 na oddelenie IT.<p>Navrhovan\u00fd dotaz:<br \/><strong><img decoding=\"async\" class=\"emoji\" role=\"img\" draggable=\"false\" src=\"https:\/\/s.w.org\/images\/core\/emoji\/14.0.0\/svg\/2611.svg\" alt=\"\u2611\" \/> Mus\u00edme nakonfigurova\u0165 proxy server tak, aby neblokoval WebSocket.<\/strong><\/p><\/li><\/ul><\/li><li><strong>Overenie po prvom odoslan\u00ed<\/strong><ul><li>Po prvom odoslan\u00ed odpor\u00fa\u010dame overi\u0165 u nieko\u013ek\u00fdch zamestnancov, \u010di dostali pozv\u00e1nku od Arnolda a \u010di s n\u00edm viedli pr\u00edjemn\u00fa konverz\u00e1ciu.<\/li><\/ul><\/li><\/ul><h2>Podpora<\/h2><p>Sme dostupn\u00ed na adrese <a href=\"mailto:help.me@arnold-robot.eu\">help.me@arnold-robot.com<\/a><\/p>\t\t\t\t\t\t\t\t<\/div>\n\t\t\t\t<\/div>\n\t\t\t\t\t<\/div>\n\t\t<\/div>\n\t\t\t\t\t<\/div>\n\t\t<\/section>\n\t\t\t\t<\/div>\n\t\t","protected":false},"excerpt":{"rendered":"<p>Odpor\u00fa\u010dania v oblasti IT Z\u00e1kladn\u00e9 inform\u00e1cie Arnold je n\u00e1stroj na vykon\u00e1vanie zamestnaneck\u00fdch prieskumov pomocou konverza\u010dn\u00e9ho robota. Na pou\u017e\u00edvanie aplik\u00e1cie Arnold budete potrebova\u0165: Administr\u00e1tora Pr\u00edstup na internet prostredn\u00edctvom po\u010d\u00edta\u010da Funguj\u00facu e-mailov\u00fa adresu Prehliada\u010d (odpor\u00fa\u010dan\u00fd: Chrome) Pou\u017e\u00edvatelia Pr\u00edstup na internet (po\u010d\u00edta\u010d, tablet, mobiln\u00fd telef\u00f3n s prehliada\u010dom) Vlastn\u00e1 e-mailov\u00e1 adresa alebo telef\u00f3nne \u010d\u00edslo (na prij\u00edmanie SMS) Pr\u00edprava str\u00e1nky [&hellip;]<\/p>\n","protected":false},"author":17,"featured_media":0,"parent":0,"menu_order":0,"comment_status":"closed","ping_status":"closed","template":"elementor_header_footer","meta":{"inline_featured_image":false,"footnotes":""},"class_list":["post-9258","page","type-page","status-publish","hentry"],"yoast_head":"<!-- This site is optimized with the Yoast SEO plugin v27.5 - https:\/\/yoast.com\/product\/yoast-seo-wordpress\/ -->\n<title>Odpor\u00fa\u010dania v oblasti IT - Arnold Robot<\/title>\n<meta name=\"description\" content=\"Odpor\u00fa\u010dania v oblasti IT Z\u00e1kladn\u00e9 inform\u00e1cieArnold je n\u00e1stroj na vykon\u00e1vanie zamestnaneck\u00fdch prieskumov pomocou konverza\u010dn\u00e9ho robota.Na pou\u017e\u00edvanie\" \/>\n<meta name=\"robots\" content=\"index, follow, max-snippet:-1, max-image-preview:large, max-video-preview:-1\" \/>\n<link rel=\"canonical\" href=\"https:\/\/www.arnold-robot.com\/sk\/odporucania-v-oblasti-it\/\" \/>\n<meta property=\"og:locale\" content=\"sk_SK\" \/>\n<meta property=\"og:type\" content=\"article\" \/>\n<meta property=\"og:title\" content=\"Odpor\u00fa\u010dania v oblasti IT - Arnold Robot\" \/>\n<meta property=\"og:description\" content=\"Odpor\u00fa\u010dania v oblasti IT Z\u00e1kladn\u00e9 inform\u00e1cieArnold je n\u00e1stroj na vykon\u00e1vanie zamestnaneck\u00fdch prieskumov pomocou konverza\u010dn\u00e9ho robota.Na pou\u017e\u00edvanie\" \/>\n<meta property=\"og:url\" content=\"https:\/\/www.arnold-robot.com\/sk\/odporucania-v-oblasti-it\/\" \/>\n<meta property=\"og:site_name\" content=\"Arnold Robot\" \/>\n<meta property=\"article:publisher\" content=\"https:\/\/www.facebook.com\/Arnold-Robot-411681249444594\/\" \/>\n<meta property=\"article:modified_time\" content=\"2025-03-28T13:49:06+00:00\" \/>\n<meta property=\"og:image\" content=\"https:\/\/s.w.org\/images\/core\/emoji\/14.0.0\/svg\/2611.svg\" \/>\n<meta name=\"twitter:card\" content=\"summary_large_image\" \/>\n<meta name=\"twitter:label1\" content=\"Predpokladan\u00fd \u010das \u010d\u00edtania\" \/>\n\t<meta name=\"twitter:data1\" content=\"3 min\u00faty\" \/>\n<script type=\"application\/ld+json\" class=\"yoast-schema-graph\">{\"@context\":\"https:\\\/\\\/schema.org\",\"@graph\":[{\"@type\":\"WebPage\",\"@id\":\"https:\\\/\\\/www.arnold-robot.com\\\/sk\\\/odporucania-v-oblasti-it\\\/\",\"url\":\"https:\\\/\\\/www.arnold-robot.com\\\/sk\\\/odporucania-v-oblasti-it\\\/\",\"name\":\"Odpor\u00fa\u010dania v oblasti IT - Arnold Robot\",\"isPartOf\":{\"@id\":\"https:\\\/\\\/www.arnold-robot.com\\\/sk\\\/#website\"},\"primaryImageOfPage\":{\"@id\":\"https:\\\/\\\/www.arnold-robot.com\\\/sk\\\/odporucania-v-oblasti-it\\\/#primaryimage\"},\"image\":{\"@id\":\"https:\\\/\\\/www.arnold-robot.com\\\/sk\\\/odporucania-v-oblasti-it\\\/#primaryimage\"},\"thumbnailUrl\":\"https:\\\/\\\/s.w.org\\\/images\\\/core\\\/emoji\\\/14.0.0\\\/svg\\\/2611.svg\",\"datePublished\":\"2024-05-03T07:34:40+00:00\",\"dateModified\":\"2025-03-28T13:49:06+00:00\",\"description\":\"Odpor\u00fa\u010dania v oblasti IT Z\u00e1kladn\u00e9 inform\u00e1cieArnold je n\u00e1stroj na vykon\u00e1vanie zamestnaneck\u00fdch prieskumov pomocou konverza\u010dn\u00e9ho robota.Na pou\u017e\u00edvanie\",\"breadcrumb\":{\"@id\":\"https:\\\/\\\/www.arnold-robot.com\\\/sk\\\/odporucania-v-oblasti-it\\\/#breadcrumb\"},\"inLanguage\":\"sk-SK\",\"potentialAction\":[{\"@type\":\"ReadAction\",\"target\":[\"https:\\\/\\\/www.arnold-robot.com\\\/sk\\\/odporucania-v-oblasti-it\\\/\"]}]},{\"@type\":\"ImageObject\",\"inLanguage\":\"sk-SK\",\"@id\":\"https:\\\/\\\/www.arnold-robot.com\\\/sk\\\/odporucania-v-oblasti-it\\\/#primaryimage\",\"url\":\"https:\\\/\\\/s.w.org\\\/images\\\/core\\\/emoji\\\/14.0.0\\\/svg\\\/2611.svg\",\"contentUrl\":\"https:\\\/\\\/s.w.org\\\/images\\\/core\\\/emoji\\\/14.0.0\\\/svg\\\/2611.svg\"},{\"@type\":\"BreadcrumbList\",\"@id\":\"https:\\\/\\\/www.arnold-robot.com\\\/sk\\\/odporucania-v-oblasti-it\\\/#breadcrumb\",\"itemListElement\":[{\"@type\":\"ListItem\",\"position\":1,\"name\":\"Home\",\"item\":\"https:\\\/\\\/www.arnold-robot.com\\\/sk\\\/\"},{\"@type\":\"ListItem\",\"position\":2,\"name\":\"Odpor\u00fa\u010dania v oblasti IT\"}]},{\"@type\":\"WebSite\",\"@id\":\"https:\\\/\\\/www.arnold-robot.com\\\/sk\\\/#website\",\"url\":\"https:\\\/\\\/www.arnold-robot.com\\\/sk\\\/\",\"name\":\"Arnold Robot\",\"description\":\"Employee surveys reinvented\",\"publisher\":{\"@id\":\"https:\\\/\\\/www.arnold-robot.com\\\/sk\\\/#organization\"},\"potentialAction\":[{\"@type\":\"SearchAction\",\"target\":{\"@type\":\"EntryPoint\",\"urlTemplate\":\"https:\\\/\\\/www.arnold-robot.com\\\/sk\\\/?s={search_term_string}\"},\"query-input\":{\"@type\":\"PropertyValueSpecification\",\"valueRequired\":true,\"valueName\":\"search_term_string\"}}],\"inLanguage\":\"sk-SK\"},{\"@type\":\"Organization\",\"@id\":\"https:\\\/\\\/www.arnold-robot.com\\\/sk\\\/#organization\",\"name\":\"Arnold Robot\",\"url\":\"https:\\\/\\\/www.arnold-robot.com\\\/sk\\\/\",\"logo\":{\"@type\":\"ImageObject\",\"inLanguage\":\"sk-SK\",\"@id\":\"https:\\\/\\\/www.arnold-robot.com\\\/sk\\\/#\\\/schema\\\/logo\\\/image\\\/\",\"url\":\"https:\\\/\\\/www.arnold-robot.com\\\/wp-content\\\/uploads\\\/2019\\\/10\\\/arnold_logo_A.png\",\"contentUrl\":\"https:\\\/\\\/www.arnold-robot.com\\\/wp-content\\\/uploads\\\/2019\\\/10\\\/arnold_logo_A.png\",\"width\":1808,\"height\":906,\"caption\":\"Arnold Robot\"},\"image\":{\"@id\":\"https:\\\/\\\/www.arnold-robot.com\\\/sk\\\/#\\\/schema\\\/logo\\\/image\\\/\"},\"sameAs\":[\"https:\\\/\\\/www.facebook.com\\\/Arnold-Robot-411681249444594\\\/\",\"https:\\\/\\\/www.linkedin.com\\\/company\\\/arnold-robot\\\/\"]}]}<\/script>\n<!-- \/ Yoast SEO plugin. -->","yoast_head_json":{"title":"Odpor\u00fa\u010dania v oblasti IT - Arnold Robot","description":"Odpor\u00fa\u010dania v oblasti IT Z\u00e1kladn\u00e9 inform\u00e1cieArnold je n\u00e1stroj na vykon\u00e1vanie zamestnaneck\u00fdch prieskumov pomocou konverza\u010dn\u00e9ho robota.Na pou\u017e\u00edvanie","robots":{"index":"index","follow":"follow","max-snippet":"max-snippet:-1","max-image-preview":"max-image-preview:large","max-video-preview":"max-video-preview:-1"},"canonical":"https:\/\/www.arnold-robot.com\/sk\/odporucania-v-oblasti-it\/","og_locale":"sk_SK","og_type":"article","og_title":"Odpor\u00fa\u010dania v oblasti IT - Arnold Robot","og_description":"Odpor\u00fa\u010dania v oblasti IT Z\u00e1kladn\u00e9 inform\u00e1cieArnold je n\u00e1stroj na vykon\u00e1vanie zamestnaneck\u00fdch prieskumov pomocou konverza\u010dn\u00e9ho robota.Na pou\u017e\u00edvanie","og_url":"https:\/\/www.arnold-robot.com\/sk\/odporucania-v-oblasti-it\/","og_site_name":"Arnold Robot","article_publisher":"https:\/\/www.facebook.com\/Arnold-Robot-411681249444594\/","article_modified_time":"2025-03-28T13:49:06+00:00","og_image":[{"url":"https:\/\/s.w.org\/images\/core\/emoji\/14.0.0\/svg\/2611.svg","type":"","width":"","height":""}],"twitter_card":"summary_large_image","twitter_misc":{"Predpokladan\u00fd \u010das \u010d\u00edtania":"3 min\u00faty"},"schema":{"@context":"https:\/\/schema.org","@graph":[{"@type":"WebPage","@id":"https:\/\/www.arnold-robot.com\/sk\/odporucania-v-oblasti-it\/","url":"https:\/\/www.arnold-robot.com\/sk\/odporucania-v-oblasti-it\/","name":"Odpor\u00fa\u010dania v oblasti IT - Arnold Robot","isPartOf":{"@id":"https:\/\/www.arnold-robot.com\/sk\/#website"},"primaryImageOfPage":{"@id":"https:\/\/www.arnold-robot.com\/sk\/odporucania-v-oblasti-it\/#primaryimage"},"image":{"@id":"https:\/\/www.arnold-robot.com\/sk\/odporucania-v-oblasti-it\/#primaryimage"},"thumbnailUrl":"https:\/\/s.w.org\/images\/core\/emoji\/14.0.0\/svg\/2611.svg","datePublished":"2024-05-03T07:34:40+00:00","dateModified":"2025-03-28T13:49:06+00:00","description":"Odpor\u00fa\u010dania v oblasti IT Z\u00e1kladn\u00e9 inform\u00e1cieArnold je n\u00e1stroj na vykon\u00e1vanie zamestnaneck\u00fdch prieskumov pomocou konverza\u010dn\u00e9ho robota.Na pou\u017e\u00edvanie","breadcrumb":{"@id":"https:\/\/www.arnold-robot.com\/sk\/odporucania-v-oblasti-it\/#breadcrumb"},"inLanguage":"sk-SK","potentialAction":[{"@type":"ReadAction","target":["https:\/\/www.arnold-robot.com\/sk\/odporucania-v-oblasti-it\/"]}]},{"@type":"ImageObject","inLanguage":"sk-SK","@id":"https:\/\/www.arnold-robot.com\/sk\/odporucania-v-oblasti-it\/#primaryimage","url":"https:\/\/s.w.org\/images\/core\/emoji\/14.0.0\/svg\/2611.svg","contentUrl":"https:\/\/s.w.org\/images\/core\/emoji\/14.0.0\/svg\/2611.svg"},{"@type":"BreadcrumbList","@id":"https:\/\/www.arnold-robot.com\/sk\/odporucania-v-oblasti-it\/#breadcrumb","itemListElement":[{"@type":"ListItem","position":1,"name":"Home","item":"https:\/\/www.arnold-robot.com\/sk\/"},{"@type":"ListItem","position":2,"name":"Odpor\u00fa\u010dania v oblasti IT"}]},{"@type":"WebSite","@id":"https:\/\/www.arnold-robot.com\/sk\/#website","url":"https:\/\/www.arnold-robot.com\/sk\/","name":"Arnold Robot","description":"Employee surveys reinvented","publisher":{"@id":"https:\/\/www.arnold-robot.com\/sk\/#organization"},"potentialAction":[{"@type":"SearchAction","target":{"@type":"EntryPoint","urlTemplate":"https:\/\/www.arnold-robot.com\/sk\/?s={search_term_string}"},"query-input":{"@type":"PropertyValueSpecification","valueRequired":true,"valueName":"search_term_string"}}],"inLanguage":"sk-SK"},{"@type":"Organization","@id":"https:\/\/www.arnold-robot.com\/sk\/#organization","name":"Arnold Robot","url":"https:\/\/www.arnold-robot.com\/sk\/","logo":{"@type":"ImageObject","inLanguage":"sk-SK","@id":"https:\/\/www.arnold-robot.com\/sk\/#\/schema\/logo\/image\/","url":"https:\/\/www.arnold-robot.com\/wp-content\/uploads\/2019\/10\/arnold_logo_A.png","contentUrl":"https:\/\/www.arnold-robot.com\/wp-content\/uploads\/2019\/10\/arnold_logo_A.png","width":1808,"height":906,"caption":"Arnold Robot"},"image":{"@id":"https:\/\/www.arnold-robot.com\/sk\/#\/schema\/logo\/image\/"},"sameAs":["https:\/\/www.facebook.com\/Arnold-Robot-411681249444594\/","https:\/\/www.linkedin.com\/company\/arnold-robot\/"]}]}},"_links":{"self":[{"href":"https:\/\/www.arnold-robot.com\/sk\/wp-json\/wp\/v2\/pages\/9258","targetHints":{"allow":["GET"]}}],"collection":[{"href":"https:\/\/www.arnold-robot.com\/sk\/wp-json\/wp\/v2\/pages"}],"about":[{"href":"https:\/\/www.arnold-robot.com\/sk\/wp-json\/wp\/v2\/types\/page"}],"author":[{"embeddable":true,"href":"https:\/\/www.arnold-robot.com\/sk\/wp-json\/wp\/v2\/users\/17"}],"replies":[{"embeddable":true,"href":"https:\/\/www.arnold-robot.com\/sk\/wp-json\/wp\/v2\/comments?post=9258"}],"version-history":[{"count":14,"href":"https:\/\/www.arnold-robot.com\/sk\/wp-json\/wp\/v2\/pages\/9258\/revisions"}],"predecessor-version":[{"id":9703,"href":"https:\/\/www.arnold-robot.com\/sk\/wp-json\/wp\/v2\/pages\/9258\/revisions\/9703"}],"wp:attachment":[{"href":"https:\/\/www.arnold-robot.com\/sk\/wp-json\/wp\/v2\/media?parent=9258"}],"curies":[{"name":"wp","href":"https:\/\/api.w.org\/{rel}","templated":true}]}}