{"id":9565,"date":"2025-02-14T18:06:38","date_gmt":"2025-02-14T18:06:38","guid":{"rendered":"https:\/\/www.arnold-robot.com\/?page_id=9565"},"modified":"2026-03-04T04:17:00","modified_gmt":"2026-03-04T04:17:00","slug":"dopyt","status":"publish","type":"page","link":"https:\/\/www.arnold-robot.com\/sk\/dopyt\/","title":{"rendered":"Dopyt"},"content":{"rendered":"\t\t<div data-elementor-type=\"wp-page\" data-elementor-id=\"9565\" class=\"elementor elementor-9565\" data-elementor-post-type=\"page\">\n\t\t\t\t\t\t<section class=\"elementor-section elementor-top-section elementor-element elementor-element-a947c4c elementor-section-boxed elementor-section-height-default elementor-section-height-default\" data-id=\"a947c4c\" data-element_type=\"section\" data-e-type=\"section\">\n\t\t\t\t\t\t<div class=\"elementor-container elementor-column-gap-default\">\n\t\t\t\t\t<div class=\"elementor-column elementor-col-100 elementor-top-column elementor-element elementor-element-c2f980c\" data-id=\"c2f980c\" data-element_type=\"column\" data-e-type=\"column\">\n\t\t\t<div class=\"elementor-widget-wrap elementor-element-populated\">\n\t\t\t\t\t\t<div class=\"elementor-element elementor-element-569c12f elementor-widget elementor-widget-html\" data-id=\"569c12f\" data-element_type=\"widget\" data-e-type=\"widget\" data-widget_type=\"html.default\">\n\t\t\t\t<div class=\"elementor-widget-container\">\n\t\t\t\t\t<div id=\"custom-page\">\r\n  <script>\r\n    (function () {\r\n      const link = document.createElement('link');\r\n      link.rel = 'stylesheet';\r\n      link.href = '\/static\/calc\/css\/main.min.css';\r\n      link.type = 'text\/css';\r\n    \r\n      document.head.appendChild(link);\r\n    })();\r\n\r\n      \r\n    document.addEventListener('DOMContentLoaded', () => {\r\n      const calcForm = document.querySelector('#calc-form');\r\n      if (!calcForm) return;\r\n\r\n      const input = calcForm.querySelector('[name=\"order\"]');\r\n      input.value = localStorage.getItem('arnoldOrder');\r\n    });\r\n  <\/script>\r\n\r\n  <div class=\"section\">\r\n    <div class=\"container\">\r\n      <div class=\"text-center mb-8\">\r\n        <h1 class=\"heading-lg bold mb-8\">Dopyt<\/h1>\r\n        <p class=\"text-text-secondary text-body-xl\">Za\u0161lite n\u00e1m svoj dopyt a my sa v\u00e1m \u010do najsk\u00f4r ozveme a preberieme s vami v\u0161etko, \u010do v\u00e1s zauj\u00edma.<\/p>\r\n      <\/div>\r\n      \r\n      <div class=\"max-md:-mx-4\">\r\n        <div class=\"bg-white px-6 py-12 rounded-lg\">\r\n          \r\n              <form action=\"https:\/\/www.arnold-robot.com\/wp-admin\/admin-post.php\" method=\"post\" class=\"grid sm:grid-cols-2 gap-8 md:gap-x-16\" id=\"calc-form\">\n        <input type=\"hidden\" name=\"action\" value=\"handle_calc_contact_form\">\n        <input type=\"hidden\" name=\"order\" value=\"\">\n        <input type=\"hidden\" name=\"lang\" value=\"sk\">\n        <div>\n            <h2 class=\"heading-md mb-5\">V\u00e1\u0161 nez\u00e1v\u00e4zn\u00fd dopyt<\/h2>\n            <div class=\"grid gap-5\">\n                <div class=\"form-group\">\n                    <label for=\"name\" class=\"form-label\">Meno a priezvisko<\/label>\n                    <input id=\"name\" name=\"name\" type=\"text\" class=\"form-control\" required>\n                <\/div>\n                <div class=\"form-group\">\n                    <label for=\"company\" class=\"form-label\">Spolo\u010dnos\u0165<\/label>\n                    <input id=\"company\" name=\"company\" type=\"text\" class=\"form-control\" required>\n                <\/div>\n                <div class=\"form-group\">\n                    <label for=\"email\" class=\"form-label\">E-mail<\/label>\n                    <input id=\"email\" name=\"email\" type=\"email\" class=\"form-control\" required>\n                <\/div>\n                <div class=\"form-group\">\n                    <label for=\"phone\" class=\"form-label\">Telef\u00f3n (form\u00e1t +421 111 222 333)<\/label>\n                    <input id=\"phone\" name=\"phone\" type=\"tel\" pattern=\"^\\+[1-9]\\d{7,14}$\" class=\"form-control\" required>\n                <\/div>\n            <\/div>\n        <\/div>\n        <div>\n            <h2 class=\"heading-md mb-5\">Va\u0161e kontaktn\u00e9 \u00fadaje<\/h2>\n            <p class=\"text-text-secondary mb-5\">Tu m\u00f4\u017eete spresni\u0165, o ak\u00fa ponuku m\u00e1te z\u00e1ujem. Ozveme sa v\u00e1m a preberieme s vami v\u0161etky mo\u017enosti.<\/p>\n            <div class=\"grid gap-4\">\n                <div class=\"form-check\">\n                    <input type=\"checkbox\" name=\"produkt[]\" class=\"form-check__control\" id=\"predplatne\" value=\"V\u00fdhodn\u00e9 ro\u010dn\u00ed p\u0159edplatn\u00e9\" >\n                    <label for=\"predplatne\" class=\"form-check__label\">V\u00fdhodn\u00e9 ro\u010dn\u00e9 predplatn\u00e9<\/label>\n                <\/div>\n                <div class=\"form-check\">\n                    <input type=\"checkbox\" name=\"produkt[]\" class=\"form-check__control\" id=\"balicky\" value=\"Kreditn\u00ed p\u0159edplatn\u00e9 \u2013 bal\u00ed\u010dky\" >\n                    <label for=\"balicky\" class=\"form-check__label\">Kreditn\u00e9 predplatn\u00e9 \u2013 bal\u00ed\u010dky<\/label>\n                <\/div>\n                <div class=\"form-check\">\n                    <input type=\"checkbox\" name=\"produkt[]\" class=\"form-check__control\" id=\"kredity\" value=\"Kreditn\u00ed p\u0159edplatn\u00e9 \u2013 na m\u00edru\" >\n                    <label for=\"kredity\" class=\"form-check__label\">Kreditn\u00e9 predplatn\u00e9 \u2013 na mieru<\/label>\n                <\/div>\n            <\/div>\n        <\/div>\n        <div>\n            <button type=\"submit\" class=\"btn btn--primary\">Kontaktujte ma<\/button>\n\n            <div class=\"text-text-secondary text-body-sm mt-3\">\n              <p>Spolo\u010dnosti zo skupiny Alma Career bud\u00fa spracov\u00e1va\u0165 poskytnut\u00e9 \u00fadaje s cie\u013eom kontaktovania a komunik\u00e1cie s vami t\u00fdkaj\u00facej sa na\u0161ich slu\u017eieb. <a href=\"https:\/\/almacareer.com\/gdpr\" class=\"link\">Z\u00e1sady ochrany s\u00fakromia<\/a><\/p>\n              <p class=\"mt-4\">Polo\u017eky ozna\u010den\u00e9 * s\u00fa povinn\u00e9.<\/p>\n            <\/div>\n        <\/div>\n    <\/form>\n    \r\n        \r\n        <\/div>\r\n      <\/div>\r\n    \r\n    <\/div>\r\n  <\/div>\r\n<\/div>\t\t\t\t<\/div>\n\t\t\t\t<\/div>\n\t\t\t\t\t<\/div>\n\t\t<\/div>\n\t\t\t\t\t<\/div>\n\t\t<\/section>\n\t\t\t\t<\/div>\n\t\t","protected":false},"excerpt":{"rendered":"<p>Dopyt Za\u0161lite n\u00e1m svoj dopyt a my sa v\u00e1m \u010do najsk\u00f4r ozveme a preberieme s vami v\u0161etko, \u010do v\u00e1s zauj\u00edma.<\/p>\n","protected":false},"author":17,"featured_media":0,"parent":0,"menu_order":0,"comment_status":"closed","ping_status":"closed","template":"elementor_header_footer","meta":{"inline_featured_image":false,"footnotes":""},"class_list":["post-9565","page","type-page","status-publish","hentry"],"yoast_head":"<!-- This site is optimized with the Yoast SEO plugin v27.4 - https:\/\/yoast.com\/product\/yoast-seo-wordpress\/ -->\n<title>Dopyt - Arnold Robot<\/title>\n<meta name=\"description\" content=\"Dopyt     Za\u0161lite n\u00e1m svoj dopyt a my sa v\u00e1m \u010do najsk\u00f4r ozveme a preberieme s vami v\u0161etko, \u010do v\u00e1s zauj\u00edma.\" \/>\n<meta name=\"robots\" content=\"index, follow, max-snippet:-1, max-image-preview:large, max-video-preview:-1\" \/>\n<link rel=\"canonical\" href=\"https:\/\/www.arnold-robot.com\/sk\/dopyt\/\" \/>\n<meta property=\"og:locale\" content=\"sk_SK\" \/>\n<meta property=\"og:type\" content=\"article\" \/>\n<meta property=\"og:title\" content=\"Dopyt - Arnold Robot\" \/>\n<meta property=\"og:description\" content=\"Dopyt     Za\u0161lite n\u00e1m svoj dopyt a my sa v\u00e1m \u010do najsk\u00f4r ozveme a preberieme s vami v\u0161etko, \u010do v\u00e1s zauj\u00edma.\" \/>\n<meta property=\"og:url\" content=\"https:\/\/www.arnold-robot.com\/sk\/dopyt\/\" \/>\n<meta property=\"og:site_name\" content=\"Arnold Robot\" \/>\n<meta property=\"article:publisher\" content=\"https:\/\/www.facebook.com\/Arnold-Robot-411681249444594\/\" \/>\n<meta property=\"article:modified_time\" content=\"2026-03-04T04:17:00+00:00\" \/>\n<meta property=\"og:image\" content=\"https:\/\/www.arnold-robot.com\/wp-content\/uploads\/2020\/10\/ShareTag-EN.jpg\" \/>\n\t<meta property=\"og:image:width\" content=\"1200\" \/>\n\t<meta property=\"og:image:height\" content=\"628\" \/>\n\t<meta property=\"og:image:type\" content=\"image\/jpeg\" \/>\n<meta name=\"twitter:card\" content=\"summary_large_image\" \/>\n<meta name=\"twitter:label1\" content=\"Predpokladan\u00fd \u010das \u010d\u00edtania\" \/>\n\t<meta name=\"twitter:data1\" content=\"1 min\u00fata\" \/>\n<script type=\"application\/ld+json\" class=\"yoast-schema-graph\">{\"@context\":\"https:\\\/\\\/schema.org\",\"@graph\":[{\"@type\":\"WebPage\",\"@id\":\"https:\\\/\\\/www.arnold-robot.com\\\/sk\\\/dopyt\\\/\",\"url\":\"https:\\\/\\\/www.arnold-robot.com\\\/sk\\\/dopyt\\\/\",\"name\":\"Dopyt - Arnold Robot\",\"isPartOf\":{\"@id\":\"https:\\\/\\\/www.arnold-robot.com\\\/sk\\\/#website\"},\"datePublished\":\"2025-02-14T18:06:38+00:00\",\"dateModified\":\"2026-03-04T04:17:00+00:00\",\"description\":\"Dopyt Za\u0161lite n\u00e1m svoj dopyt a my sa v\u00e1m \u010do najsk\u00f4r ozveme a preberieme s vami v\u0161etko, \u010do v\u00e1s zauj\u00edma.\",\"breadcrumb\":{\"@id\":\"https:\\\/\\\/www.arnold-robot.com\\\/sk\\\/dopyt\\\/#breadcrumb\"},\"inLanguage\":\"sk-SK\",\"potentialAction\":[{\"@type\":\"ReadAction\",\"target\":[\"https:\\\/\\\/www.arnold-robot.com\\\/sk\\\/dopyt\\\/\"]}]},{\"@type\":\"BreadcrumbList\",\"@id\":\"https:\\\/\\\/www.arnold-robot.com\\\/sk\\\/dopyt\\\/#breadcrumb\",\"itemListElement\":[{\"@type\":\"ListItem\",\"position\":1,\"name\":\"Home\",\"item\":\"https:\\\/\\\/www.arnold-robot.com\\\/sk\\\/\"},{\"@type\":\"ListItem\",\"position\":2,\"name\":\"Dopyt\"}]},{\"@type\":\"WebSite\",\"@id\":\"https:\\\/\\\/www.arnold-robot.com\\\/sk\\\/#website\",\"url\":\"https:\\\/\\\/www.arnold-robot.com\\\/sk\\\/\",\"name\":\"Arnold Robot\",\"description\":\"Employee surveys reinvented\",\"publisher\":{\"@id\":\"https:\\\/\\\/www.arnold-robot.com\\\/sk\\\/#organization\"},\"potentialAction\":[{\"@type\":\"SearchAction\",\"target\":{\"@type\":\"EntryPoint\",\"urlTemplate\":\"https:\\\/\\\/www.arnold-robot.com\\\/sk\\\/?s={search_term_string}\"},\"query-input\":{\"@type\":\"PropertyValueSpecification\",\"valueRequired\":true,\"valueName\":\"search_term_string\"}}],\"inLanguage\":\"sk-SK\"},{\"@type\":\"Organization\",\"@id\":\"https:\\\/\\\/www.arnold-robot.com\\\/sk\\\/#organization\",\"name\":\"Arnold Robot\",\"url\":\"https:\\\/\\\/www.arnold-robot.com\\\/sk\\\/\",\"logo\":{\"@type\":\"ImageObject\",\"inLanguage\":\"sk-SK\",\"@id\":\"https:\\\/\\\/www.arnold-robot.com\\\/sk\\\/#\\\/schema\\\/logo\\\/image\\\/\",\"url\":\"https:\\\/\\\/www.arnold-robot.com\\\/wp-content\\\/uploads\\\/2019\\\/10\\\/arnold_logo_A.png\",\"contentUrl\":\"https:\\\/\\\/www.arnold-robot.com\\\/wp-content\\\/uploads\\\/2019\\\/10\\\/arnold_logo_A.png\",\"width\":1808,\"height\":906,\"caption\":\"Arnold Robot\"},\"image\":{\"@id\":\"https:\\\/\\\/www.arnold-robot.com\\\/sk\\\/#\\\/schema\\\/logo\\\/image\\\/\"},\"sameAs\":[\"https:\\\/\\\/www.facebook.com\\\/Arnold-Robot-411681249444594\\\/\",\"https:\\\/\\\/www.linkedin.com\\\/company\\\/arnold-robot\\\/\"]}]}<\/script>\n<!-- \/ Yoast SEO plugin. -->","yoast_head_json":{"title":"Dopyt - Arnold Robot","description":"Dopyt     Za\u0161lite n\u00e1m svoj dopyt a my sa v\u00e1m \u010do najsk\u00f4r ozveme a preberieme s vami v\u0161etko, \u010do v\u00e1s zauj\u00edma.","robots":{"index":"index","follow":"follow","max-snippet":"max-snippet:-1","max-image-preview":"max-image-preview:large","max-video-preview":"max-video-preview:-1"},"canonical":"https:\/\/www.arnold-robot.com\/sk\/dopyt\/","og_locale":"sk_SK","og_type":"article","og_title":"Dopyt - Arnold Robot","og_description":"Dopyt     Za\u0161lite n\u00e1m svoj dopyt a my sa v\u00e1m \u010do najsk\u00f4r ozveme a preberieme s vami v\u0161etko, \u010do v\u00e1s zauj\u00edma.","og_url":"https:\/\/www.arnold-robot.com\/sk\/dopyt\/","og_site_name":"Arnold Robot","article_publisher":"https:\/\/www.facebook.com\/Arnold-Robot-411681249444594\/","article_modified_time":"2026-03-04T04:17:00+00:00","og_image":[{"width":1200,"height":628,"url":"https:\/\/www.arnold-robot.com\/wp-content\/uploads\/2020\/10\/ShareTag-EN.jpg","type":"image\/jpeg"}],"twitter_card":"summary_large_image","twitter_misc":{"Predpokladan\u00fd \u010das \u010d\u00edtania":"1 min\u00fata"},"schema":{"@context":"https:\/\/schema.org","@graph":[{"@type":"WebPage","@id":"https:\/\/www.arnold-robot.com\/sk\/dopyt\/","url":"https:\/\/www.arnold-robot.com\/sk\/dopyt\/","name":"Dopyt - Arnold Robot","isPartOf":{"@id":"https:\/\/www.arnold-robot.com\/sk\/#website"},"datePublished":"2025-02-14T18:06:38+00:00","dateModified":"2026-03-04T04:17:00+00:00","description":"Dopyt Za\u0161lite n\u00e1m svoj dopyt a my sa v\u00e1m \u010do najsk\u00f4r ozveme a preberieme s vami v\u0161etko, \u010do v\u00e1s zauj\u00edma.","breadcrumb":{"@id":"https:\/\/www.arnold-robot.com\/sk\/dopyt\/#breadcrumb"},"inLanguage":"sk-SK","potentialAction":[{"@type":"ReadAction","target":["https:\/\/www.arnold-robot.com\/sk\/dopyt\/"]}]},{"@type":"BreadcrumbList","@id":"https:\/\/www.arnold-robot.com\/sk\/dopyt\/#breadcrumb","itemListElement":[{"@type":"ListItem","position":1,"name":"Home","item":"https:\/\/www.arnold-robot.com\/sk\/"},{"@type":"ListItem","position":2,"name":"Dopyt"}]},{"@type":"WebSite","@id":"https:\/\/www.arnold-robot.com\/sk\/#website","url":"https:\/\/www.arnold-robot.com\/sk\/","name":"Arnold Robot","description":"Employee surveys reinvented","publisher":{"@id":"https:\/\/www.arnold-robot.com\/sk\/#organization"},"potentialAction":[{"@type":"SearchAction","target":{"@type":"EntryPoint","urlTemplate":"https:\/\/www.arnold-robot.com\/sk\/?s={search_term_string}"},"query-input":{"@type":"PropertyValueSpecification","valueRequired":true,"valueName":"search_term_string"}}],"inLanguage":"sk-SK"},{"@type":"Organization","@id":"https:\/\/www.arnold-robot.com\/sk\/#organization","name":"Arnold Robot","url":"https:\/\/www.arnold-robot.com\/sk\/","logo":{"@type":"ImageObject","inLanguage":"sk-SK","@id":"https:\/\/www.arnold-robot.com\/sk\/#\/schema\/logo\/image\/","url":"https:\/\/www.arnold-robot.com\/wp-content\/uploads\/2019\/10\/arnold_logo_A.png","contentUrl":"https:\/\/www.arnold-robot.com\/wp-content\/uploads\/2019\/10\/arnold_logo_A.png","width":1808,"height":906,"caption":"Arnold Robot"},"image":{"@id":"https:\/\/www.arnold-robot.com\/sk\/#\/schema\/logo\/image\/"},"sameAs":["https:\/\/www.facebook.com\/Arnold-Robot-411681249444594\/","https:\/\/www.linkedin.com\/company\/arnold-robot\/"]}]}},"_links":{"self":[{"href":"https:\/\/www.arnold-robot.com\/sk\/wp-json\/wp\/v2\/pages\/9565","targetHints":{"allow":["GET"]}}],"collection":[{"href":"https:\/\/www.arnold-robot.com\/sk\/wp-json\/wp\/v2\/pages"}],"about":[{"href":"https:\/\/www.arnold-robot.com\/sk\/wp-json\/wp\/v2\/types\/page"}],"author":[{"embeddable":true,"href":"https:\/\/www.arnold-robot.com\/sk\/wp-json\/wp\/v2\/users\/17"}],"replies":[{"embeddable":true,"href":"https:\/\/www.arnold-robot.com\/sk\/wp-json\/wp\/v2\/comments?post=9565"}],"version-history":[{"count":7,"href":"https:\/\/www.arnold-robot.com\/sk\/wp-json\/wp\/v2\/pages\/9565\/revisions"}],"predecessor-version":[{"id":10398,"href":"https:\/\/www.arnold-robot.com\/sk\/wp-json\/wp\/v2\/pages\/9565\/revisions\/10398"}],"wp:attachment":[{"href":"https:\/\/www.arnold-robot.com\/sk\/wp-json\/wp\/v2\/media?parent=9565"}],"curies":[{"name":"wp","href":"https:\/\/api.w.org\/{rel}","templated":true}]}}